{"id":31,"date":"2018-01-24T10:00:50","date_gmt":"2018-01-24T08:00:50","guid":{"rendered":"http:\/\/localhost\/wp\/?page_id=31"},"modified":"2022-03-04T16:27:25","modified_gmt":"2022-03-04T14:27:25","slug":"etusivu","status":"publish","type":"page","link":"https:\/\/ihmo.fi\/etusivu\/","title":{"rendered":"Etusivu"},"content":{"rendered":"<div id=\"pl-31\"  class=\"panel-layout\" >\n<div id=\"pg-31-0\"  class=\"panel-grid panel-has-style\"  data-style=\"{&quot;padding&quot;:&quot;0px 0px 0px 0px&quot;,&quot;background_display&quot;:&quot;tile&quot;,&quot;bottom_margin&quot;:&quot;0px&quot;,&quot;gutter&quot;:&quot;0px&quot;,&quot;cell_alignment&quot;:&quot;flex-start&quot;}\"  data-ratio=\"1\"  data-ratio-direction=\"right\" >\n<div class=\"panel-row-style panel-row-style-for-31-0\" >\n<div id=\"pgc-31-0-0\"  class=\"panel-grid-cell\"  data-weight=\"1\" >\n<div id=\"panel-31-0-0-0\" class=\"so-panel widget widget_sow-slider panel-first-child panel-last-child\" data-index=\"0\" data-style=\"{&quot;padding&quot;:&quot;0px 0px 0px 0px&quot;,&quot;background_image_attachment&quot;:false,&quot;background_display&quot;:&quot;center&quot;}\" >\n<div class=\"panel-widget-style panel-widget-style-for-31-0-0-0\" >[siteorigin_widget class=&#8221;SiteOrigin_Widget_Slider_Widget&#8221;]<input type=\"hidden\" value=\"{&quot;instance&quot;:{&quot;frames&quot;:[{&quot;background_image&quot;:4630,&quot;background_image_fallback&quot;:&quot;&quot;,&quot;background_color&quot;:false,&quot;background_image_type&quot;:&quot;cover&quot;,&quot;foreground_image&quot;:0,&quot;foreground_image_fallback&quot;:&quot;&quot;,&quot;url&quot;:&quot;&quot;,&quot;background_videos&quot;:[],&quot;new_window&quot;:false},{&quot;background_image&quot;:4631,&quot;background_image_fallback&quot;:&quot;&quot;,&quot;background_color&quot;:false,&quot;background_image_type&quot;:&quot;cover&quot;,&quot;foreground_image&quot;:0,&quot;foreground_image_fallback&quot;:&quot;&quot;,&quot;url&quot;:&quot;&quot;,&quot;background_videos&quot;:[],&quot;new_window&quot;:false},{&quot;background_image&quot;:4632,&quot;background_image_fallback&quot;:&quot;&quot;,&quot;background_color&quot;:false,&quot;background_image_type&quot;:&quot;cover&quot;,&quot;foreground_image&quot;:0,&quot;foreground_image_fallback&quot;:&quot;&quot;,&quot;url&quot;:&quot;&quot;,&quot;background_videos&quot;:[],&quot;new_window&quot;:false},{&quot;background_image&quot;:4631,&quot;background_image_fallback&quot;:&quot;&quot;,&quot;background_color&quot;:false,&quot;background_image_type&quot;:&quot;cover&quot;,&quot;foreground_image&quot;:0,&quot;foreground_image_fallback&quot;:&quot;&quot;,&quot;url&quot;:&quot;&quot;,&quot;background_videos&quot;:[],&quot;new_window&quot;:false}],&quot;controls&quot;:{&quot;speed&quot;:1000,&quot;timeout&quot;:8000,&quot;nav_color_hex&quot;:&quot;#FFFFFF&quot;,&quot;nav_style&quot;:&quot;ultra-thin&quot;,&quot;nav_size&quot;:1,&quot;so_field_container_state&quot;:&quot;open&quot;,&quot;nav_always_show_mobile&quot;:false,&quot;swipe&quot;:false,&quot;background_video_mobile&quot;:false},&quot;_sow_form_id&quot;:&quot;5a967a7c52464&quot;,&quot;_sow_form_timestamp&quot;:&quot;1646404036654&quot;,&quot;so_sidebar_emulator_id&quot;:&quot;sow-slider-3110000&quot;,&quot;option_name&quot;:&quot;widget_sow-slider&quot;},&quot;args&quot;:{&quot;before_widget&quot;:&quot;&lt;div id=\\&quot;panel-31-0-0-0\\&quot; class=\\&quot;so-panel widget widget_sow-slider panel-first-child panel-last-child\\&quot; data-index=\\&quot;0\\&quot; data-style=\\&quot;{&amp;quot;padding&amp;quot;:&amp;quot;0px 0px 0px 0px&amp;quot;,&amp;quot;background_image_attachment&amp;quot;:false,&amp;quot;background_display&amp;quot;:&amp;quot;center&amp;quot;}\\&quot; &gt;&lt;div class=\\&quot;panel-widget-style panel-widget-style-for-31-0-0-0\\&quot; &gt;&quot;,&quot;after_widget&quot;:&quot;&lt;\\\/div&gt;&lt;\\\/div&gt;&quot;,&quot;before_title&quot;:&quot;&lt;h3 class=\\&quot;widget-title\\&quot;&gt;&quot;,&quot;after_title&quot;:&quot;&lt;\\\/h3&gt;&quot;,&quot;widget_id&quot;:&quot;widget-0-0-0&quot;}}\" \/>[\/siteorigin_widget]<\/div>\n<\/div>\n<\/div>\n<\/div>\n<\/div>\n<div id=\"pg-31-1\"  class=\"panel-grid panel-has-style\"  data-style=\"{&quot;padding&quot;:&quot;0% 1% 0% 1%&quot;,&quot;background_display&quot;:&quot;tile&quot;,&quot;cell_alignment&quot;:&quot;flex-start&quot;}\" >\n<div class=\"panel-row-style panel-row-style-for-31-1\" >\n<div id=\"pgc-31-1-0\"  class=\"panel-grid-cell\"  data-weight=\"1\" >\n<div id=\"panel-31-1-0-0\" class=\"so-panel widget widget_sow-editor panel-first-child\" data-index=\"1\" data-style=\"{&quot;padding&quot;:&quot;5% 35% 5% 5%&quot;,&quot;background&quot;:&quot;#ffffff&quot;,&quot;background_image_attachment&quot;:false,&quot;background_display&quot;:&quot;tile&quot;}\" >\n<div class=\"panel-widget-style panel-widget-style-for-31-1-0-0\" >\n<div class=\"so-widget-sow-editor so-widget-sow-editor-base\">\n<div class=\"siteorigin-widget-tinymce textwidget\">\n<div id=\"kalenteri\">[iframe_tapahtumat_ihmo]<\/div>\n<div>\n<h1>It\u00e4-Helsingin musiikkiopisto<\/h1>\n<div class=\"fp_text_padded\">\n<p>It\u00e4-Helsingin musiikkiopisto antaa musiikin laajan oppim\u00e4\u00e4r\u00e4n mukaista perusopetusta lapsille ja nuorille sek\u00e4 valmennusta alan ammattiopintoihin aikoville. Laaja oppim\u00e4\u00e4r\u00e4 muodostuu musiikin perustason ja sille rakentuvan musiikkiopistotason opinnoista\u2026<\/p>\n<p><a href=\"https:\/\/ihmo.fi\/etusivu\/musiikinopiskelu\/solistiset-opetusaineet\/\">Lue lis\u00e4\u00e4<\/a><\/p>\n<\/div>\n<\/div>\n<div id=\"fp_container\">\n<div id=\"fp_right\">\n<div class=\"fp_bottom\"><a href=\"https:\/\/ihmo.fi\/etusivu\/yhteystiedot\/karttasivu\/?lat=60.19975&amp;lng=25.065265\">N\u00e4in l\u00f6yd\u00e4t perille<\/a><\/div>\n<\/div>\n<\/div>\n<\/div>\n<\/div>\n<\/div>\n<\/div>\n<div id=\"panel-31-1-0-1\" class=\"so-panel widget widget_wp_statsmechanic panel-last-child\" data-index=\"2\" data-style=\"{&quot;background_image_attachment&quot;:false,&quot;background_display&quot;:&quot;tile&quot;}\" >[siteorigin_widget class=&#8221;Wp_StatsMechanic&#8221;]<input type=\"hidden\" value=\"{&quot;instance&quot;:{&quot;title&quot;:&quot;&quot;,&quot;font_color&quot;:&quot;&quot;,&quot;count_start&quot;:&quot;&quot;,&quot;hits_start&quot;:&quot;&quot;,&quot;count_length&quot;:&quot;&quot;,&quot;statsmechanic_align&quot;:&quot;&quot;,&quot;so_sidebar_emulator_id&quot;:&quot;wp_statsmechanic-3110002&quot;,&quot;option_name&quot;:&quot;widget_wp_statsmechanic&quot;},&quot;args&quot;:{&quot;before_widget&quot;:&quot;&lt;div id=\\&quot;panel-31-1-0-1\\&quot; class=\\&quot;so-panel widget widget_wp_statsmechanic panel-last-child\\&quot; data-index=\\&quot;2\\&quot; data-style=\\&quot;{&amp;quot;background_image_attachment&amp;quot;:false,&amp;quot;background_display&amp;quot;:&amp;quot;tile&amp;quot;}\\&quot; &gt;&quot;,&quot;after_widget&quot;:&quot;&lt;\\\/div&gt;&quot;,&quot;before_title&quot;:&quot;&lt;h3 class=\\&quot;widget-title\\&quot;&gt;&quot;,&quot;after_title&quot;:&quot;&lt;\\\/h3&gt;&quot;,&quot;widget_id&quot;:&quot;widget-1-0-1&quot;}}\" \/>[\/siteorigin_widget]<\/div>\n<\/div>\n<\/div>\n<\/div>\n<\/div>\n","protected":false},"excerpt":{"rendered":"<p>[siteorigin_widget class=&#8221;SiteOrigin_Widget_Slider_Widget&#8221;][\/siteorigin_widget] [iframe_tapahtumat_ihmo] It\u00e4-Helsingin musiikkiopisto It\u00e4-Helsingin musiikkiopisto antaa musiikin laajan oppim\u00e4\u00e4r\u00e4n mukaista perusopetusta lapsille ja nuorille sek\u00e4 valmennusta alan ammattiopintoihin aikoville. Laaja oppim\u00e4\u00e4r\u00e4 muodostuu musiikin perustason ja sille rakentuvan musiikkiopistotason opinnoista\u2026 Lue lis\u00e4\u00e4 N\u00e4in l\u00f6yd\u00e4t perille [siteorigin_widget class=&#8221;Wp_StatsMechanic&#8221;][\/siteorigin_widget]<\/p>\n","protected":false},"author":1,"featured_media":0,"parent":0,"menu_order":0,"comment_status":"closed","ping_status":"closed","template":"","meta":{"footnotes":""},"class_list":["post-31","page","type-page","status-publish"],"_links":{"self":[{"href":"https:\/\/ihmo.fi\/etusivu\/wp-json\/wp\/v2\/pages\/31","targetHints":{"allow":["GET"]}}],"collection":[{"href":"https:\/\/ihmo.fi\/etusivu\/wp-json\/wp\/v2\/pages"}],"about":[{"href":"https:\/\/ihmo.fi\/etusivu\/wp-json\/wp\/v2\/types\/page"}],"author":[{"embeddable":true,"href":"https:\/\/ihmo.fi\/etusivu\/wp-json\/wp\/v2\/users\/1"}],"replies":[{"embeddable":true,"href":"https:\/\/ihmo.fi\/etusivu\/wp-json\/wp\/v2\/comments?post=31"}],"version-history":[{"count":144,"href":"https:\/\/ihmo.fi\/etusivu\/wp-json\/wp\/v2\/pages\/31\/revisions"}],"predecessor-version":[{"id":4636,"href":"https:\/\/ihmo.fi\/etusivu\/wp-json\/wp\/v2\/pages\/31\/revisions\/4636"}],"wp:attachment":[{"href":"https:\/\/ihmo.fi\/etusivu\/wp-json\/wp\/v2\/media?parent=31"}],"curies":[{"name":"wp","href":"https:\/\/api.w.org\/{rel}","templated":true}]}}