{"id":16212,"date":"2025-01-30T14:25:41","date_gmt":"2025-01-30T12:25:41","guid":{"rendered":"https:\/\/ihmo.fi\/ihmo\/?page_id=16212"},"modified":"2025-03-04T10:00:58","modified_gmt":"2025-03-04T08:00:58","slug":"kodaly-viikko-2025","status":"publish","type":"page","link":"https:\/\/ihmo.fi\/ihmo\/ajankohtaista-2\/kodaly-viikko-2025\/","title":{"rendered":"Kodaly viikko 2025"},"content":{"rendered":"\t\t<div data-elementor-type=\"wp-page\" data-elementor-id=\"16212\" class=\"elementor elementor-16212\" data-elementor-post-type=\"page\">\n\t\t\t\t<div class=\"elementor-element elementor-element-5f24f94 e-flex e-con-boxed e-con e-parent\" data-id=\"5f24f94\" data-element_type=\"container\" data-e-type=\"container\">\n\t\t\t\t\t<div class=\"e-con-inner\">\n\t\t\t\t<div class=\"elementor-element elementor-element-3bec7f6 elementor-widget elementor-widget-heading\" data-id=\"3bec7f6\" data-element_type=\"widget\" data-e-type=\"widget\" data-widget_type=\"heading.default\">\n\t\t\t\t<div class=\"elementor-widget-container\">\n\t\t\t\t\t<h2 class=\"elementor-heading-title elementor-size-default\">Kod\u00e1ly-viikko 2025<\/h2>\t\t\t\t<\/div>\n\t\t\t\t<\/div>\n\t\t\t\t\t<\/div>\n\t\t\t\t<\/div>\n\t\t<div class=\"elementor-element elementor-element-752b4c4 e-flex e-con-boxed e-con e-parent\" data-id=\"752b4c4\" data-element_type=\"container\" data-e-type=\"container\">\n\t\t\t\t\t<div class=\"e-con-inner\">\n\t\t\t\t<div class=\"elementor-element elementor-element-0118ffe elementor-arrows-position-inside elementor-pagination-position-outside elementor-widget elementor-widget-image-carousel\" data-id=\"0118ffe\" data-element_type=\"widget\" data-e-type=\"widget\" data-settings=\"{&quot;slides_to_show&quot;:&quot;1&quot;,&quot;navigation&quot;:&quot;both&quot;,&quot;autoplay&quot;:&quot;yes&quot;,&quot;pause_on_hover&quot;:&quot;yes&quot;,&quot;pause_on_interaction&quot;:&quot;yes&quot;,&quot;autoplay_speed&quot;:5000,&quot;infinite&quot;:&quot;yes&quot;,&quot;effect&quot;:&quot;slide&quot;,&quot;speed&quot;:500}\" data-widget_type=\"image-carousel.default\">\n\t\t\t\t<div class=\"elementor-widget-container\">\n\t\t\t\t\t\t\t<div class=\"elementor-image-carousel-wrapper swiper\" role=\"region\" aria-roledescription=\"carousel\" aria-label=\"Kuvakaruselli\" dir=\"ltr\">\n\t\t\t<div class=\"elementor-image-carousel swiper-wrapper\" aria-live=\"off\">\n\t\t\t\t\t\t\t\t<div class=\"swiper-slide\" role=\"group\" aria-roledescription=\"slide\" aria-label=\"1 of 2\"><figure class=\"swiper-slide-inner\"><img decoding=\"async\" class=\"swiper-slide-image\" src=\"https:\/\/ihmo.fi\/ihmo\/wp-content\/uploads\/elementor\/thumbs\/Kodaly_viikko_2025s1-1-r0ro7ecfj5qrzcwmbf10n3o4vkeqvyzokqqs6cejuo.png\" alt=\"Kodaly_viikko_2025s1\" \/><\/figure><\/div><div class=\"swiper-slide\" role=\"group\" aria-roledescription=\"slide\" aria-label=\"2 of 2\"><figure class=\"swiper-slide-inner\"><img decoding=\"async\" class=\"swiper-slide-image\" src=\"https:\/\/ihmo.fi\/ihmo\/wp-content\/uploads\/elementor\/thumbs\/Kodaly_viikko_2025s2-7-r0rpsjx53hzfxrvvkmfcr6g580p7xew43msnp1nri8.png\" alt=\"Kodaly_viikko_2025s2\" \/><\/figure><\/div>\t\t\t<\/div>\n\t\t\t\t\t\t\t\t\t\t\t\t<div class=\"elementor-swiper-button elementor-swiper-button-prev\" role=\"button\" tabindex=\"0\">\n\t\t\t\t\t\t<svg aria-hidden=\"true\" class=\"e-font-icon-svg e-eicon-chevron-left\" viewBox=\"0 0 1000 1000\" xmlns=\"http:\/\/www.w3.org\/2000\/svg\"><path d=\"M646 125C629 125 613 133 604 142L308 442C296 454 292 471 292 487 292 504 296 521 308 533L604 854C617 867 629 875 646 875 663 875 679 871 692 858 704 846 713 829 713 812 713 796 708 779 692 767L438 487 692 225C700 217 708 204 708 187 708 171 704 154 692 142 675 129 663 125 646 125Z\"><\/path><\/svg>\t\t\t\t\t<\/div>\n\t\t\t\t\t<div class=\"elementor-swiper-button elementor-swiper-button-next\" role=\"button\" tabindex=\"0\">\n\t\t\t\t\t\t<svg aria-hidden=\"true\" class=\"e-font-icon-svg e-eicon-chevron-right\" viewBox=\"0 0 1000 1000\" xmlns=\"http:\/\/www.w3.org\/2000\/svg\"><path d=\"M696 533C708 521 713 504 713 487 713 471 708 454 696 446L400 146C388 133 375 125 354 125 338 125 325 129 313 142 300 154 292 171 292 187 292 204 296 221 308 233L563 492 304 771C292 783 288 800 288 817 288 833 296 850 308 863 321 871 338 875 354 875 371 875 388 867 400 854L696 533Z\"><\/path><\/svg>\t\t\t\t\t<\/div>\n\t\t\t\t\n\t\t\t\t\t\t\t\t\t<div class=\"swiper-pagination\"><\/div>\n\t\t\t\t\t\t\t\t\t<\/div>\n\t\t\t\t\t\t<\/div>\n\t\t\t\t<\/div>\n\t\t\t\t<div class=\"elementor-element elementor-element-3f27d39 elementor-widget elementor-widget-text-editor\" data-id=\"3f27d39\" data-element_type=\"widget\" data-e-type=\"widget\" data-widget_type=\"text-editor.default\">\n\t\t\t\t<div class=\"elementor-widget-container\">\n\t\t\t\t\t\t\t\t\t<p>36. Kansainv\u00e4linen Kod\u00e1ly-viikko levitt\u00e4ytyy taas kerran eri puolille p\u00e4\u00e4kaupunkiseutua <strong>Musiikki kuuluu kaikille<\/strong> -teeman mukaisesti.\u00a0<\/p><p>Tapahtumaviikolla j\u00e4rjestet\u00e4\u00e4n lukuisia konserttia eri puolilla p\u00e4\u00e4kaupunkiseutua. Jaamme musiikin iloa ja merkityksellisyytt\u00e4 konserttien ja tapahtumien muodossa mahdollisimman laajasti. Konsertteja j\u00e4rjestet\u00e4\u00e4n perinteisten konserttisalien lis\u00e4ksi kirjastoissa, kouluissa, ja hoivakodeissa. Konsertteihin kutsutaan my\u00f6s p\u00e4iv\u00e4kotilapsia ja muskariryhmi\u00e4. Viikko huipentuu It\u00e4-Helsingin musiikkiopiston koko perheen Soitinpolkup\u00e4iv\u00e4\u00e4n lauantaina 8.3. klo 10.30-14.00 Iiris-keskuksessa (os. Marjaniementie 74). Soitinpolun konserteissa ja soitinluokissa p\u00e4\u00e4set opettajien kanssa tutustumassa soittimiin.\u00a0 \u00a0\u00a0<\/p><p>Kod\u00e1ly-viikon organisoi It\u00e4-Helsingin musiikkiopisto. Yhteisty\u00f6ss\u00e4 mukana ovat Liszt-instituutti Unkarin kulttuurikeskus Helsinki, Musiikkiopisto Juvenalia, Espoon Musiikkiopisto, Musiikkiopisto Avonia, Lappeenrannan musiikkiopisto, Lauttasaaren musiikkiopisto, Sellosali, Tapiolan kirkko ja Musiikkitalo.\u00a0 \u00a0<\/p><p>Osa festivaaliviikon konserteista striimataan It\u00e4-Helsingin musiikkiopiston YouTube kanavalla. Suora linkki konserttiin l\u00f6ytyy konserttiesittelyn yhteydest\u00e4.<\/p><p>Kod\u00e1ly-viikon taiteellisina johtajina ovat <em>Kristiina Junttu <\/em>ja <em>Katariina Z\u00e1borszky<\/em>\u00a0ja tuottajana <em>Heidi Viksten.<\/em><\/p><p>Kaikkiin konsertteihin on vapaa p\u00e4\u00e4sy. L\u00e4mpim\u00e4sti tervetuloa!<\/p>\t\t\t\t\t\t\t\t<\/div>\n\t\t\t\t<\/div>\n\t\t\t\t\t<\/div>\n\t\t\t\t<\/div>\n\t\t<div class=\"elementor-element elementor-element-bb174ca e-flex e-con-boxed e-con e-parent\" data-id=\"bb174ca\" data-element_type=\"container\" data-e-type=\"container\">\n\t\t\t\t\t<div class=\"e-con-inner\">\n\t\t\t\t<div class=\"elementor-element elementor-element-c1ddb46 elementor-widget elementor-widget-heading\" data-id=\"c1ddb46\" data-element_type=\"widget\" data-e-type=\"widget\" data-widget_type=\"heading.default\">\n\t\t\t\t<div class=\"elementor-widget-container\">\n\t\t\t\t\t<h2 class=\"elementor-heading-title elementor-size-default\">Kod\u00e1ly-viikon konsertit<\/h2>\t\t\t\t<\/div>\n\t\t\t\t<\/div>\n\t\t\t\t<div class=\"elementor-element elementor-element-ab4d3d7 elementor-widget elementor-widget-text-editor\" data-id=\"ab4d3d7\" data-element_type=\"widget\" data-e-type=\"widget\" data-widget_type=\"text-editor.default\">\n\t\t\t\t<div class=\"elementor-widget-container\">\n\t\t\t\t\t\t\t\t\t<p><strong>ma 3.3. klo 18.00 Talven taittuessa, Avajaiskonsertti<br \/><\/strong>Konsertti striimataan <a href=\"https:\/\/youtube.com\/playlist?list=PLszVzrR4SZGN5tXGRhrFWIeWm5sun3a09&amp;feature=shared\">YouTube-kanavalla<\/a><strong><br \/><\/strong>Liszt-instituutti, Kaisaniemenkatu 10, Helsinki<\/p><p><strong>ti 4.3. klo 19.00 Tuulen tie<\/strong><br \/>It\u00e4-Helsingin musiikkiopiston ja Musiikkiopisto Juvenalian puhallinyhtyeiden konsertti<br \/>Sellosali, Soittoniekanaukio 1 A, Espoo<\/p><p><strong>ke 5.3. klo 19.00 Yhdess\u00e4<\/strong><br \/>Jousiyhtyeiden ja Harmonix-orkesterin konsertti<br \/>Temppeliaukion kirkko, Lutherinkatu 3, Helsinki<br \/>Konsertti striimataan <a href=\"https:\/\/youtube.com\/playlist?list=PLszVzrR4SZGN5tXGRhrFWIeWm5sun3a09&amp;feature=shared\">YouTube-kanavalla<\/a><\/p><p><strong>to 6.3. klo 14.00 Kev\u00e4tt\u00e4 kohti yhdess\u00e4 laulaen<\/strong><br \/>Lauluhetki senioreille ja muille iloisille laulajille. Musiikista vastaa IHMOn opettajat ja oppilaat.<br \/>Musiikkitalo, p\u00e4\u00e4l\u00e4mpi\u00f6, Mannerheimintie 13 A<\/p><p><strong>to 6.3. klo 18.00 Matalia resonansseja<\/strong><br \/>IHMOn ja Musiikkiopisto Juvenalian kontrabasistien konsertti<br \/>It\u00e4-Helsingin musiikkiopisto, Ahti Sonninen-sali, Untuvaisentie 10<\/p><p><strong>to 6.3. klo 19.00 Opettajien nuottikaapeista<\/strong><br \/>It\u00e4-Helsingin musiikkiopiston opettajien konsertti<br \/>Hakasalmen huvila, Mannerheimintie 13 B<\/p><p><strong>pe 7.3. klo 18.00 Kev\u00e4\u00e4n kynnyksell\u00e4<\/strong><br \/>Harmoniasoitinyhtyeiden kavalkadi. IHMOn, Musiikkiopisto Avonian ja Lappeenrannan musiikkiopiston yhteiskonsertti<br \/>It\u00e4-Helsingin musiikkiopisto, Ahti Sonninen -sali, Untuvaisentie 10<br \/>Konsertti striimataan <a href=\"https:\/\/youtube.com\/playlist?list=PLszVzrR4SZGN5tXGRhrFWIeWm5sun3a09&amp;feature=shared\">YouTube-kanavalla<\/a><\/p><p><strong>pe 7.3. klo 19.00 Vaskien s\u00e4ihkett\u00e4<\/strong><br \/>EMOn ja IHMOn Vaskihankeen yhteiskonsertti<br \/>Tapiolan kirkko, Kirkkopolku 6, Espoo<\/p><p><strong>la 8.3. klo 10.30-14.00 Soitinpolkup\u00e4iv\u00e4<\/strong><br \/>Soitinesittelyj\u00e4 ja konsertteja koko perheelle. Tule ja l\u00f6yd\u00e4 oma musiikkipolkusi!<br \/>Iiris-keskus, Marjaniementie 74, Helsinki<\/p><p>Lis\u00e4tietoja p\u00e4iv\u00e4kohtaisesti kaikista konserteista p\u00e4ivittyy helmikuun aikana:<\/p>\t\t\t\t\t\t\t\t<\/div>\n\t\t\t\t<\/div>\n\t\t\t\t\t<\/div>\n\t\t\t\t<\/div>\n\t\t<div class=\"elementor-element elementor-element-8c33206 e-flex e-con-boxed e-con e-parent\" data-id=\"8c33206\" data-element_type=\"container\" data-e-type=\"container\">\n\t\t\t\t\t<div class=\"e-con-inner\">\n\t\t\t\t<div class=\"elementor-element elementor-element-439b457 elementor-tabs-view-horizontal elementor-widget elementor-widget-tabs\" data-id=\"439b457\" data-element_type=\"widget\" data-e-type=\"widget\" data-widget_type=\"tabs.default\">\n\t\t\t\t<div class=\"elementor-widget-container\">\n\t\t\t\t\t\t\t<div class=\"elementor-tabs\">\n\t\t\t<div class=\"elementor-tabs-wrapper\" role=\"tablist\" >\n\t\t\t\t\t\t\t\t\t<div id=\"elementor-tab-title-7081\" class=\"elementor-tab-title elementor-tab-desktop-title\" aria-selected=\"true\" data-tab=\"1\" role=\"tab\" tabindex=\"0\" aria-controls=\"elementor-tab-content-7081\" aria-expanded=\"false\">Maanantai 3.3. <\/div>\n\t\t\t\t\t\t\t\t\t<div id=\"elementor-tab-title-7082\" class=\"elementor-tab-title elementor-tab-desktop-title\" aria-selected=\"false\" data-tab=\"2\" role=\"tab\" tabindex=\"-1\" aria-controls=\"elementor-tab-content-7082\" aria-expanded=\"false\">Tiistai 4.3.<\/div>\n\t\t\t\t\t\t\t\t\t<div id=\"elementor-tab-title-7083\" class=\"elementor-tab-title elementor-tab-desktop-title\" aria-selected=\"false\" data-tab=\"3\" role=\"tab\" tabindex=\"-1\" aria-controls=\"elementor-tab-content-7083\" aria-expanded=\"false\">Keskiviikko 5.3.<\/div>\n\t\t\t\t\t\t\t\t\t<div id=\"elementor-tab-title-7084\" class=\"elementor-tab-title elementor-tab-desktop-title\" aria-selected=\"false\" data-tab=\"4\" role=\"tab\" tabindex=\"-1\" aria-controls=\"elementor-tab-content-7084\" aria-expanded=\"false\">Torstai 6.3. <\/div>\n\t\t\t\t\t\t\t\t\t<div id=\"elementor-tab-title-7085\" class=\"elementor-tab-title elementor-tab-desktop-title\" aria-selected=\"false\" data-tab=\"5\" role=\"tab\" tabindex=\"-1\" aria-controls=\"elementor-tab-content-7085\" aria-expanded=\"false\">Perjantai 7.3. <\/div>\n\t\t\t\t\t\t\t\t\t<div id=\"elementor-tab-title-7086\" class=\"elementor-tab-title elementor-tab-desktop-title\" aria-selected=\"false\" data-tab=\"6\" role=\"tab\" tabindex=\"-1\" aria-controls=\"elementor-tab-content-7086\" aria-expanded=\"false\">Lauantai 8.3. <\/div>\n\t\t\t\t\t\t\t<\/div>\n\t\t\t<div class=\"elementor-tabs-content-wrapper\" role=\"tablist\" aria-orientation=\"vertical\">\n\t\t\t\t\t\t\t\t\t<div class=\"elementor-tab-title elementor-tab-mobile-title\" aria-selected=\"true\" data-tab=\"1\" role=\"tab\" tabindex=\"0\" aria-controls=\"elementor-tab-content-7081\" aria-expanded=\"false\">Maanantai 3.3. <\/div>\n\t\t\t\t\t<div id=\"elementor-tab-content-7081\" class=\"elementor-tab-content elementor-clearfix\" data-tab=\"1\" role=\"tabpanel\" aria-labelledby=\"elementor-tab-title-7081\" tabindex=\"0\" hidden=\"false\"><p><strong>klo 13.30 Vaskimusiikkia senioreille<\/strong><br \/>Kontulan seniorikeskus, Kontukuja 5, Helsinki<\/p><p><strong>klo 18.00 Talven taittuessa, Avajaiskonsertti <\/strong>Liszt-instituutti, Kaisaniemenkatu 10, Helsinki<br \/>It\u00e4-Helsingin musiikkiopiston, Espoon musiikkiopiston ja Lauttasaaren musiikkiopiston oppilaiden musiikkiesityksi\u00e4. <br \/>Konsertti striimataan <a href=\"https:\/\/youtube.com\/playlist?list=PLszVzrR4SZGN5tXGRhrFWIeWm5sun3a09&amp;feature=shared\">YouTube-kanavalla<\/a><\/p><\/div>\n\t\t\t\t\t\t\t\t\t<div class=\"elementor-tab-title elementor-tab-mobile-title\" aria-selected=\"false\" data-tab=\"2\" role=\"tab\" tabindex=\"-1\" aria-controls=\"elementor-tab-content-7082\" aria-expanded=\"false\">Tiistai 4.3.<\/div>\n\t\t\t\t\t<div id=\"elementor-tab-content-7082\" class=\"elementor-tab-content elementor-clearfix\" data-tab=\"2\" role=\"tabpanel\" aria-labelledby=\"elementor-tab-title-7082\" tabindex=\"0\" hidden=\"hidden\"><p><strong>klo 13.00 Ik\u00e4ihmisten syntym\u00e4p\u00e4iv\u00e4juhlakonsertti<\/strong><br \/>Temppeliaukion kirkko, Lutherinkatu 3, Helsinki<\/p><p><strong>klo 19.00 Tuulen tie<\/strong><br \/>It\u00e4-Helsingin musiikkiopiston ja Musiikkiopisto Juvenalian puhallinyhtyeiden konsertti. <br \/>Sellosali, Soittoniekanaukio 1 A, Espoo<\/p><\/div>\n\t\t\t\t\t\t\t\t\t<div class=\"elementor-tab-title elementor-tab-mobile-title\" aria-selected=\"false\" data-tab=\"3\" role=\"tab\" tabindex=\"-1\" aria-controls=\"elementor-tab-content-7083\" aria-expanded=\"false\">Keskiviikko 5.3.<\/div>\n\t\t\t\t\t<div id=\"elementor-tab-content-7083\" class=\"elementor-tab-content elementor-clearfix\" data-tab=\"3\" role=\"tabpanel\" aria-labelledby=\"elementor-tab-title-7083\" tabindex=\"0\" hidden=\"hidden\"><p><strong>klo 13.30 Viulumusiikkia senioreille<\/strong><br \/>Myllypuron seniorikeskus, Myllymatkantie 4, Helsinki<\/p><p><strong>klo 19.00 Yhdess\u00e4<\/strong><br \/>It\u00e4-Helsingin musiikkiopiston ja Keski-Helsingin musiikkiopiston jousiyhtyeiden ja Harmonix-orkesterin konsertti<br \/>Temppeliaukion kirkko, Lutherinkatu 3, Helsinki<br \/>Konsertti striimataan <a href=\"https:\/\/youtube.com\/playlist?list=PLszVzrR4SZGN5tXGRhrFWIeWm5sun3a09&amp;feature=shared\">YouTube-kanavalla<\/a><\/p><\/div>\n\t\t\t\t\t\t\t\t\t<div class=\"elementor-tab-title elementor-tab-mobile-title\" aria-selected=\"false\" data-tab=\"4\" role=\"tab\" tabindex=\"-1\" aria-controls=\"elementor-tab-content-7084\" aria-expanded=\"false\">Torstai 6.3. <\/div>\n\t\t\t\t\t<div id=\"elementor-tab-content-7084\" class=\"elementor-tab-content elementor-clearfix\" data-tab=\"4\" role=\"tabpanel\" aria-labelledby=\"elementor-tab-title-7084\" tabindex=\"0\" hidden=\"hidden\"><p><strong>klo 13.00 Monen polven yhteislaulukonsertti trumpettimusiikin kera<\/strong><br \/>It\u00e4keskuksen kirjasto, Turunlinnantie 1, Helsinki<\/p><p><strong>klo 14.00 Kev\u00e4tt\u00e4 kohti yhdess\u00e4 laulaen<\/strong><br \/>Lauluhetki senioreille ja muille iloisille laulajille. Yhteislaulun lis\u00e4ksi lasten ja nuorten viulu- ja pianomusiikkiesityksi\u00e4. Musiikista vastaa It\u00e4-Helsingin musiikkiopiston opettajat ja oppilaat.<br \/>Musiikkitalo, p\u00e4\u00e4l\u00e4mpi\u00f6, Mannerheimintie 13 A<\/p><p><strong>klo 18.00 Matalia resonansseja<\/strong><br \/>It\u00e4-Helsingin musiikkiopiston ja Musiikkiopisto Juvenalian kontrabasistien konsertti<br \/>It\u00e4-Helsingin musiikkiopisto, Ahti Sonninen-sali, Untuvaisentie 10<\/p><p><strong>klo 19.00 Opettajien nuottikaapeista<\/strong><br \/>It\u00e4-Helsingin musiikkiopiston opettajien konsertti<br \/>Hakasalmen huvila, Mannerheimintie 13 B<\/p><\/div>\n\t\t\t\t\t\t\t\t\t<div class=\"elementor-tab-title elementor-tab-mobile-title\" aria-selected=\"false\" data-tab=\"5\" role=\"tab\" tabindex=\"-1\" aria-controls=\"elementor-tab-content-7085\" aria-expanded=\"false\">Perjantai 7.3. <\/div>\n\t\t\t\t\t<div id=\"elementor-tab-content-7085\" class=\"elementor-tab-content elementor-clearfix\" data-tab=\"5\" role=\"tabpanel\" aria-labelledby=\"elementor-tab-title-7085\" tabindex=\"0\" hidden=\"hidden\"><p><strong>klo 13.00 Kitaraesityksi\u00e4 ja yhteislaulua kitaras\u00e4estyksell\u00e4<\/strong><br \/>Herttoniemen kirjasto, Linnanrakentajantie 2, Helsinki<\/p><p><strong>klo 18.00 Kev\u00e4\u00e4n kynnyksell\u00e4<\/strong><br \/>Harmoniasoitinyhtyeiden kavalkadi. It\u00e4-Helsingin musiikkiopiston, Musiikkiopisto Avonian ja Lappeenrannan musiikkiopiston yhteiskonsertti<br \/>It\u00e4-Helsingin musiikkiopisto, Ahti Sonninen -sali, Untuvaisentie 10<br \/>Konsertti striimataan <a href=\"https:\/\/youtube.com\/playlist?list=PLszVzrR4SZGN5tXGRhrFWIeWm5sun3a09&amp;feature=shared\">YouTube-kanavalla<\/a><\/p><p><strong>klo 19.00 Vaskien s\u00e4ihkett\u00e4<\/strong><br \/>Espoon musiikkiopiston ja It\u00e4-Helsingin musiikkiopiston Vaskihankeen yhteiskonsertti<br \/>Tapiolan kirkko, Kirkkopolku 6, Espoo<\/p><\/div>\n\t\t\t\t\t\t\t\t\t<div class=\"elementor-tab-title elementor-tab-mobile-title\" aria-selected=\"false\" data-tab=\"6\" role=\"tab\" tabindex=\"-1\" aria-controls=\"elementor-tab-content-7086\" aria-expanded=\"false\">Lauantai 8.3. <\/div>\n\t\t\t\t\t<div id=\"elementor-tab-content-7086\" class=\"elementor-tab-content elementor-clearfix\" data-tab=\"6\" role=\"tabpanel\" aria-labelledby=\"elementor-tab-title-7086\" tabindex=\"0\" hidden=\"hidden\"><p><strong>klo 10.30-14.00 Soitinpolkup\u00e4iv\u00e4, <\/strong>Iiris-keskus, Marjaniementie 74, Helsinki<\/p><p>Soitinpolulla p\u00e4\u00e4set kokeilemaan soittimia opettajien avustamana ja kuulet konserteissa erilaisten soitinten yhteissoittoa.<\/p><p>Soitinkokeilua suosittelemme 5-vuotiaille ja sit\u00e4 vanhemmille.<\/p><p>Soitinesittelykonsertit ovat ravintola Antellin yhteydess\u00e4. Konsertteja on nelj\u00e4: klo 11.00, 11.45, 12.30 ja klo 13.15.<\/p><p>Tule ja l\u00f6yd\u00e4 oma musiikkipolkusi!<\/p><p>\u00a0<\/p><p><strong>klo 10.30-12.00 Kauppakeskus Itis:<\/strong> pop-up muskari\u00a0<\/p><\/div>\n\t\t\t\t\t\t\t<\/div>\n\t\t<\/div>\n\t\t\t\t\t\t<\/div>\n\t\t\t\t<\/div>\n\t\t\t\t\t<\/div>\n\t\t\t\t<\/div>\n\t\t\t\t<\/div>\n\t\t","protected":false},"excerpt":{"rendered":"<p>Kod\u00e1ly-viikko 2025 36. Kansainv\u00e4linen Kod\u00e1ly-viikko levitt\u00e4ytyy taas kerran eri puolille p\u00e4\u00e4kaupunkiseutua Musiikki kuuluu kaikille -teeman mukaisesti.\u00a0 Tapahtumaviikolla j\u00e4rjestet\u00e4\u00e4n lukuisia konserttia eri puolilla p\u00e4\u00e4kaupunkiseutua. Jaamme musiikin iloa ja merkityksellisyytt\u00e4 konserttien ja tapahtumien muodossa mahdollisimman laajasti. Konsertteja j\u00e4rjestet\u00e4\u00e4n perinteisten konserttisalien lis\u00e4ksi kirjastoissa, kouluissa, ja hoivakodeissa. Konsertteihin kutsutaan my\u00f6s p\u00e4iv\u00e4kotilapsia ja muskariryhmi\u00e4. Viikko huipentuu It\u00e4-Helsingin musiikkiopiston koko perheen [&hellip;]<\/p>\n","protected":false},"author":156753794,"featured_media":0,"parent":683,"menu_order":0,"comment_status":"closed","ping_status":"closed","template":"","meta":{"footnotes":""},"class_list":["post-16212","page","type-page","status-publish","hentry"],"_links":{"self":[{"href":"https:\/\/ihmo.fi\/ihmo\/wp-json\/wp\/v2\/pages\/16212"}],"collection":[{"href":"https:\/\/ihmo.fi\/ihmo\/wp-json\/wp\/v2\/pages"}],"about":[{"href":"https:\/\/ihmo.fi\/ihmo\/wp-json\/wp\/v2\/types\/page"}],"author":[{"embeddable":true,"href":"https:\/\/ihmo.fi\/ihmo\/wp-json\/wp\/v2\/users\/156753794"}],"replies":[{"embeddable":true,"href":"https:\/\/ihmo.fi\/ihmo\/wp-json\/wp\/v2\/comments?post=16212"}],"version-history":[{"count":76,"href":"https:\/\/ihmo.fi\/ihmo\/wp-json\/wp\/v2\/pages\/16212\/revisions"}],"predecessor-version":[{"id":16490,"href":"https:\/\/ihmo.fi\/ihmo\/wp-json\/wp\/v2\/pages\/16212\/revisions\/16490"}],"up":[{"embeddable":true,"href":"https:\/\/ihmo.fi\/ihmo\/wp-json\/wp\/v2\/pages\/683"}],"wp:attachment":[{"href":"https:\/\/ihmo.fi\/ihmo\/wp-json\/wp\/v2\/media?parent=16212"}],"curies":[{"name":"wp","href":"https:\/\/api.w.org\/{rel}","templated":true}]}}