{"id":1925,"date":"2021-09-03T10:29:49","date_gmt":"2021-09-03T07:29:49","guid":{"rendered":"https:\/\/ihmo.fi\/ihmo\/?page_id=1925"},"modified":"2025-12-11T14:46:53","modified_gmt":"2025-12-11T12:46:53","slug":"ihmon-lukuvuosi","status":"publish","type":"page","link":"https:\/\/ihmo.fi\/ihmo\/ajankohtaista-2\/ihmon-lukuvuosi\/","title":{"rendered":"Ihmon lukuvuosi"},"content":{"rendered":"\t\t<div data-elementor-type=\"wp-page\" data-elementor-id=\"1925\" class=\"elementor elementor-1925\" data-elementor-post-type=\"page\">\n\t\t\t\t\t\t<section class=\"elementor-section elementor-top-section elementor-element elementor-element-d21d5aa elementor-section-boxed elementor-section-height-default elementor-section-height-default\" data-id=\"d21d5aa\" data-element_type=\"section\" data-e-type=\"section\">\n\t\t\t\t\t\t<div class=\"elementor-container elementor-column-gap-default\">\n\t\t\t\t\t<div class=\"elementor-column elementor-col-100 elementor-top-column elementor-element elementor-element-48b5788\" data-id=\"48b5788\" data-element_type=\"column\" data-e-type=\"column\" data-settings=\"{&quot;background_background&quot;:&quot;classic&quot;}\">\n\t\t\t<div class=\"elementor-widget-wrap elementor-element-populated\">\n\t\t\t\t\t\t<section class=\"elementor-section elementor-inner-section elementor-element elementor-element-7443a4c elementor-section-boxed elementor-section-height-default elementor-section-height-default\" data-id=\"7443a4c\" data-element_type=\"section\" data-e-type=\"section\">\n\t\t\t\t\t\t<div class=\"elementor-container elementor-column-gap-default\">\n\t\t\t\t\t<div class=\"elementor-column elementor-col-100 elementor-inner-column elementor-element elementor-element-d1b98c7\" data-id=\"d1b98c7\" data-element_type=\"column\" data-e-type=\"column\">\n\t\t\t<div class=\"elementor-widget-wrap elementor-element-populated\">\n\t\t\t\t\t\t<div class=\"elementor-element elementor-element-cac1e74 elementor-widget elementor-widget-heading\" data-id=\"cac1e74\" data-element_type=\"widget\" data-e-type=\"widget\" data-widget_type=\"heading.default\">\n\t\t\t\t<div class=\"elementor-widget-container\">\n\t\t\t\t\t<h2 class=\"elementor-heading-title elementor-size-default\">IHMOn syyslukukausi 2025<\/h2>\t\t\t\t<\/div>\n\t\t\t\t<\/div>\n\t\t\t\t\t<\/div>\n\t\t<\/div>\n\t\t\t\t\t<\/div>\n\t\t<\/section>\n\t\t\t\t<section class=\"elementor-section elementor-inner-section elementor-element elementor-element-fd45171 elementor-section-boxed elementor-section-height-default elementor-section-height-default\" data-id=\"fd45171\" data-element_type=\"section\" data-e-type=\"section\">\n\t\t\t\t\t\t<div class=\"elementor-container elementor-column-gap-default\">\n\t\t\t\t\t<div class=\"elementor-column elementor-col-100 elementor-inner-column elementor-element elementor-element-6f29b6b\" data-id=\"6f29b6b\" data-element_type=\"column\" data-e-type=\"column\">\n\t\t\t<div class=\"elementor-widget-wrap elementor-element-populated\">\n\t\t\t\t\t\t<div class=\"elementor-element elementor-element-96dca05 elementor-widget elementor-widget-text-editor\" data-id=\"96dca05\" data-element_type=\"widget\" data-e-type=\"widget\" data-widget_type=\"text-editor.default\">\n\t\t\t\t<div class=\"elementor-widget-container\">\n\t\t\t\t\t\t\t\t\t<table style=\"height: 424px;\" width=\"378\"><tbody><tr><td width=\"113\">viikko 33<\/td><td width=\"187\">Ilmoittautuminen musiikin hahmotusaineisiin alkaa eepoksessa<\/td><\/tr><tr><td width=\"113\">viikko 33<\/td><td width=\"187\">Tuntien sopiminen<\/td><\/tr><tr><td width=\"113\">ma 18.8.<\/td><td width=\"187\">Instrumenttiopetus ja muha intro -ryhm\u00e4opetus alkaa<\/td><\/tr><tr><td width=\"113\">ma 25.8.<\/td><td width=\"187\">Muskari alkaa (my\u00f6s p\u00e4iv\u00e4kotiryhm\u00e4t)<\/td><\/tr><tr><td width=\"113\">ma 25.8.<\/td><td width=\"113\">Musiikin hahmotusaineiden opetus alkaa<\/td><\/tr><tr><td width=\"113\">ma-su 13. &#8211; 19.10.<\/td><td width=\"187\">Syysloma<\/td><\/tr><tr><td width=\"113\">la 1.11.<\/td><td width=\"187\">Pyh\u00e4inp\u00e4iv\u00e4<\/td><\/tr><tr><td width=\"113\">\u00a0<\/td><td width=\"187\">\u00a0<\/td><\/tr><tr><td width=\"113\">la 6.12.\u00a0<\/td><td width=\"187\">Itsen\u00e4isyysp\u00e4iv\u00e4<\/td><\/tr><tr><td width=\"113\">pe 19.12.<\/td><td width=\"187\">Viimeinen opetusp\u00e4iv\u00e4<\/td><\/tr><\/tbody><\/table>\t\t\t\t\t\t\t\t<\/div>\n\t\t\t\t<\/div>\n\t\t\t\t\t<\/div>\n\t\t<\/div>\n\t\t\t\t\t<\/div>\n\t\t<\/section>\n\t\t\t\t<div class=\"elementor-element elementor-element-a9d49cb elementor-widget elementor-widget-heading\" data-id=\"a9d49cb\" data-element_type=\"widget\" data-e-type=\"widget\" data-widget_type=\"heading.default\">\n\t\t\t\t<div class=\"elementor-widget-container\">\n\t\t\t\t\t<h2 class=\"elementor-heading-title elementor-size-default\">IHMOn kev\u00e4tlukukausi 2026<\/h2>\t\t\t\t<\/div>\n\t\t\t\t<\/div>\n\t\t\t\t<section class=\"elementor-section elementor-inner-section elementor-element elementor-element-dca0399 elementor-section-boxed elementor-section-height-default elementor-section-height-default\" data-id=\"dca0399\" data-element_type=\"section\" data-e-type=\"section\">\n\t\t\t\t\t\t<div class=\"elementor-container elementor-column-gap-default\">\n\t\t\t\t\t<div class=\"elementor-column elementor-col-100 elementor-inner-column elementor-element elementor-element-64336f2\" data-id=\"64336f2\" data-element_type=\"column\" data-e-type=\"column\">\n\t\t\t<div class=\"elementor-widget-wrap elementor-element-populated\">\n\t\t\t\t\t\t<div class=\"elementor-element elementor-element-a2a6d83 elementor-widget elementor-widget-text-editor\" data-id=\"a2a6d83\" data-element_type=\"widget\" data-e-type=\"widget\" data-widget_type=\"text-editor.default\">\n\t\t\t\t<div class=\"elementor-widget-container\">\n\t\t\t\t\t\t\t\t\t<table width=\"373\"><tbody><tr valign=\"top\"><td width=\"113\"><p>ke 7.1.<\/p><p>to-pe 8.-9.1.<\/p><\/td><td width=\"187\"><p>Instrumenttiopetus ja muha-intro ryhm\u00e4opetus alkaa.<\/p><p>Musiikin hahmotusaineet alkavat pe 9.1., torstaina 8.1. aloittaa kaksi valinnaista muha 3-5 kurssia, kurssikuvauksen mukaan.\u00a0<\/p><\/td><\/tr><tr valign=\"top\"><td width=\"113\">ma 12.1.<\/td><td width=\"187\">Muskariryhmiss\u00e4 opetus alkaa (my\u00f6s p\u00e4iv\u00e4kotiryhm\u00e4t)<\/td><\/tr><tr valign=\"top\"><td width=\"113\">\u00a0<\/td><td width=\"187\">\u00a0<\/td><\/tr><tr valign=\"top\"><td width=\"113\">ma-su 16. &#8211; 22.2.<\/td><td width=\"187\">Talviloma<\/td><\/tr><tr valign=\"top\"><td width=\"113\">\u00a0<\/td><td width=\"187\">\u00a0<\/td><\/tr><tr valign=\"top\"><td width=\"113\">pe-ma 3.4. &#8211; 6.4.<\/td><td width=\"187\">P\u00e4\u00e4si\u00e4isloma<\/td><\/tr><tr valign=\"top\"><td width=\"113\">pe 1.5.<\/td><td width=\"187\">Vappu<\/td><\/tr><tr valign=\"top\"><td width=\"113\">ma-ke 4. &#8211; 6.5.<\/td><td width=\"187\">Oppilasvalintap\u00e4iv\u00e4t &#8211; ei opetusta<\/td><\/tr><tr valign=\"top\"><td width=\"113\">ke 27.5.<\/td><td width=\"187\">Viimeinen opetusp\u00e4iv\u00e4<\/td><\/tr><tr valign=\"top\"><td width=\"113\">\u00a0<\/td><td width=\"187\">\u00a0<\/td><\/tr><tr valign=\"top\"><td width=\"113\">\u00a0<\/td><td width=\"187\">\u00a0<\/td><\/tr><\/tbody><\/table>\t\t\t\t\t\t\t\t<\/div>\n\t\t\t\t<\/div>\n\t\t\t\t\t<\/div>\n\t\t<\/div>\n\t\t\t\t\t<\/div>\n\t\t<\/section>\n\t\t\t\t\t<\/div>\n\t\t<\/div>\n\t\t\t\t\t<\/div>\n\t\t<\/section>\n\t\t\t\t<\/div>\n\t\t","protected":false},"excerpt":{"rendered":"<p>IHMOn syyslukukausi 2025 viikko 33 Ilmoittautuminen musiikin hahmotusaineisiin alkaa eepoksessa viikko 33 Tuntien sopiminen ma 18.8. Instrumenttiopetus ja muha intro -ryhm\u00e4opetus alkaa ma 25.8. Muskari alkaa (my\u00f6s p\u00e4iv\u00e4kotiryhm\u00e4t) ma 25.8. Musiikin hahmotusaineiden opetus alkaa ma-su 13. &#8211; 19.10. Syysloma la 1.11. Pyh\u00e4inp\u00e4iv\u00e4 \u00a0 \u00a0 la 6.12.\u00a0 Itsen\u00e4isyysp\u00e4iv\u00e4 pe 19.12. Viimeinen opetusp\u00e4iv\u00e4 IHMOn kev\u00e4tlukukausi 2026 ke [&hellip;]<\/p>\n","protected":false},"author":156753792,"featured_media":0,"parent":683,"menu_order":0,"comment_status":"closed","ping_status":"closed","template":"","meta":{"footnotes":""},"class_list":["post-1925","page","type-page","status-publish","hentry"],"_links":{"self":[{"href":"https:\/\/ihmo.fi\/ihmo\/wp-json\/wp\/v2\/pages\/1925"}],"collection":[{"href":"https:\/\/ihmo.fi\/ihmo\/wp-json\/wp\/v2\/pages"}],"about":[{"href":"https:\/\/ihmo.fi\/ihmo\/wp-json\/wp\/v2\/types\/page"}],"author":[{"embeddable":true,"href":"https:\/\/ihmo.fi\/ihmo\/wp-json\/wp\/v2\/users\/156753792"}],"replies":[{"embeddable":true,"href":"https:\/\/ihmo.fi\/ihmo\/wp-json\/wp\/v2\/comments?post=1925"}],"version-history":[{"count":184,"href":"https:\/\/ihmo.fi\/ihmo\/wp-json\/wp\/v2\/pages\/1925\/revisions"}],"predecessor-version":[{"id":18433,"href":"https:\/\/ihmo.fi\/ihmo\/wp-json\/wp\/v2\/pages\/1925\/revisions\/18433"}],"up":[{"embeddable":true,"href":"https:\/\/ihmo.fi\/ihmo\/wp-json\/wp\/v2\/pages\/683"}],"wp:attachment":[{"href":"https:\/\/ihmo.fi\/ihmo\/wp-json\/wp\/v2\/media?parent=1925"}],"curies":[{"name":"wp","href":"https:\/\/api.w.org\/{rel}","templated":true}]}}