{"id":1931,"date":"2021-09-03T10:31:22","date_gmt":"2021-09-03T07:31:22","guid":{"rendered":"https:\/\/ihmo.fi\/ihmo\/?page_id=1931"},"modified":"2025-08-22T16:20:25","modified_gmt":"2025-08-22T13:20:25","slug":"lukuvuosikertomukset","status":"publish","type":"page","link":"https:\/\/ihmo.fi\/ihmo\/info\/lukuvuosikertomukset\/","title":{"rendered":"Lukuvuosikertomukset"},"content":{"rendered":"\t\t<div data-elementor-type=\"wp-page\" data-elementor-id=\"1931\" class=\"elementor elementor-1931\" data-elementor-post-type=\"page\">\n\t\t\t\t\t\t<section class=\"elementor-section elementor-top-section elementor-element elementor-element-6cc6719 elementor-section-boxed elementor-section-height-default elementor-section-height-default\" data-id=\"6cc6719\" data-element_type=\"section\" data-e-type=\"section\">\n\t\t\t\t\t\t<div class=\"elementor-container elementor-column-gap-default\">\n\t\t\t\t\t<div class=\"elementor-column elementor-col-100 elementor-top-column elementor-element elementor-element-84e0476\" data-id=\"84e0476\" data-element_type=\"column\" data-e-type=\"column\">\n\t\t\t<div class=\"elementor-widget-wrap elementor-element-populated\">\n\t\t\t\t\t\t<div class=\"elementor-element elementor-element-e69ac3b elementor-widget elementor-widget-heading\" data-id=\"e69ac3b\" data-element_type=\"widget\" data-e-type=\"widget\" data-widget_type=\"heading.default\">\n\t\t\t\t<div class=\"elementor-widget-container\">\n\t\t\t\t\t<h2 class=\"elementor-heading-title elementor-size-default\">Lukuvuosikertomukset<\/h2>\t\t\t\t<\/div>\n\t\t\t\t<\/div>\n\t\t\t\t<div class=\"elementor-element elementor-element-c2cf842 elementor-widget elementor-widget-text-editor\" data-id=\"c2cf842\" data-element_type=\"widget\" data-e-type=\"widget\" data-widget_type=\"text-editor.default\">\n\t\t\t\t<div class=\"elementor-widget-container\">\n\t\t\t\t\t\t\t\t\t<p style=\"text-align: left;\">IHMOn musiikin ja ilont\u00e4ytteisiin lukuvuosiin ja niiden sis\u00e4lt\u00f6ihin voit perehty\u00e4 alla olevien lukuvuosikertomusten kautta. Edellisen lukuvuoden vuosikertomus julkaistaan aina seuraavan lukuvuoden alkupuolella.<\/p>\t\t\t\t\t\t\t\t<\/div>\n\t\t\t\t<\/div>\n\t\t\t\t<div class=\"elementor-element elementor-element-e29fbdd elementor-widget elementor-widget-heading\" data-id=\"e29fbdd\" data-element_type=\"widget\" data-e-type=\"widget\" data-widget_type=\"heading.default\">\n\t\t\t\t<div class=\"elementor-widget-container\">\n\t\t\t\t\t<h2 class=\"elementor-heading-title elementor-size-default\">Lukuvuosikertomukset 2018-2024<\/h2>\t\t\t\t<\/div>\n\t\t\t\t<\/div>\n\t\t\t\t<div class=\"elementor-element elementor-element-19aff07 elementor--h-position-center elementor--v-position-middle elementor-arrows-position-inside elementor-pagination-position-inside elementor-widget elementor-widget-slides\" data-id=\"19aff07\" data-element_type=\"widget\" data-e-type=\"widget\" data-settings=\"{&quot;transition&quot;:&quot;fade&quot;,&quot;navigation&quot;:&quot;both&quot;,&quot;transition_speed&quot;:500}\" data-widget_type=\"slides.default\">\n\t\t\t\t<div class=\"elementor-widget-container\">\n\t\t\t\t\t\t\t\t\t<div class=\"elementor-swiper\">\n\t\t\t\t\t<div class=\"elementor-slides-wrapper elementor-main-swiper swiper\" role=\"region\" aria-roledescription=\"carousel\" aria-label=\"Slides\" dir=\"ltr\" data-animation=\"fadeInLeft\">\n\t\t\t\t<div class=\"swiper-wrapper elementor-slides\">\n\t\t\t\t\t\t\t\t\t\t<div class=\"elementor-repeater-item-2db125f swiper-slide\" role=\"group\" aria-roledescription=\"slide\"><div class=\"swiper-slide-bg\" role=\"img\" aria-label=\"IHMO_Lukuvuosi_2023_2024kansi\"><\/div><div class=\"swiper-slide-inner\" ><div class=\"swiper-slide-contents\"><div class=\"elementor-slide-heading\">Lukuvuosikertomus<\/div><div class=\"elementor-slide-description\">2023-2024<\/div><a href=\"https:\/\/ihmo.fi\/ihmo\/wp-content\/uploads\/2025\/06\/Lukuvuosi_2023_2024.pdf\" target=\"_blank\" class=\"elementor-button elementor-slide-button elementor-size-lg\">Lue t\u00e4st\u00e4<\/a><\/div><\/div><\/div><div class=\"elementor-repeater-item-ec84129 swiper-slide\" role=\"group\" aria-roledescription=\"slide\"><div class=\"swiper-slide-bg\" role=\"img\" aria-label=\"IHMO_Lukuvuosi_2022_2023_kansi\"><\/div><div class=\"swiper-slide-inner\" ><div class=\"swiper-slide-contents\"><div class=\"elementor-slide-heading\">Lukuvuosikertomus<\/div><div class=\"elementor-slide-description\">2022 - 2023<\/div><a href=\"https:\/\/ihmo.fi\/ihmo\/wp-content\/uploads\/2024\/06\/IHMO_Lukuvuosi_2022_2023.pdf\" target=\"_blank\" class=\"elementor-button elementor-slide-button elementor-size-lg\">Lue t\u00e4st\u00e4<\/a><\/div><\/div><\/div><div class=\"elementor-repeater-item-4d9cd07 swiper-slide\" role=\"group\" aria-roledescription=\"slide\"><div class=\"swiper-slide-bg\" role=\"img\" aria-label=\"Kansi_21_22\"><\/div><div class=\"swiper-slide-inner\" ><div class=\"swiper-slide-contents\"><div class=\"elementor-slide-heading\">Lukuvuosikertomus<\/div><div class=\"elementor-slide-description\">2020 - 2021<\/div><a href=\"https:\/\/ihmo.fi\/ihmo\/wp-content\/uploads\/2023\/04\/IHMOlukuvuosi_2021_2022.pdf\" target=\"_blank\" class=\"elementor-button elementor-slide-button elementor-size-lg\">Lue t\u00e4st\u00e4<\/a><\/div><\/div><\/div><div class=\"elementor-repeater-item-743f5fe swiper-slide\" role=\"group\" aria-roledescription=\"slide\"><div class=\"swiper-slide-bg\" role=\"img\" aria-label=\"Etukansi_lukuvuosi_2020_2021\"><\/div><div class=\"swiper-slide-inner\" ><div class=\"swiper-slide-contents\"><div class=\"elementor-slide-heading\">Lukuvuosikertomus<\/div><div class=\"elementor-slide-description\">2020 - 2021<\/div><a href=\"https:\/\/ihmo.fi\/ihmo\/wp-content\/uploads\/2023\/08\/Lukuvuosi_2020_21.pdf\" target=\"_blank\" class=\"elementor-button elementor-slide-button elementor-size-lg\">Lue t\u00e4st\u00e4<\/a><\/div><\/div><\/div><div class=\"elementor-repeater-item-e679c76 swiper-slide\" role=\"group\" aria-roledescription=\"slide\"><div class=\"swiper-slide-bg\" role=\"img\" aria-label=\"EtuKansi_2019_2020\"><\/div><div class=\"swiper-slide-inner\" ><div class=\"swiper-slide-contents\"><div class=\"elementor-slide-heading\">Lukuvuosikertomus<\/div><div class=\"elementor-slide-description\">2019 - 2020<\/div><a href=\"https:\/\/ihmo.fi\/ihmo\/wp-content\/uploads\/2023\/08\/Lukuvuosikertomus_2019_2020.pdf\" class=\"elementor-button elementor-slide-button elementor-size-lg\">Lue t\u00e4st\u00e4<\/a><\/div><\/div><\/div><div class=\"elementor-repeater-item-fbb990d swiper-slide\" role=\"group\" aria-roledescription=\"slide\"><div class=\"swiper-slide-bg\" role=\"img\" aria-label=\"Lukuvuosikertomus 19-18\"><\/div><div class=\"swiper-slide-inner\" ><div class=\"swiper-slide-contents\"><div class=\"elementor-slide-heading\">Lukuvuosikertomus<\/div><div class=\"elementor-slide-description\">2018 - 2019<\/div><a href=\"https:\/\/ihmo.fi\/ihmo\/wp-content\/uploads\/2023\/08\/IHMO_lukuvuosikertomus_2018_2019.pdf\" class=\"elementor-button elementor-slide-button elementor-size-lg\">Lue t\u00e4st\u00e4<\/a><\/div><\/div><\/div>\t\t\t\t<\/div>\n\t\t\t\t\t\t\t\t\t\t\t\t\t\t\t<div class=\"elementor-swiper-button elementor-swiper-button-prev\" role=\"button\" tabindex=\"0\" aria-label=\"Previous slide\">\n\t\t\t\t\t\t\t<svg aria-hidden=\"true\" class=\"e-font-icon-svg e-eicon-chevron-left\" viewBox=\"0 0 1000 1000\" xmlns=\"http:\/\/www.w3.org\/2000\/svg\"><path d=\"M646 125C629 125 613 133 604 142L308 442C296 454 292 471 292 487 292 504 296 521 308 533L604 854C617 867 629 875 646 875 663 875 679 871 692 858 704 846 713 829 713 812 713 796 708 779 692 767L438 487 692 225C700 217 708 204 708 187 708 171 704 154 692 142 675 129 663 125 646 125Z\"><\/path><\/svg>\t\t\t\t\t\t<\/div>\n\t\t\t\t\t\t<div class=\"elementor-swiper-button elementor-swiper-button-next\" role=\"button\" tabindex=\"0\" aria-label=\"Next slide\">\n\t\t\t\t\t\t\t<svg aria-hidden=\"true\" class=\"e-font-icon-svg e-eicon-chevron-right\" viewBox=\"0 0 1000 1000\" xmlns=\"http:\/\/www.w3.org\/2000\/svg\"><path d=\"M696 533C708 521 713 504 713 487 713 471 708 454 696 446L400 146C388 133 375 125 354 125 338 125 325 129 313 142 300 154 292 171 292 187 292 204 296 221 308 233L563 492 304 771C292 783 288 800 288 817 288 833 296 850 308 863 321 871 338 875 354 875 371 875 388 867 400 854L696 533Z\"><\/path><\/svg>\t\t\t\t\t\t<\/div>\n\t\t\t\t\t\t\t\t\t\t\t\t\t\t\t\t<div class=\"swiper-pagination\"><\/div>\n\t\t\t\t\t\t\t\t\t\t\t\t<\/div>\n\t\t\t\t<\/div>\n\t\t\t\t\t\t\t\t<\/div>\n\t\t\t\t<\/div>\n\t\t\t\t\t<\/div>\n\t\t<\/div>\n\t\t\t\t\t<\/div>\n\t\t<\/section>\n\t\t\t\t<section class=\"elementor-section elementor-top-section elementor-element elementor-element-ff101ab elementor-section-boxed elementor-section-height-default elementor-section-height-default\" data-id=\"ff101ab\" data-element_type=\"section\" data-e-type=\"section\">\n\t\t\t\t\t\t<div class=\"elementor-container elementor-column-gap-default\">\n\t\t\t\t\t<div class=\"elementor-column elementor-col-100 elementor-top-column elementor-element elementor-element-10f0dc7\" data-id=\"10f0dc7\" data-element_type=\"column\" data-e-type=\"column\">\n\t\t\t<div class=\"elementor-widget-wrap elementor-element-populated\">\n\t\t\t\t\t\t<div class=\"elementor-element elementor-element-887ea52 elementor-widget elementor-widget-spacer\" data-id=\"887ea52\" data-element_type=\"widget\" data-e-type=\"widget\" data-widget_type=\"spacer.default\">\n\t\t\t\t<div class=\"elementor-widget-container\">\n\t\t\t\t\t\t\t<div class=\"elementor-spacer\">\n\t\t\t<div class=\"elementor-spacer-inner\"><\/div>\n\t\t<\/div>\n\t\t\t\t\t\t<\/div>\n\t\t\t\t<\/div>\n\t\t\t\t<div class=\"elementor-element elementor-element-3badc048 elementor-widget elementor-widget-heading\" data-id=\"3badc048\" data-element_type=\"widget\" data-e-type=\"widget\" data-widget_type=\"heading.default\">\n\t\t\t\t<div class=\"elementor-widget-container\">\n\t\t\t\t\t<h2 class=\"elementor-heading-title elementor-size-default\">Vanhat lukuvuosikertomukset<\/h2>\t\t\t\t<\/div>\n\t\t\t\t<\/div>\n\t\t\t\t\t<\/div>\n\t\t<\/div>\n\t\t\t\t\t<\/div>\n\t\t<\/section>\n\t\t\t\t<section class=\"elementor-section elementor-top-section elementor-element elementor-element-0250d01 elementor-section-boxed elementor-section-height-default elementor-section-height-default\" data-id=\"0250d01\" data-element_type=\"section\" data-e-type=\"section\">\n\t\t\t\t\t\t<div class=\"elementor-container elementor-column-gap-default\">\n\t\t\t\t\t<div class=\"elementor-column elementor-col-100 elementor-top-column elementor-element elementor-element-80469bb\" data-id=\"80469bb\" data-element_type=\"column\" data-e-type=\"column\">\n\t\t\t<div class=\"elementor-widget-wrap elementor-element-populated\">\n\t\t\t\t\t\t<div class=\"elementor-element elementor-element-cd8012b elementor-widget elementor-widget-heading\" data-id=\"cd8012b\" data-element_type=\"widget\" data-e-type=\"widget\" data-widget_type=\"heading.default\">\n\t\t\t\t<div class=\"elementor-widget-container\">\n\t\t\t\t\t<h2 class=\"elementor-heading-title elementor-size-default\">2018 - 2011<\/h2>\t\t\t\t<\/div>\n\t\t\t\t<\/div>\n\t\t\t\t\t<\/div>\n\t\t<\/div>\n\t\t\t\t\t<\/div>\n\t\t<\/section>\n\t\t<div class=\"elementor-element elementor-element-1395482 e-flex e-con-boxed e-con e-parent\" data-id=\"1395482\" data-element_type=\"container\" data-e-type=\"container\">\n\t\t\t\t\t<div class=\"e-con-inner\">\n\t\t<div class=\"elementor-element elementor-element-2be84f5 e-con-full e-flex e-con e-child\" data-id=\"2be84f5\" data-element_type=\"container\" data-e-type=\"container\">\n\t\t\t\t<div class=\"elementor-element elementor-element-3054349 elementor-widget elementor-widget-text-editor\" data-id=\"3054349\" data-element_type=\"widget\" data-e-type=\"widget\" data-widget_type=\"text-editor.default\">\n\t\t\t\t<div class=\"elementor-widget-container\">\n\t\t\t\t\t\t\t\t\t<p style=\"text-align: center;\"><a href=\"https:\/\/ihmo.fi\/ihmo\/wp-content\/uploads\/2025\/08\/IHMO_Lukuvuosi_2017_2018.pdf\" target=\"_blank\" rel=\"noopener\">2017-2018<\/a><\/p><p style=\"text-align: center;\"><a href=\"https:\/\/ihmo.fi\/ihmo\/wp-content\/uploads\/2025\/08\/Lukuvuosikertomus_2016_2017.pdf\" target=\"_blank\" rel=\"noopener\">2016-2017<\/a><\/p><p style=\"text-align: center;\"><a href=\"https:\/\/ihmo.fi\/ihmo\/wp-content\/uploads\/2025\/08\/JUHLALUKUVUOSI_2015_2016.pdf\" target=\"_blank\" rel=\"noopener\">2015-2016<\/a><\/p><p style=\"text-align: center;\"><a href=\"https:\/\/ihmo.fi\/ihmo\/wp-content\/uploads\/2025\/08\/IHMO_lukuvuosi_2014_2015.pdf\" target=\"_blank\" rel=\"noopener\">2014-2015<\/a><\/p><p style=\"text-align: center;\">\u00a0<\/p>\t\t\t\t\t\t\t\t<\/div>\n\t\t\t\t<\/div>\n\t\t\t\t<\/div>\n\t\t<div class=\"elementor-element elementor-element-b88bec9 e-con-full e-flex e-con e-child\" data-id=\"b88bec9\" data-element_type=\"container\" data-e-type=\"container\">\n\t\t\t\t<div class=\"elementor-element elementor-element-dc2c850 elementor-widget elementor-widget-text-editor\" data-id=\"dc2c850\" data-element_type=\"widget\" data-e-type=\"widget\" data-widget_type=\"text-editor.default\">\n\t\t\t\t<div class=\"elementor-widget-container\">\n\t\t\t\t\t\t\t\t\t<p style=\"text-align: center;\"><a href=\"https:\/\/ihmo.fi\/ihmo\/wp-content\/uploads\/2025\/08\/IHMO-lukuvuosi-2013_2014.pdf\" target=\"_blank\" rel=\"noopener\">2013-2014<\/a><\/p><p style=\"text-align: center;\"><a href=\"https:\/\/ihmo.fi\/ihmo\/wp-content\/uploads\/2025\/08\/IHMO_lukuvuosi_2012_2013.pdf\" target=\"_blank\" rel=\"noopener\">2012-2013<\/a><\/p><p style=\"text-align: center;\"><a href=\"https:\/\/ihmo.fi\/ihmo\/wp-content\/uploads\/2025\/08\/IHMO_LUKUVUOSIKERTOMUS_2011_2012.pdf\" target=\"_blank\" rel=\"noopener\">2011-2012<\/a><\/p>\t\t\t\t\t\t\t\t<\/div>\n\t\t\t\t<\/div>\n\t\t\t\t<\/div>\n\t\t\t\t\t<\/div>\n\t\t\t\t<\/div>\n\t\t\t\t<section class=\"elementor-section elementor-top-section elementor-element elementor-element-c706c9b elementor-section-boxed elementor-section-height-default elementor-section-height-default\" data-id=\"c706c9b\" data-element_type=\"section\" data-e-type=\"section\">\n\t\t\t\t\t\t<div class=\"elementor-container elementor-column-gap-default\">\n\t\t\t\t\t<div class=\"elementor-column elementor-col-100 elementor-top-column elementor-element elementor-element-b36dd25\" data-id=\"b36dd25\" data-element_type=\"column\" data-e-type=\"column\">\n\t\t\t<div class=\"elementor-widget-wrap elementor-element-populated\">\n\t\t\t\t\t\t<div class=\"elementor-element elementor-element-c826937 elementor-widget elementor-widget-heading\" data-id=\"c826937\" data-element_type=\"widget\" data-e-type=\"widget\" data-widget_type=\"heading.default\">\n\t\t\t\t<div class=\"elementor-widget-container\">\n\t\t\t\t\t<h2 class=\"elementor-heading-title elementor-size-default\">1965 - 1969<\/h2>\t\t\t\t<\/div>\n\t\t\t\t<\/div>\n\t\t\t\t\t<\/div>\n\t\t<\/div>\n\t\t\t\t\t<\/div>\n\t\t<\/section>\n\t\t<div class=\"elementor-element elementor-element-54b13b4 e-flex e-con-boxed e-con e-parent\" data-id=\"54b13b4\" data-element_type=\"container\" data-e-type=\"container\">\n\t\t\t\t\t<div class=\"e-con-inner\">\n\t\t<div class=\"elementor-element elementor-element-3392a77 e-con-full e-flex e-con e-child\" data-id=\"3392a77\" data-element_type=\"container\" data-e-type=\"container\">\n\t\t\t\t<div class=\"elementor-element elementor-element-5822a33 elementor-widget elementor-widget-text-editor\" data-id=\"5822a33\" data-element_type=\"widget\" data-e-type=\"widget\" data-widget_type=\"text-editor.default\">\n\t\t\t\t<div class=\"elementor-widget-container\">\n\t\t\t\t\t\t\t\t\t<p><a href=\"https:\/\/ihmo.fi\/ihmo\/wp-content\/uploads\/2023\/10\/Lukuvuosikertomus-1965-1966.pdf\" target=\"_blank\" rel=\"noopener\">1965 &#8211; 1966<\/a><\/p><p><a href=\"https:\/\/ihmo.fi\/ihmo\/wp-content\/uploads\/2023\/10\/Lukuvuosikertomus-1966-1967.pdf\" target=\"_blank\" rel=\"noopener\">1966 &#8211; 1967<\/a><\/p><p><a href=\"https:\/\/ihmo.fi\/ihmo\/wp-content\/uploads\/2023\/10\/Lukuvuosikertomus-1967-1968.pdf\" target=\"_blank\" rel=\"noopener\">1967 &#8211; 1968<\/a><\/p><p><a href=\"https:\/\/ihmo.fi\/ihmo\/wp-content\/uploads\/2023\/10\/Lukuvuosikertomus-1968-1969.pdf\" target=\"_blank\" rel=\"noopener\">1968 &#8211; 1969<\/a><\/p><p>\u00a0<\/p>\t\t\t\t\t\t\t\t<\/div>\n\t\t\t\t<\/div>\n\t\t\t\t<\/div>\n\t\t<div class=\"elementor-element elementor-element-b9d77bb e-con-full e-flex e-con e-child\" data-id=\"b9d77bb\" data-element_type=\"container\" data-e-type=\"container\">\n\t\t\t\t<\/div>\n\t\t\t\t\t<\/div>\n\t\t\t\t<\/div>\n\t\t\t\t<\/div>\n\t\t","protected":false},"excerpt":{"rendered":"<p>Lukuvuosikertomukset IHMOn musiikin ja ilont\u00e4ytteisiin lukuvuosiin ja niiden sis\u00e4lt\u00f6ihin voit perehty\u00e4 alla olevien lukuvuosikertomusten kautta. Edellisen lukuvuoden vuosikertomus julkaistaan aina seuraavan lukuvuoden alkupuolella. Lukuvuosikertomukset 2018-2024 Lukuvuosikertomus2023-2024Lue t\u00e4st\u00e4Lukuvuosikertomus2022 &#8211; 2023Lue t\u00e4st\u00e4Lukuvuosikertomus2020 &#8211; 2021Lue t\u00e4st\u00e4Lukuvuosikertomus2020 &#8211; 2021Lue t\u00e4st\u00e4Lukuvuosikertomus2019 &#8211; 2020Lue t\u00e4st\u00e4Lukuvuosikertomus2018 &#8211; 2019Lue t\u00e4st\u00e4 Vanhat lukuvuosikertomukset 2018 &#8211; 2011 2017-2018 2016-2017 2015-2016 2014-2015 \u00a0 2013-2014 2012-2013 2011-2012 [&hellip;]<\/p>\n","protected":false},"author":156753792,"featured_media":0,"parent":679,"menu_order":0,"comment_status":"closed","ping_status":"closed","template":"","meta":{"footnotes":""},"class_list":["post-1931","page","type-page","status-publish","hentry"],"_links":{"self":[{"href":"https:\/\/ihmo.fi\/ihmo\/wp-json\/wp\/v2\/pages\/1931"}],"collection":[{"href":"https:\/\/ihmo.fi\/ihmo\/wp-json\/wp\/v2\/pages"}],"about":[{"href":"https:\/\/ihmo.fi\/ihmo\/wp-json\/wp\/v2\/types\/page"}],"author":[{"embeddable":true,"href":"https:\/\/ihmo.fi\/ihmo\/wp-json\/wp\/v2\/users\/156753792"}],"replies":[{"embeddable":true,"href":"https:\/\/ihmo.fi\/ihmo\/wp-json\/wp\/v2\/comments?post=1931"}],"version-history":[{"count":147,"href":"https:\/\/ihmo.fi\/ihmo\/wp-json\/wp\/v2\/pages\/1931\/revisions"}],"predecessor-version":[{"id":17247,"href":"https:\/\/ihmo.fi\/ihmo\/wp-json\/wp\/v2\/pages\/1931\/revisions\/17247"}],"up":[{"embeddable":true,"href":"https:\/\/ihmo.fi\/ihmo\/wp-json\/wp\/v2\/pages\/679"}],"wp:attachment":[{"href":"https:\/\/ihmo.fi\/ihmo\/wp-json\/wp\/v2\/media?parent=1931"}],"curies":[{"name":"wp","href":"https:\/\/api.w.org\/{rel}","templated":true}]}}