{"id":1943,"date":"2021-09-03T10:34:03","date_gmt":"2021-09-03T07:34:03","guid":{"rendered":"https:\/\/ihmo.fi\/ihmo\/?page_id=1943"},"modified":"2026-02-11T09:51:46","modified_gmt":"2026-02-11T07:51:46","slug":"orkesterit-ja-yhtyeet","status":"publish","type":"page","link":"https:\/\/ihmo.fi\/ihmo\/opetus\/orkesterit-ja-yhtyeet\/","title":{"rendered":"Yhteismusisointi"},"content":{"rendered":"\t\t<div data-elementor-type=\"wp-page\" data-elementor-id=\"1943\" class=\"elementor elementor-1943\" data-elementor-post-type=\"page\">\n\t\t\t\t\t\t<section class=\"elementor-section elementor-top-section elementor-element elementor-element-d79ee47 elementor-section-boxed elementor-section-height-default elementor-section-height-default\" data-id=\"d79ee47\" data-element_type=\"section\" data-e-type=\"section\">\n\t\t\t\t\t\t<div class=\"elementor-container elementor-column-gap-default\">\n\t\t\t\t\t<div class=\"elementor-column elementor-col-100 elementor-top-column elementor-element elementor-element-6dbf14e\" data-id=\"6dbf14e\" data-element_type=\"column\" data-e-type=\"column\">\n\t\t\t<div class=\"elementor-widget-wrap elementor-element-populated\">\n\t\t\t\t\t\t<div class=\"elementor-element elementor-element-5718810 elementor-widget elementor-widget-heading\" data-id=\"5718810\" data-element_type=\"widget\" data-e-type=\"widget\" data-widget_type=\"heading.default\">\n\t\t\t\t<div class=\"elementor-widget-container\">\n\t\t\t\t\t<h2 class=\"elementor-heading-title elementor-size-default\">Yhteismusisointi<\/h2>\t\t\t\t<\/div>\n\t\t\t\t<\/div>\n\t\t\t\t\t<\/div>\n\t\t<\/div>\n\t\t\t\t\t<\/div>\n\t\t<\/section>\n\t\t\t\t<section class=\"elementor-section elementor-top-section elementor-element elementor-element-15ab44e elementor-section-boxed elementor-section-height-default elementor-section-height-default\" data-id=\"15ab44e\" data-element_type=\"section\" data-e-type=\"section\">\n\t\t\t\t\t\t<div class=\"elementor-container elementor-column-gap-default\">\n\t\t\t\t\t<div class=\"elementor-column elementor-col-100 elementor-top-column elementor-element elementor-element-4e3bf93\" data-id=\"4e3bf93\" data-element_type=\"column\" data-e-type=\"column\">\n\t\t\t<div class=\"elementor-widget-wrap elementor-element-populated\">\n\t\t\t\t\t\t<section class=\"elementor-section elementor-inner-section elementor-element elementor-element-f09c66b elementor-section-boxed elementor-section-height-default elementor-section-height-default\" data-id=\"f09c66b\" data-element_type=\"section\" data-e-type=\"section\">\n\t\t\t\t\t\t<div class=\"elementor-container elementor-column-gap-default\">\n\t\t\t\t\t<div class=\"elementor-column elementor-col-100 elementor-inner-column elementor-element elementor-element-c895cb0\" data-id=\"c895cb0\" data-element_type=\"column\" data-e-type=\"column\">\n\t\t\t<div class=\"elementor-widget-wrap elementor-element-populated\">\n\t\t\t\t\t\t<div class=\"elementor-element elementor-element-0e21cfc elementor-widget elementor-widget-text-editor\" data-id=\"0e21cfc\" data-element_type=\"widget\" data-e-type=\"widget\" data-widget_type=\"text-editor.default\">\n\t\t\t\t<div class=\"elementor-widget-container\">\n\t\t\t\t\t\t\t\t\t<p><span data-contrast=\"none\">It\u00e4-Helsingin musiikkiopiston\u00a0opetussuunnitelmassa yhteismusisointi on keskeisess\u00e4 asemassa.\u00a0Yhteismusisointi alkaa jo valmentavan vaiheen opinnoissa\u00a0jatkuen\u00a0edelleen\u00a0musiikin hahmotusaineissa, omaan soittimen opintoihin kuuluvassa\u00a0ryhm\u00e4soitossa\u00a0ja kamarimusiikissa.\u00a0<\/span><span data-ccp-props=\"{\">\u00a0<\/span><span style=\"color: var( --e-global-color-text ); font-family: var( --e-global-typography-text-font-family ), Sans-serif;\">\u00a0<\/span><\/p>\t\t\t\t\t\t\t\t<\/div>\n\t\t\t\t<\/div>\n\t\t\t\t\t<\/div>\n\t\t<\/div>\n\t\t\t\t\t<\/div>\n\t\t<\/section>\n\t\t\t\t<section class=\"elementor-section elementor-inner-section elementor-element elementor-element-c78b333 elementor-section-boxed elementor-section-height-default elementor-section-height-default\" data-id=\"c78b333\" data-element_type=\"section\" data-e-type=\"section\">\n\t\t\t\t\t\t<div class=\"elementor-container elementor-column-gap-default\">\n\t\t\t\t\t<div class=\"elementor-column elementor-col-100 elementor-inner-column elementor-element elementor-element-9498098\" data-id=\"9498098\" data-element_type=\"column\" data-e-type=\"column\">\n\t\t\t<div class=\"elementor-widget-wrap elementor-element-populated\">\n\t\t\t\t\t\t<div class=\"elementor-element elementor-element-789bbb8 elementor-widget elementor-widget-image\" data-id=\"789bbb8\" data-element_type=\"widget\" data-e-type=\"widget\" data-widget_type=\"image.default\">\n\t\t\t\t<div class=\"elementor-widget-container\">\n\t\t\t\t\t\t\t\t\t\t\t\t\t\t\t<img decoding=\"async\" src=\"https:\/\/ihmo.fi\/ihmo\/wp-content\/uploads\/elementor\/thumbs\/sellostemmat2-pjo7nrnlwh0vlvsa3b3ujz3y9llquaq2ebkjx1cpa8.jpg\" title=\"sellostemmat2\" alt=\"sellostemmat2\" loading=\"lazy\" \/>\t\t\t\t\t\t\t\t\t\t\t\t\t\t\t<\/div>\n\t\t\t\t<\/div>\n\t\t\t\t\t<\/div>\n\t\t<\/div>\n\t\t\t\t\t<\/div>\n\t\t<\/section>\n\t\t\t\t<div class=\"elementor-element elementor-element-02dfed3 elementor-widget elementor-widget-text-editor\" data-id=\"02dfed3\" data-element_type=\"widget\" data-e-type=\"widget\" data-widget_type=\"text-editor.default\">\n\t\t\t\t<div class=\"elementor-widget-container\">\n\t\t\t\t\t\t\t\t\t<p><span data-contrast=\"none\">Musiikkiopisto\u00a0on tunnettu korkealaatuisista\u00a0jousi- ja puhallinorkestereistaan.<\/span><span data-ccp-props=\"{\">\u00a0<\/span><\/p><p><span data-contrast=\"auto\">Opiston jousiorkesterit ovat Prima\u00a0Nota, Viikariorkesteri, Helsingin Lapsijouset ja <a href=\"https:\/\/juniorijouset.fi\">Helsingin Juniorijouset<\/a>.\u00a0Prima\u00a0Nota, Viikarit ja Lapsijouset ovat p\u00e4\u00e4s\u00e4\u00e4nt\u00f6isesti perusopintojen orkestereita, ja Juniorijouset kuuluvat syvent\u00e4viin opintoihin.<\/span><span data-ccp-props=\"{\">\u00a0<\/span><\/p><p aria-level=\"2\"><span data-contrast=\"none\">Musiikkiopistossa on kolme puhallinorkesteria: Piiparit, Tuuliviiri ja It\u00e4tuuli. Kaikkiin puhallinorkestereihin kuuluvat oleellisena osana my\u00f6s ly\u00f6m\u00e4soittimet.<\/span><span data-ccp-props=\"{\">\u00a0<\/span><\/p><p><span data-contrast=\"auto\">Orkesterit esiintyv\u00e4t s\u00e4\u00e4nn\u00f6llisesti musiikkiopiston omissa konserteissa ja edustavat opistoa ulkopuolisten j\u00e4rjest\u00e4miss\u00e4 tilaisuuksissa. Orkesterit muodostavat asteittain etenev\u00e4n orkesteripolun, jota oppilas seuraa siit\u00e4 l\u00e4htien, kun taidot mahdollistavat soittamisen orkesterikokoonpanossa. Syvent\u00e4viss\u00e4 opinnoissa polku johtaa ammattilaistasoon saakka. Orkesteripolun mahdollistavat\u00a0IHMO:n\u00a0opettajien tarjoama\u00a0laadukas yhteismusisointikoulutus ja oppilaiden valmius sitoutua s\u00e4\u00e4nn\u00f6lliseen orkesteritoimintaan.<\/span><\/p>\t\t\t\t\t\t\t\t<\/div>\n\t\t\t\t<\/div>\n\t\t\t\t\t<\/div>\n\t\t<\/div>\n\t\t\t\t\t<\/div>\n\t\t<\/section>\n\t\t\t\t<section class=\"elementor-section elementor-top-section elementor-element elementor-element-2d198fb elementor-section-boxed elementor-section-height-default elementor-section-height-default\" data-id=\"2d198fb\" data-element_type=\"section\" data-e-type=\"section\">\n\t\t\t\t\t\t<div class=\"elementor-container elementor-column-gap-default\">\n\t\t\t\t\t<div class=\"elementor-column elementor-col-100 elementor-top-column elementor-element elementor-element-b63cde0\" data-id=\"b63cde0\" data-element_type=\"column\" data-e-type=\"column\">\n\t\t\t<div class=\"elementor-widget-wrap elementor-element-populated\">\n\t\t\t\t\t\t\t<\/div>\n\t\t<\/div>\n\t\t\t\t\t<\/div>\n\t\t<\/section>\n\t\t\t\t<section class=\"elementor-section elementor-top-section elementor-element elementor-element-2489cc1 elementor-section-boxed elementor-section-height-default elementor-section-height-default\" data-id=\"2489cc1\" data-element_type=\"section\" data-e-type=\"section\">\n\t\t\t\t\t\t<div class=\"elementor-container elementor-column-gap-default\">\n\t\t\t\t\t<div class=\"elementor-column elementor-col-100 elementor-top-column elementor-element elementor-element-92a85eb\" data-id=\"92a85eb\" data-element_type=\"column\" data-e-type=\"column\">\n\t\t\t<div class=\"elementor-widget-wrap elementor-element-populated\">\n\t\t\t\t\t\t<div class=\"elementor-element elementor-element-5bdbdd7 elementor-tabs-view-horizontal elementor-widget elementor-widget-tabs\" data-id=\"5bdbdd7\" data-element_type=\"widget\" data-e-type=\"widget\" data-widget_type=\"tabs.default\">\n\t\t\t\t<div class=\"elementor-widget-container\">\n\t\t\t\t\t\t\t<div class=\"elementor-tabs\">\n\t\t\t<div class=\"elementor-tabs-wrapper\" role=\"tablist\" >\n\t\t\t\t\t\t\t\t\t<div id=\"elementor-tab-title-9631\" class=\"elementor-tab-title elementor-tab-desktop-title\" aria-selected=\"true\" data-tab=\"1\" role=\"tab\" tabindex=\"0\" aria-controls=\"elementor-tab-content-9631\" aria-expanded=\"false\">Jousiorkesterit<\/div>\n\t\t\t\t\t\t\t\t\t<div id=\"elementor-tab-title-9632\" class=\"elementor-tab-title elementor-tab-desktop-title\" aria-selected=\"false\" data-tab=\"2\" role=\"tab\" tabindex=\"-1\" aria-controls=\"elementor-tab-content-9632\" aria-expanded=\"false\">Puhallinorkesterit<\/div>\n\t\t\t\t\t\t\t\t\t<div id=\"elementor-tab-title-9633\" class=\"elementor-tab-title elementor-tab-desktop-title\" aria-selected=\"false\" data-tab=\"3\" role=\"tab\" tabindex=\"-1\" aria-controls=\"elementor-tab-content-9633\" aria-expanded=\"false\">Kuoro<\/div>\n\t\t\t\t\t\t\t\t\t<div id=\"elementor-tab-title-9634\" class=\"elementor-tab-title elementor-tab-desktop-title\" aria-selected=\"false\" data-tab=\"4\" role=\"tab\" tabindex=\"-1\" aria-controls=\"elementor-tab-content-9634\" aria-expanded=\"false\">Harmonix sek\u00e4 muut orkesterit ja yhtyeet<\/div>\n\t\t\t\t\t\t\t<\/div>\n\t\t\t<div class=\"elementor-tabs-content-wrapper\" role=\"tablist\" aria-orientation=\"vertical\">\n\t\t\t\t\t\t\t\t\t<div class=\"elementor-tab-title elementor-tab-mobile-title\" aria-selected=\"true\" data-tab=\"1\" role=\"tab\" tabindex=\"0\" aria-controls=\"elementor-tab-content-9631\" aria-expanded=\"false\">Jousiorkesterit<\/div>\n\t\t\t\t\t<div id=\"elementor-tab-content-9631\" class=\"elementor-tab-content elementor-clearfix\" data-tab=\"1\" role=\"tabpanel\" aria-labelledby=\"elementor-tab-title-9631\" tabindex=\"0\" hidden=\"false\"><h4>Viikariorkesteri<\/h4><p>Viikariorkesteri on noin 40 hengen soittajisto, jossa useimmat jousisoittajat aloittavat orkesteriopintonsa. Orkesterissa soittaa 9-13-vuotiaita lapsia ja nuoria soittiminaan viulu, alttoviulu, sello ja kontrabasso. Viikarit harjoittelevat keskiviikkoisin kapellimestari Maija Sinisalon johdolla. Opettajatiimiss\u00e4 ovat mukana my\u00f6s Katariina Z\u00e1borszky (viulu), Tina Br\u00e4nnk\u00e4rr (alttoviulu), Anna Hannikainen (sello) sek\u00e4 Marja-Helena Ojanper\u00e4 (kontrabasso).<\/p><p><strong>Tempo-orkesterit<\/strong><\/p><p>IHMOn Tempo-orkesterit toimivat\u00a0Merilahden peruskoulussa,\u00a0jonka orkesterissa on 24 soittajaa ja\u00a0Kankarepuiston koulussa\u00a032 soittajan voimin.\u00a0Oppilaat osallistuvat oman 15 minuutin yksil\u00f6tunnin lis\u00e4ksi tunnin orkesteriharjoitukseen kaksi kertaa viikossa. He saavat toiminnan ajaksi k\u00e4ytt\u00f6\u00f6ns\u00e4 omat soittimet. L\u00e4ht\u00f6kohta on yhteis\u00f6llinen ja motivaatiota yll\u00e4pidet\u00e4\u00e4n ahkerasti esiintym\u00e4ll\u00e4. Esimerkiksi syyslukukaudella kumpikin Tempo esiintyi oman koulunsa oppilaille, vanhemmille sek\u00e4 omassa joulujuhlassa, yhteens\u00e4 kolme kertaa.<\/p><p>Tempo-toimintaa vet\u00e4\u00e4\u00a0Verna Kaunisto, kansainv\u00e4lisen El Sistema \u2013 yhteis\u00f6n pitk\u00e4n linjan musiikkipedagogi ja El Sistema Finland ry.n toiminnanjohtaja. H\u00e4nen apunaan toimii IHMOsta valmistuneet nuoret,Silja Toivio\u00a0ja\u00a0Lilla Peura\u00a0sek\u00e4 Metropolian opetusharjoittelijoita.<\/p><h4>Helsingin Lapsijouset<\/h4><p>Helsingin Lapsijousissa soittajia on noin 40. Soittajat ovat i\u00e4lt\u00e4\u00e4n n. 10-13-vuotiaita. Orkesteria johtaa Tarja Nyberg. Lapsijousten stemma- ja tuttiharjoitukset ovat tiistaisin.<\/p><h4>Prima Nota -orkesteri<\/h4><p>Prima Nota orkesteri on noin 50 jousisoittajan kokoonpano, joka kokoontuu kerran viikossa stemma ja tuttiharjoitukseen. Orkesterin ohjelmistossa pyrit\u00e4\u00e4n monipuolisuuteen ja ohjelmistoon kuuluu niin 1600-luvun barokkimusiikkia kuin elokuvas\u00e4velmi\u00e4 ja kaikkea silt\u00e4 v\u00e4lilt\u00e4. Hyv\u00e4n ja nautittavan lopputuloksen saavuttamiseksi orkesterin opettajatiimi huolehtii kunkin soitinryhm\u00e4n osaamisesta stemmaharjoituksissa ja tuttiharjoituksessa koko orkesteri kokoontuu yhteen hiomaan yhteissoittoa ja kokonaistulkintaa.<\/p><p>Soittajat Prima Nota orkesterissa ovat p\u00e4\u00e4aineen opinnoissaan tasoilla 3 ja 4 ja suurin osa oppilaista on 13\u201320-vuotiaita. Stemmaharjoitus kest\u00e4\u00e4 45 minuuttia ja tuttiharjoitus 60 minuuttia viikossa.<\/p><h4><a href=\"http:\/\/ihmo.fi\/ihmo\/juniorijouset\">Helsingin Juniorijouset<\/a><\/h4><p><span style=\"background-color: transparent;\"><a href=\"https:\/\/juniorijouset.fi\">Helsingin Juniorijouset<\/a> (The Helsinki Strings) on It\u00e4-Helsingin musiikkiopiston maailmanmaineeseen noussut jousiorkesteri, jonka soittajat ovat 11\u201317-vuotiaita. Orkesterin perustivat vuonna 1972 G\u00e9za ja Csaba Szilvay. Helsingin Juniorijouset on kolmiportaisen orkesterikoulutuksen huippu, jonne soittajat nousevat Viikariorkesterin ja Helsingin Lapsijousten kautta. Orkesterien koulutus perustuu It\u00e4-Helsingin musiikkiopistossa kehitettyyn Colourstrings-opetukseen. <\/span><\/p><p><span style=\"background-color: transparent;\">Juniorijousten konsertti-, levytys- ja koulutustoiminta ovat merkitt\u00e4v\u00e4sti vaikuttaneet Suomen musiikkikasvatukseen ja tehneet suomalaista kulttuuria ja musiikkikasvatusta tunnetuksi eri puolilla maailmaa.\u00a0<\/span><\/p><p><span style=\"color: var( --e-global-color-text ); background-color: transparent;\">Syksyst\u00e4 2022 l\u00e4htien Helsingin Juniorijousten kapellimestarina on toiminut Kasmir Uusitupa, yksi maamme monipuolisimmista nuorista viulisteista. Kasmir Uusitupa on itsekin aloittanut viuluopintonsa It\u00e4-Helsingin musiikkiopistossa Lauri Untamalan johdolla ja soittanut useita vuosia Helsingin Juniorijousissa.<\/span><\/p><div>\u00a0<\/div><\/div>\n\t\t\t\t\t\t\t\t\t<div class=\"elementor-tab-title elementor-tab-mobile-title\" aria-selected=\"false\" data-tab=\"2\" role=\"tab\" tabindex=\"-1\" aria-controls=\"elementor-tab-content-9632\" aria-expanded=\"false\">Puhallinorkesterit<\/div>\n\t\t\t\t\t<div id=\"elementor-tab-content-9632\" class=\"elementor-tab-content elementor-clearfix\" data-tab=\"2\" role=\"tabpanel\" aria-labelledby=\"elementor-tab-title-9632\" tabindex=\"0\" hidden=\"hidden\"><h4>Tuuliviiri ja <a href=\"https:\/\/ihmo.fi\/ihmo\/itatuuli\/\">It\u00e4tuuli<\/a><\/h4><p>It\u00e4-Helsingin musiikkiopiston puhallinorkesteri perustettiin vuonna 1995 Helena Sinisalon toimesta. Aluksi soittajia oli vain kymmenkunta ja soitinvalikoimakin melko pieni. Nykyisin puhallinorkesterit It\u00e4tuuli ja Tuuliviiri ovat vakiintuneet oleelliseksi osaksi musiikkiopiston toimintaa. Orkestereissa on yli sata soittajaa (lukuvuonna 2025-2026 soittajia on yht. 139), i\u00e4lt\u00e4\u00e4n 10\u201320 -vuotiaita. Arvokkaana lis\u00e4n\u00e4 on orkesterissa soittaa my\u00f6s musiikkiopiston ulkopuolisia soittajia. Soitinvalikoima kattaa kaikki puhallinorkestereissa tarvittavat soittimet.\u00a0\u00a0<\/p><p><span style=\"color: var( --e-global-color-text ); background-color: transparent;\">It\u00e4tuuli ja Tuuliviiri tunnetaan Suomessa ja tunnetaan nimenomaan soivasta laadustaan. Aivan oma merkityksens\u00e4 soinnille on opettajien osallistuminen orkesteritoimintaan. Jo vuosia vastuu harjoittamisesta on jaettu soitonopettajille ja moni heist\u00e4 my\u00f6s soittaa oppilaidensa kanssa orkestereissa. Orkestereita on pyydetty esiintym\u00e4\u00e4n n\u00e4ytt\u00e4viin tilaisuuksiin ja suuriinkin saleihin: Pohjoismaiset puhallinp\u00e4iv\u00e4t, Musiikkitalon konsertit yhteisty\u00f6ss\u00e4 Helsingin kaupunginorkesterin kanssa, vapputervehdys Presidentinlinnassa ym. N\u00e4kyv\u00e4 toiminta on tuonut my\u00f6s Helsingin Suomen puhallinmusiikkikartalle. Toimivan tukiorganisaation ansiosta konserttij\u00e4rjestelyt kotimaassa ja lukuisat konserttimatkat ulkomaille on aina hoidettu ammattitaitoisesti.\u00a0 <\/span><\/p><p>Tuuliviirin ja It\u00e4tuulen uutena kapellimestarina aloitti, tammikuussa 2026, Jyri Nissil\u00e4.<\/p><h4>Piiparit<\/h4><p aria-level=\"2\"><span data-contrast=\"none\">Puhallinorkesteri Piiparit on orkesterisoittoa aloittavien oppilaiden orkesteri, joka aloitti nykyisess\u00e4 muodossaan syksyll\u00e4 2019. Piiparien kapellimestarina toimii Marika Toivonen. Harjoitukset toteutetaan lukuvuoden aikana kahtena koko orkesterin periodina (syksy ja kev\u00e4t). T\u00e4m\u00e4n lis\u00e4ksi on lukukausien p\u00e4\u00e4tteeksi konsertti, jossa kaikki puhallinorkesterit esiintyv\u00e4t. <\/span><span data-ccp-props=\"{\">\u00a0<\/span><\/p><p class=\"x_MsoNormal\" data-olk-copy-source=\"MessageBody\"><strong>Piipareiden kev\u00e4tperiodin 2026 harjoitusajat perjantaisin <span data-teams=\"true\">klo 17.00-18.15 <br \/><\/span><\/strong>Herttoniemenrannan koulun Teatteriaulassa: <strong>13.3., 20.3., 17.4., 8.5. ja 22.5. ja <\/strong><br \/><strong>kev\u00e4tkonsertti tiistaina 26.5.<\/strong> Tuuliviiri orkesterin kanssa Laajasalon kirkossa. <br \/>Konserttiharjoituksista ym. tiedotetaan erikseen.<\/p><p aria-level=\"2\"><b><br \/><\/b><b><\/b><\/p><\/div>\n\t\t\t\t\t\t\t\t\t<div class=\"elementor-tab-title elementor-tab-mobile-title\" aria-selected=\"false\" data-tab=\"3\" role=\"tab\" tabindex=\"-1\" aria-controls=\"elementor-tab-content-9633\" aria-expanded=\"false\">Kuoro<\/div>\n\t\t\t\t\t<div id=\"elementor-tab-content-9633\" class=\"elementor-tab-content elementor-clearfix\" data-tab=\"3\" role=\"tabpanel\" aria-labelledby=\"elementor-tab-title-9633\" tabindex=\"0\" hidden=\"hidden\"><p>SONETTI-kuoro on tarkoitettu kaikille lauluhaluisille lapsille 6-vuotiaista alkaen. Laulamisen ja \u00e4\u00e4nileikkien lis\u00e4ksi kuorossa harjoitellaan ilmaisua ja musiikkiin el\u00e4ytymist\u00e4 monipuolisilla ty\u00f6tavoilla mm. liikkeen ja rytmiikan keinoin. Kuoron tavoitteita:<br \/>\u2022 Kaveri- ja ryhm\u00e4taitojen kehitt\u00e4minen<br \/>\u2022 Musiikillisen itseilmaisun tukeminen: <br \/>&#8211; monipuoliseen \u00e4\u00e4nenk\u00e4ytt\u00f6\u00f6n rohkaiseminen ja lauluilmaisun tukeminen<br \/>&#8211; kehotietoisuuden kasvattaminen ja kehollisen itseilmaisun vahvistaminen<\/p><p>Ohjelmisto koostuu mm. lastenlauluista, eri maiden kansanlauluista sek\u00e4 lasten omista toiveista, jotka otetaan huomioon ja toteutetaan mahdollisuuksien mukaan.<\/p><p>Kuoronjohtajana toimii musiikin maisterit Ulla Piispanen ja Tuuli Ingman.<\/p><p>Kuoro harjoittelee torstaisin Iiris-keskuksen tiloissa It\u00e4keskuksessa:<br \/>\u2022 klo 16.30\u201317.30 yli 10-vuotiaat, ohjaa Tuuli Ingman<br \/>\u2022 klo 16.30\u201317.30 8\u20139-vuotiaat, ohjaa Ulla Piispanen<br \/>\u2022 klo 17.30\u201318.30 7\u20139-vuotiaat, ohjaa Tuuli Ingman<br \/>\u2022 klo 17.30\u201318.30 6\u20137-vuotiaat, ohjaa Ulla Piispanen<\/p><\/div>\n\t\t\t\t\t\t\t\t\t<div class=\"elementor-tab-title elementor-tab-mobile-title\" aria-selected=\"false\" data-tab=\"4\" role=\"tab\" tabindex=\"-1\" aria-controls=\"elementor-tab-content-9634\" aria-expanded=\"false\">Harmonix sek\u00e4 muut orkesterit ja yhtyeet<\/div>\n\t\t\t\t\t<div id=\"elementor-tab-content-9634\" class=\"elementor-tab-content elementor-clearfix\" data-tab=\"4\" role=\"tabpanel\" aria-labelledby=\"elementor-tab-title-9634\" tabindex=\"0\" hidden=\"hidden\"><p>Musiikkiopistossa toimii useita soitinkohtaisia yhtyeit\u00e4. Suurimpia s\u00e4\u00e4nn\u00f6llisesti toimivia kokoonpanoja ovat harmonikkaorkesteri sek\u00e4 kitaraorkesteri. Vuosittain toteutettavan barokkikurssin yhteydess\u00e4 toimii my\u00f6s barokkiorkesteri.<\/p><p><strong>Harmonix<\/strong><br \/>It\u00e4-Helsingin musiikkiopiston 12\u201319-vuotiaiden nuorten harmonikkaorkesteri Harmonix esitt\u00e4\u00e4 svengaavia sovituksia pop- ja jazz-klassikoista. Orkesterin kokoonpanoon kuuluu 10 harmonikkaa, huilu, s\u00e4hk\u00f6kitara, s\u00e4hk\u00f6basso sek\u00e4 rummut.<\/p><p>Orkesteri palkittiin Harmonikkaorkesterien SM-kilpailussa 2022 sarjansa ensimm\u00e4isell\u00e4 sijalla. Kev\u00e4\u00e4ll\u00e4 2025 orkesteri osallistui menestyksekk\u00e4\u00e4sti\u00a0 kansainv\u00e4lisiin kilpailuihin Kroatiassa voittaen oman sarjansa ensimm\u00e4isen palkinnon. Orkesteria johtaa Antti Leinonen.<\/p><\/div>\n\t\t\t\t\t\t\t<\/div>\n\t\t<\/div>\n\t\t\t\t\t\t<\/div>\n\t\t\t\t<\/div>\n\t\t\t\t<div class=\"elementor-element elementor-element-6644140 elementor-widget elementor-widget-spacer\" data-id=\"6644140\" data-element_type=\"widget\" data-e-type=\"widget\" data-widget_type=\"spacer.default\">\n\t\t\t\t<div class=\"elementor-widget-container\">\n\t\t\t\t\t\t\t<div class=\"elementor-spacer\">\n\t\t\t<div class=\"elementor-spacer-inner\"><\/div>\n\t\t<\/div>\n\t\t\t\t\t\t<\/div>\n\t\t\t\t<\/div>\n\t\t\t\t\t<\/div>\n\t\t<\/div>\n\t\t\t\t\t<\/div>\n\t\t<\/section>\n\t\t\t\t<\/div>\n\t\t","protected":false},"excerpt":{"rendered":"<p>Yhteismusisointi It\u00e4-Helsingin musiikkiopiston\u00a0opetussuunnitelmassa yhteismusisointi on keskeisess\u00e4 asemassa.\u00a0Yhteismusisointi alkaa jo valmentavan vaiheen opinnoissa\u00a0jatkuen\u00a0edelleen\u00a0musiikin hahmotusaineissa, omaan soittimen opintoihin kuuluvassa\u00a0ryhm\u00e4soitossa\u00a0ja kamarimusiikissa.\u00a0\u00a0\u00a0 Musiikkiopisto\u00a0on tunnettu korkealaatuisista\u00a0jousi- ja puhallinorkestereistaan.\u00a0 Opiston jousiorkesterit ovat Prima\u00a0Nota, Viikariorkesteri, Helsingin Lapsijouset ja Helsingin Juniorijouset.\u00a0Prima\u00a0Nota, Viikarit ja Lapsijouset ovat p\u00e4\u00e4s\u00e4\u00e4nt\u00f6isesti perusopintojen orkestereita, ja Juniorijouset kuuluvat syvent\u00e4viin opintoihin.\u00a0 Musiikkiopistossa on kolme puhallinorkesteria: Piiparit, Tuuliviiri ja It\u00e4tuuli. Kaikkiin puhallinorkestereihin [&hellip;]<\/p>\n","protected":false},"author":156753792,"featured_media":0,"parent":686,"menu_order":0,"comment_status":"closed","ping_status":"closed","template":"","meta":{"footnotes":""},"class_list":["post-1943","page","type-page","status-publish","hentry"],"_links":{"self":[{"href":"https:\/\/ihmo.fi\/ihmo\/wp-json\/wp\/v2\/pages\/1943","targetHints":{"allow":["GET"]}}],"collection":[{"href":"https:\/\/ihmo.fi\/ihmo\/wp-json\/wp\/v2\/pages"}],"about":[{"href":"https:\/\/ihmo.fi\/ihmo\/wp-json\/wp\/v2\/types\/page"}],"author":[{"embeddable":true,"href":"https:\/\/ihmo.fi\/ihmo\/wp-json\/wp\/v2\/users\/156753792"}],"replies":[{"embeddable":true,"href":"https:\/\/ihmo.fi\/ihmo\/wp-json\/wp\/v2\/comments?post=1943"}],"version-history":[{"count":276,"href":"https:\/\/ihmo.fi\/ihmo\/wp-json\/wp\/v2\/pages\/1943\/revisions"}],"predecessor-version":[{"id":18768,"href":"https:\/\/ihmo.fi\/ihmo\/wp-json\/wp\/v2\/pages\/1943\/revisions\/18768"}],"up":[{"embeddable":true,"href":"https:\/\/ihmo.fi\/ihmo\/wp-json\/wp\/v2\/pages\/686"}],"wp:attachment":[{"href":"https:\/\/ihmo.fi\/ihmo\/wp-json\/wp\/v2\/media?parent=1943"}],"curies":[{"name":"wp","href":"https:\/\/api.w.org\/{rel}","templated":true}]}}