{"id":666,"date":"2021-02-17T11:48:55","date_gmt":"2021-02-17T09:48:55","guid":{"rendered":"https:\/\/ihmo.fi\/ihmo\/?page_id=666"},"modified":"2025-09-09T14:12:19","modified_gmt":"2025-09-09T11:12:19","slug":"etusivu","status":"publish","type":"page","link":"https:\/\/ihmo.fi\/ihmo\/","title":{"rendered":"Etusivu"},"content":{"rendered":"\t\t<div data-elementor-type=\"wp-post\" data-elementor-id=\"666\" class=\"elementor elementor-666\" data-elementor-post-type=\"page\">\n\t\t\t\t\t\t<section class=\"elementor-section elementor-top-section elementor-element elementor-element-d7a7f67 elementor-section-full_width elementor-section-height-min-height elementor-section-content-middle elementor-section-height-default elementor-section-items-middle\" data-id=\"d7a7f67\" data-element_type=\"section\" data-e-type=\"section\" data-settings=\"{&quot;background_video_link&quot;:&quot;https:\\\/\\\/www.youtube.com\\\/watch?v=4uEphknS9yM&quot;,&quot;background_video_end&quot;:0,&quot;background_video_start&quot;:0,&quot;background_play_on_mobile&quot;:&quot;yes&quot;,&quot;background_background&quot;:&quot;video&quot;,&quot;sticky&quot;:&quot;top&quot;,&quot;background_privacy_mode&quot;:&quot;yes&quot;,&quot;sticky_on&quot;:[&quot;desktop&quot;,&quot;tablet&quot;,&quot;mobile&quot;],&quot;sticky_offset&quot;:0,&quot;sticky_effects_offset&quot;:0,&quot;sticky_anchor_link_offset&quot;:0}\">\n\t\t\t\t\t\t\t\t<div class=\"elementor-background-video-container\">\n\t\t\t\t\t\t\t\t\t\t\t\t\t<div class=\"elementor-background-video-embed\" role=\"presentation\"><\/div>\n\t\t\t\t\t\t\t\t\t\t\t\t<\/div>\n\t\t\t\t\t\t\t\t<div class=\"elementor-container elementor-column-gap-default\">\n\t\t\t\t\t<div class=\"elementor-column elementor-col-100 elementor-top-column elementor-element elementor-element-8d567fe\" data-id=\"8d567fe\" data-element_type=\"column\" data-e-type=\"column\" data-settings=\"{&quot;motion_fx_motion_fx_scrolling&quot;:&quot;yes&quot;,&quot;motion_fx_range&quot;:&quot;page&quot;,&quot;motion_fx_devices&quot;:[&quot;desktop&quot;,&quot;tablet&quot;,&quot;mobile&quot;]}\">\n\t\t\t<div class=\"elementor-widget-wrap elementor-element-populated\">\n\t\t\t\t\t\t\t<\/div>\n\t\t<\/div>\n\t\t\t\t\t<\/div>\n\t\t<\/section>\n\t\t\t\t<section class=\"elementor-section elementor-top-section elementor-element elementor-element-8566532 elementor-section-height-min-height elementor-section-content-top elementor-section-boxed elementor-section-height-default elementor-section-items-middle\" data-id=\"8566532\" data-element_type=\"section\" data-e-type=\"section\" data-settings=\"{&quot;motion_fx_motion_fx_scrolling&quot;:&quot;yes&quot;,&quot;motion_fx_devices&quot;:[&quot;desktop&quot;,&quot;tablet&quot;,&quot;mobile&quot;]}\">\n\t\t\t\t\t\t<div class=\"elementor-container elementor-column-gap-default\">\n\t\t\t\t\t<div class=\"elementor-column elementor-col-100 elementor-top-column elementor-element elementor-element-4501abf\" data-id=\"4501abf\" data-element_type=\"column\" data-e-type=\"column\">\n\t\t\t<div class=\"elementor-widget-wrap elementor-element-populated\">\n\t\t\t\t\t\t\t<\/div>\n\t\t<\/div>\n\t\t\t\t\t<\/div>\n\t\t<\/section>\n\t\t\t\t<section class=\"elementor-section elementor-top-section elementor-element elementor-element-8e0ad50 elementor-section-boxed elementor-section-height-default elementor-section-height-default\" data-id=\"8e0ad50\" data-element_type=\"section\" data-e-type=\"section\">\n\t\t\t\t\t\t<div class=\"elementor-container elementor-column-gap-default\">\n\t\t\t\t\t<div class=\"elementor-column elementor-col-100 elementor-top-column elementor-element elementor-element-2da09a7\" data-id=\"2da09a7\" data-element_type=\"column\" data-e-type=\"column\">\n\t\t\t<div class=\"elementor-widget-wrap elementor-element-populated\">\n\t\t\t\t\t\t<div class=\"elementor-element elementor-element-51dc81e elementor-widget elementor-widget-image\" data-id=\"51dc81e\" data-element_type=\"widget\" data-e-type=\"widget\" data-widget_type=\"image.default\">\n\t\t\t\t<div class=\"elementor-widget-container\">\n\t\t\t\t\t\t\t\t\t\t\t\t\t\t\t<img decoding=\"async\" src=\"https:\/\/ihmo.fi\/ihmo\/wp-content\/uploads\/elementor\/thumbs\/alapalkk2-sini-pc8f7rbz0u3egk7oht2wcehwjlp78odsfali2f44ts.png\" title=\"alapalkk2 sini\" alt=\"alapalkk2 sini\" loading=\"lazy\" \/>\t\t\t\t\t\t\t\t\t\t\t\t\t\t\t<\/div>\n\t\t\t\t<\/div>\n\t\t\t\t\t<\/div>\n\t\t<\/div>\n\t\t\t\t\t<\/div>\n\t\t<\/section>\n\t\t\t\t<section class=\"elementor-section elementor-top-section elementor-element elementor-element-3213f66 elementor-section-boxed elementor-section-height-default elementor-section-height-default\" data-id=\"3213f66\" data-element_type=\"section\" data-e-type=\"section\">\n\t\t\t\t\t\t<div class=\"elementor-container elementor-column-gap-default\">\n\t\t\t\t\t<div class=\"elementor-column elementor-col-100 elementor-top-column elementor-element elementor-element-ec7a638\" data-id=\"ec7a638\" data-element_type=\"column\" data-e-type=\"column\" data-settings=\"{&quot;background_background&quot;:&quot;classic&quot;}\">\n\t\t\t<div class=\"elementor-widget-wrap elementor-element-populated\">\n\t\t\t\t\t\t<section class=\"elementor-section elementor-inner-section elementor-element elementor-element-4272013 elementor-section-boxed elementor-section-height-default elementor-section-height-default\" data-id=\"4272013\" data-element_type=\"section\" data-e-type=\"section\">\n\t\t\t\t\t\t<div class=\"elementor-container elementor-column-gap-default\">\n\t\t\t\t\t<div class=\"elementor-column elementor-col-50 elementor-inner-column elementor-element elementor-element-7662dbb\" data-id=\"7662dbb\" data-element_type=\"column\" data-e-type=\"column\" data-settings=\"{&quot;background_background&quot;:&quot;gradient&quot;}\">\n\t\t\t<div class=\"elementor-widget-wrap elementor-element-populated\">\n\t\t\t\t\t\t<div class=\"elementor-element elementor-element-822ba96 elementor-widget elementor-widget-heading\" data-id=\"822ba96\" data-element_type=\"widget\" data-e-type=\"widget\" data-widget_type=\"heading.default\">\n\t\t\t\t<div class=\"elementor-widget-container\">\n\t\t\t\t\t<h2 class=\"elementor-heading-title elementor-size-default\"><a href=\"https:\/\/ihmo.fi\/ihmo\/tapahtumakalenteri\">Tulevat tapahtumat<\/a><\/h2>\t\t\t\t<\/div>\n\t\t\t\t<\/div>\n\t\t\t\t<div class=\"elementor-element elementor-element-ef938c3 e-transform elementor-widget elementor-widget-image\" data-id=\"ef938c3\" data-element_type=\"widget\" data-e-type=\"widget\" data-settings=\"{&quot;_transform_scale_effect_hover&quot;:{&quot;unit&quot;:&quot;px&quot;,&quot;size&quot;:0.90000000000000002220446049250313080847263336181640625,&quot;sizes&quot;:[]},&quot;_transform_scale_effect_hover_tablet&quot;:{&quot;unit&quot;:&quot;px&quot;,&quot;size&quot;:&quot;&quot;,&quot;sizes&quot;:[]},&quot;_transform_scale_effect_hover_mobile&quot;:{&quot;unit&quot;:&quot;px&quot;,&quot;size&quot;:&quot;&quot;,&quot;sizes&quot;:[]}}\" data-widget_type=\"image.default\">\n\t\t\t\t<div class=\"elementor-widget-container\">\n\t\t\t\t\t\t\t\t\t\t\t\t\t\t\t\t<a href=\"https:\/\/ihmo.fi\/ihmo\/?page_id=1959\">\n\t\t\t\t\t\t\t<img fetchpriority=\"high\" decoding=\"async\" width=\"300\" height=\"201\" src=\"https:\/\/ihmo.fi\/ihmo\/wp-content\/uploads\/2023\/01\/Sipulius_opettaa_.png\" class=\"attachment-medium size-medium wp-image-7507\" alt=\"\" srcset=\"https:\/\/ihmo.fi\/ihmo\/wp-content\/uploads\/2023\/01\/Sipulius_opettaa_.png 300w, https:\/\/ihmo.fi\/ihmo\/wp-content\/uploads\/2023\/01\/Sipulius_opettaa_-150x101.png 150w\" sizes=\"(max-width: 300px) 100vw, 300px\" \/>\t\t\t\t\t\t\t\t<\/a>\n\t\t\t\t\t\t\t\t\t\t\t\t\t\t\t<\/div>\n\t\t\t\t<\/div>\n\t\t\t\t<div class=\"elementor-element elementor-element-6e36a21 elementor-widget elementor-widget-wp-widget-eepos_events_upcoming_widget\" data-id=\"6e36a21\" data-element_type=\"widget\" data-e-type=\"widget\" data-widget_type=\"wp-widget-eepos_events_upcoming_widget.default\">\n\t\t\t\t<div class=\"elementor-widget-container\">\n\t\t\t\t\t\t\t<div class=\"eepos-events-upcoming-widget with-default-styles\">\n\t\t\t\t\t\t\t\t\t\t<ul class=\"event-list\">\n\t\t\t\t\t\t\t\t\t\t\t<li class=\"event\">\n\t\t\t\t\t\t\t<div class=\"event-title\">Huilujen kev\u00e4tkonsertti<\/div>\n\t\t\t\t\t\t\t<div class=\"event-date\">\n\t\t\t\t\t\t\t\tpe 15.5.\t\t\t\t\t\t\t\t\t\t\t\t\t\t\t\t\tklo 17.30\t\t\t\t\t\t\t\t\t\t\t\t\t\t\t<\/div>\n\t\t\t\t\t\t\t\t\t\t\t\t\t\t\t<div class=\"event-location\">Str\u00f6ms<\/div>\n\t\t\t\t\t\t\t\t\t\t\t\t\t<\/li>\n\t\t\t\t\t\t\t\t\t\t\t<li class=\"event\">\n\t\t\t\t\t\t\t<div class=\"event-title\">Sello- ja bassotasot<\/div>\n\t\t\t\t\t\t\t<div class=\"event-date\">\n\t\t\t\t\t\t\t\tpe 15.5.\t\t\t\t\t\t\t\t\t\t\t\t\t\t\t\t\tklo 18.00\t\t\t\t\t\t\t\t\t\t\t\t\t\t\t<\/div>\n\t\t\t\t\t\t\t\t\t\t\t\t\t\t\t<div class=\"event-location\">Iiris-sali, os. Marjaniementie 74<\/div>\n\t\t\t\t\t\t\t\t\t\t\t\t\t<\/li>\n\t\t\t\t\t\t\t\t\t\t\t<li class=\"event\">\n\t\t\t\t\t\t\t<div class=\"event-title\">Klarinettien kev\u00e4tviserrys<\/div>\n\t\t\t\t\t\t\t<div class=\"event-date\">\n\t\t\t\t\t\t\t\tpe 15.5.\t\t\t\t\t\t\t\t\t\t\t\t\t\t\t\t\tklo 18.00\t\t\t\t\t\t\t\t\t\t\t\t\t\t\t<\/div>\n\t\t\t\t\t\t\t\t\t\t\t\t\t\t\t<div class=\"event-location\">Iiris Muskarisali, Marjaniementie 74, 2. Krs<\/div>\n\t\t\t\t\t\t\t\t\t\t\t\t\t<\/li>\n\t\t\t\t\t\t\t\t\t\t\t<li class=\"event\">\n\t\t\t\t\t\t\t<div class=\"event-title\">Oppilasilta 41<\/div>\n\t\t\t\t\t\t\t<div class=\"event-date\">\n\t\t\t\t\t\t\t\tpe 15.5.\t\t\t\t\t\t\t\t\t\t\t\t\t\t\t\t\tklo 18.30\t\t\t\t\t\t\t\t\t\t\t\t\t\t\t<\/div>\n\t\t\t\t\t\t\t\t\t\t\t\t\t\t\t<div class=\"event-location\">Ahti Sonninen -sali, Str\u00f6ms, Untuvaisentie 10<\/div>\n\t\t\t\t\t\t\t\t\t\t\t\t\t<\/li>\n\t\t\t\t\t\t\t\t\t\t\t<li class=\"event\">\n\t\t\t\t\t\t\t<div class=\"event-title\">Link\u00f6pingin Kulttuurikoulun puhallinorkestereiden vierailukonsertti yhdess\u00e4 Tuuliviirin kanssa<\/div>\n\t\t\t\t\t\t\t<div class=\"event-date\">\n\t\t\t\t\t\t\t\tpe 15.5.\t\t\t\t\t\t\t\t\t\t\t\t\t\t\t\t\tklo 19.00\t\t\t\t\t\t\t\t\t\t\t\t\t\t\t<\/div>\n\t\t\t\t\t\t\t\t\t\t\t\t\t\t\t<div class=\"event-location\">Laajasalon kirkko, os.Reposalmentie 13<\/div>\n\t\t\t\t\t\t\t\t\t\t\t\t\t<\/li>\n\t\t\t\t\t\t\t\t\t\t\t<li class=\"event\">\n\t\t\t\t\t\t\t<div class=\"event-title\">Aija-Riikka Kyll\u00f6sen piano- ja Lucia Nakova-Haikaraisen viuluoppilaiden kev\u00e4tsoitto<\/div>\n\t\t\t\t\t\t\t<div class=\"event-date\">\n\t\t\t\t\t\t\t\tla 16.5.\t\t\t\t\t\t\t\t\t\t\t\t\t\t\t\t\tklo 11.30\t\t\t\t\t\t\t\t\t\t\t\t\t\t\t<\/div>\n\t\t\t\t\t\t\t\t\t\t\t\t\t\t\t<div class=\"event-location\">Ahti Sonninen -sali, Str\u00f6ms, Untuvaisentie 10<\/div>\n\t\t\t\t\t\t\t\t\t\t\t\t\t<\/li>\n\t\t\t\t\t\t\t\t\t\t\t<li class=\"event\">\n\t\t\t\t\t\t\t<div class=\"event-title\">Pia Rissasen oppilaiden kev\u00e4iset soittajaiset<\/div>\n\t\t\t\t\t\t\t<div class=\"event-date\">\n\t\t\t\t\t\t\t\tma 18.5.\t\t\t\t\t\t\t\t\t\t\t\t\t\t\t\t\tklo 18.00\t\t\t\t\t\t\t\t\t\t\t\t\t\t\t<\/div>\n\t\t\t\t\t\t\t\t\t\t\t\t\t\t\t<div class=\"event-location\">Iiris sali<\/div>\n\t\t\t\t\t\t\t\t\t\t\t\t\t<\/li>\n\t\t\t\t\t\t\t\t\t\t\t<li class=\"event\">\n\t\t\t\t\t\t\t<div class=\"event-title\">Viulumusiikkia Roihuvuoren senioritalossa<\/div>\n\t\t\t\t\t\t\t<div class=\"event-date\">\n\t\t\t\t\t\t\t\tti 19.5.\t\t\t\t\t\t\t\t\t\t\t\t\t\t\t\t\tklo 14.00\t\t\t\t\t\t\t\t\t\t\t\t\t\t\t<\/div>\n\t\t\t\t\t\t\t\t\t\t\t\t\t\t\t<div class=\"event-location\">Roihuvuoren seniorikeskus<\/div>\n\t\t\t\t\t\t\t\t\t\t\t\t\t<\/li>\n\t\t\t\t\t\t\t\t\t\t\t<li class=\"event\">\n\t\t\t\t\t\t\t<div class=\"event-title\">Harmonikkojen kev\u00e4tkonsertti<\/div>\n\t\t\t\t\t\t\t<div class=\"event-date\">\n\t\t\t\t\t\t\t\tke 20.5.\t\t\t\t\t\t\t\t\t\t\t\t\t\t\t\t\tklo 18.30\t\t\t\t\t\t\t\t\t\t\t\t\t\t\t<\/div>\n\t\t\t\t\t\t\t\t\t\t\t\t\t\t\t<div class=\"event-location\">Karhum\u00e4ki-sali, Str\u00f6ms, Untuvaisentie 10<\/div>\n\t\t\t\t\t\t\t\t\t\t\t\t\t<\/li>\n\t\t\t\t\t\t\t\t\t\t\t<li class=\"event\">\n\t\t\t\t\t\t\t<div class=\"event-title\">Saksofonistien kev\u00e4tkonsertti<\/div>\n\t\t\t\t\t\t\t<div class=\"event-date\">\n\t\t\t\t\t\t\t\tto 21.5.\t\t\t\t\t\t\t\t\t\t\t\t\t\t\t\t\tklo 18.30\t\t\t\t\t\t\t\t\t\t\t\t\t\t\t<\/div>\n\t\t\t\t\t\t\t\t\t\t\t\t\t\t\t<div class=\"event-location\">Keski-Helsingin musiikkiopisto<\/div>\n\t\t\t\t\t\t\t\t\t\t\t\t\t<\/li>\n\t\t\t\t\t\t\t\t\t<\/ul>\n\t\t\t\t\t\t\t\t\t\t<div class=\"more-events\">\n\t\t\t\t\t<a href=\"https:\/\/ihmo.fi\/ihmo\/?page_id=1959\">Kaikki tapahtumat<\/a>\n\t\t\t\t<\/div>\n\t\t\t\t\t<\/div>\n\t\t\t\t\t\t<\/div>\n\t\t\t\t<\/div>\n\t\t\t\t\t<\/div>\n\t\t<\/div>\n\t\t\t\t<div class=\"elementor-column elementor-col-50 elementor-inner-column elementor-element elementor-element-7a32a02\" data-id=\"7a32a02\" data-element_type=\"column\" data-e-type=\"column\" data-settings=\"{&quot;background_background&quot;:&quot;gradient&quot;}\">\n\t\t\t<div class=\"elementor-widget-wrap elementor-element-populated\">\n\t\t\t\t\t\t<div class=\"elementor-element elementor-element-91fbf00 elementor-widget elementor-widget-heading\" data-id=\"91fbf00\" data-element_type=\"widget\" data-e-type=\"widget\" data-widget_type=\"heading.default\">\n\t\t\t\t<div class=\"elementor-widget-container\">\n\t\t\t\t\t<h2 class=\"elementor-heading-title elementor-size-default\"><a href=\"https:\/\/ihmo.fi\/ihmo\/?page_id=3386\">Uutisia IHMOsta<\/a><\/h2>\t\t\t\t<\/div>\n\t\t\t\t<\/div>\n\t\t\t\t<div class=\"elementor-element elementor-element-57e4477 e-transform elementor-widget elementor-widget-image\" data-id=\"57e4477\" data-element_type=\"widget\" data-e-type=\"widget\" data-settings=\"{&quot;_transform_scale_effect_hover&quot;:{&quot;unit&quot;:&quot;px&quot;,&quot;size&quot;:0.90000000000000002220446049250313080847263336181640625,&quot;sizes&quot;:[]},&quot;_transform_scale_effect_hover_tablet&quot;:{&quot;unit&quot;:&quot;px&quot;,&quot;size&quot;:&quot;&quot;,&quot;sizes&quot;:[]},&quot;_transform_scale_effect_hover_mobile&quot;:{&quot;unit&quot;:&quot;px&quot;,&quot;size&quot;:&quot;&quot;,&quot;sizes&quot;:[]}}\" data-widget_type=\"image.default\">\n\t\t\t\t<div class=\"elementor-widget-container\">\n\t\t\t\t\t\t\t\t\t\t\t\t\t\t\t\t<a href=\"https:\/\/ihmo.fi\/ihmo\/?page_id=3386\">\n\t\t\t\t\t\t\t<img decoding=\"async\" width=\"150\" height=\"150\" src=\"https:\/\/ihmo.fi\/ihmo\/wp-content\/uploads\/2025\/09\/IHMO-60v-logo-ilman-taustaa-pieni-150x150.png\" class=\"attachment-thumbnail size-thumbnail wp-image-17414\" alt=\"\" srcset=\"https:\/\/ihmo.fi\/ihmo\/wp-content\/uploads\/2025\/09\/IHMO-60v-logo-ilman-taustaa-pieni-150x150.png 150w, https:\/\/ihmo.fi\/ihmo\/wp-content\/uploads\/2025\/09\/IHMO-60v-logo-ilman-taustaa-pieni.png 250w\" sizes=\"(max-width: 150px) 100vw, 150px\" \/>\t\t\t\t\t\t\t\t<\/a>\n\t\t\t\t\t\t\t\t\t\t\t\t\t\t\t<\/div>\n\t\t\t\t<\/div>\n\t\t\t\t<div class=\"elementor-element elementor-element-a0171c5 elementor-grid-1 elementor-grid-tablet-2 elementor-grid-mobile-1 elementor-posts--thumbnail-top elementor-widget elementor-widget-posts\" data-id=\"a0171c5\" data-element_type=\"widget\" data-e-type=\"widget\" data-settings=\"{&quot;classic_columns&quot;:&quot;1&quot;,&quot;classic_columns_tablet&quot;:&quot;2&quot;,&quot;classic_columns_mobile&quot;:&quot;1&quot;,&quot;classic_row_gap&quot;:{&quot;unit&quot;:&quot;px&quot;,&quot;size&quot;:35,&quot;sizes&quot;:[]},&quot;classic_row_gap_tablet&quot;:{&quot;unit&quot;:&quot;px&quot;,&quot;size&quot;:&quot;&quot;,&quot;sizes&quot;:[]},&quot;classic_row_gap_mobile&quot;:{&quot;unit&quot;:&quot;px&quot;,&quot;size&quot;:&quot;&quot;,&quot;sizes&quot;:[]}}\" data-widget_type=\"posts.classic\">\n\t\t\t\t<div class=\"elementor-widget-container\">\n\t\t\t\t\t\t\t<div class=\"elementor-posts-container elementor-posts elementor-posts--skin-classic elementor-grid\" role=\"list\">\n\t\t\t\t<article class=\"elementor-post elementor-grid-item post-19088 post type-post status-publish format-standard hentry category-ajankohtaista category-yleinen tag-etusivu\" role=\"listitem\">\n\t\t\t\t<div class=\"elementor-post__text\">\n\t\t\t\t<h3 class=\"elementor-post__title\">\n\t\t\t<a href=\"https:\/\/ihmo.fi\/ihmo\/toihin-ihmoon-sellon-ja-kayratorvensoiton-tuntiopettajan-toimet-haussa-nyt\/\" target=&quot;_blank&quot;>\n\t\t\t\tT\u00d6IHIN IHMOon &#8211; p\u00e4\u00e4toimiset tuntiopettajan toimet (sello ja k\u00e4yr\u00e4torvi) haussa nyt\t\t\t<\/a>\n\t\t<\/h3>\n\t\t\t\t<div class=\"elementor-post__meta-data\">\n\t\t\t\t\t<span class=\"elementor-post-date\">\n\t\t\t10.4.2026\t\t<\/span>\n\t\t\t\t<\/div>\n\t\t\t\t<div class=\"elementor-post__excerpt\">\n\t\t\t<p>Avoinna toistaiseksi voimassa olevat ty\u00f6suhteet 1.8.2026 alkaen1. Sellonsoiton p\u00e4\u00e4toiminen tuntiopettajan toimi2. K\u00e4yr\u00e4torvensoiton p\u00e4\u00e4toiminen tuntiopettajan toimi Tulostettava hakuilmoitus: Rekryilmoitus IHMO k2026 k\u00e4yr\u00e4torvi, sello It\u00e4-Helsingin musiikkiopisto, IHMO,<\/p>\n\t\t<\/div>\n\t\t\n\t\t<a class=\"elementor-post__read-more\" href=\"https:\/\/ihmo.fi\/ihmo\/toihin-ihmoon-sellon-ja-kayratorvensoiton-tuntiopettajan-toimet-haussa-nyt\/\" aria-label=\"Read more about T\u00d6IHIN IHMOon &#8211; p\u00e4\u00e4toimiset tuntiopettajan toimet (sello ja k\u00e4yr\u00e4torvi) haussa nyt\" tabindex=\"-1\" target=\"_blank\">\n\t\t\tLue lis\u00e4\u00e4...\t\t<\/a>\n\n\t\t\t\t<\/div>\n\t\t\t\t<\/article>\n\t\t\t\t<article class=\"elementor-post elementor-grid-item post-19024 post type-post status-publish format-standard hentry category-ajankohtaista category-yleinen tag-etusivu tag-hjj\" role=\"listitem\">\n\t\t\t\t<div class=\"elementor-post__text\">\n\t\t\t\t<h3 class=\"elementor-post__title\">\n\t\t\t<a href=\"https:\/\/ihmo.fi\/ihmo\/ihmo-60-vuotta-juhlakonserttipaiva-musiikkitalossa-la-25-4\/\" target=&quot;_blank&quot;>\n\t\t\t\tIHMO 60 vuotta juhlakonserttip\u00e4iv\u00e4 Musiikkitalossa la 25.4.\t\t\t<\/a>\n\t\t<\/h3>\n\t\t\t\t<div class=\"elementor-post__meta-data\">\n\t\t\t\t\t<span class=\"elementor-post-date\">\n\t\t\t2.4.2026\t\t<\/span>\n\t\t\t\t<\/div>\n\t\t\t\t<div class=\"elementor-post__excerpt\">\n\t\t\t<p>It\u00e4-Helsingin musiikkiopiston lukuvuosi 2025\u20132026 on jo t\u00e4h\u00e4n asti ollut yht\u00e4 juhlaa\u00a0 &#8211; nyt olemme jo kev\u00e4thuipennuksen kynnyksell\u00e4. IHMO soi lauantaina 25.4. Helsingin Musiikkitalon juhla-alkusoitoissa l\u00e4mpi\u00f6iss\u00e4<\/p>\n\t\t<\/div>\n\t\t\n\t\t<a class=\"elementor-post__read-more\" href=\"https:\/\/ihmo.fi\/ihmo\/ihmo-60-vuotta-juhlakonserttipaiva-musiikkitalossa-la-25-4\/\" aria-label=\"Read more about IHMO 60 vuotta juhlakonserttip\u00e4iv\u00e4 Musiikkitalossa la 25.4.\" tabindex=\"-1\" target=\"_blank\">\n\t\t\tLue lis\u00e4\u00e4...\t\t<\/a>\n\n\t\t\t\t<\/div>\n\t\t\t\t<\/article>\n\t\t\t\t<article class=\"elementor-post elementor-grid-item post-18953 post type-post status-publish format-standard hentry category-ajankohtaista category-yleinen tag-etusivu\" role=\"listitem\">\n\t\t\t\t<div class=\"elementor-post__text\">\n\t\t\t\t<h3 class=\"elementor-post__title\">\n\t\t\t<a href=\"https:\/\/ihmo.fi\/ihmo\/kutsu-ihmon-kannatusyhdistys-ryn-kevatkokoukseen-2\/\" target=&quot;_blank&quot;>\n\t\t\t\tKutsu IHMOn kannatusyhdistys ry:n kev\u00e4tkokoukseen\t\t\t<\/a>\n\t\t<\/h3>\n\t\t\t\t<div class=\"elementor-post__meta-data\">\n\t\t\t\t\t<span class=\"elementor-post-date\">\n\t\t\t19.3.2026\t\t<\/span>\n\t\t\t\t<\/div>\n\t\t\t\t<div class=\"elementor-post__excerpt\">\n\t\t\t<p>KOKOUSKUTSUTervetuloa It\u00e4-Helsingin musiikkiopiston kannatusyhdistys ry:n kev\u00e4tkokoukseen maanantaina 13.4.2026 klo 19.00 musiikkiopiston Tolonen-saliin (A10, os. Untuvaisentie 10, 00820 Helsinki, 1, krs) Esill\u00e4 ovat s\u00e4\u00e4nt\u00f6m\u00e4\u00e4r\u00e4iset asiat. Lis\u00e4tietoa<\/p>\n\t\t<\/div>\n\t\t\n\t\t<a class=\"elementor-post__read-more\" href=\"https:\/\/ihmo.fi\/ihmo\/kutsu-ihmon-kannatusyhdistys-ryn-kevatkokoukseen-2\/\" aria-label=\"Read more about Kutsu IHMOn kannatusyhdistys ry:n kev\u00e4tkokoukseen\" tabindex=\"-1\" target=\"_blank\">\n\t\t\tLue lis\u00e4\u00e4...\t\t<\/a>\n\n\t\t\t\t<\/div>\n\t\t\t\t<\/article>\n\t\t\t\t<article class=\"elementor-post elementor-grid-item post-18926 post type-post status-publish format-standard hentry category-ajankohtaista category-yleinen tag-etusivu tag-oppilasvalinnat\" role=\"listitem\">\n\t\t\t\t<div class=\"elementor-post__text\">\n\t\t\t\t<h3 class=\"elementor-post__title\">\n\t\t\t<a href=\"https:\/\/ihmo.fi\/ihmo\/hae-soiton-ja-laulunoppilaaksi-7-3-14-4\/\" target=&quot;_blank&quot;>\n\t\t\t\tHae soiton- ja laulunoppilaaksi 7.3.-14.4.\t\t\t<\/a>\n\t\t<\/h3>\n\t\t\t\t<div class=\"elementor-post__meta-data\">\n\t\t\t\t\t<span class=\"elementor-post-date\">\n\t\t\t12.3.2026\t\t<\/span>\n\t\t\t\t<\/div>\n\t\t\t\t<div class=\"elementor-post__excerpt\">\n\t\t\t<p>Ilmoittautuminen kev\u00e4\u00e4n 2026 oppilasvalintoihin on k\u00e4ynniss\u00e4 7.3.\u2013 14.4. Tutustu soittimiin monipuolisesti \u2013 muihinkin kuin kaikkein suosituimpiin (piano, kitara ja ly\u00f6m\u00e4soitin). Vaihtoehtoisia instrumentteja on jopa 19!\u00a0<\/p>\n\t\t<\/div>\n\t\t\n\t\t<a class=\"elementor-post__read-more\" href=\"https:\/\/ihmo.fi\/ihmo\/hae-soiton-ja-laulunoppilaaksi-7-3-14-4\/\" aria-label=\"Read more about Hae soiton- ja laulunoppilaaksi 7.3.-14.4.\" tabindex=\"-1\" target=\"_blank\">\n\t\t\tLue lis\u00e4\u00e4...\t\t<\/a>\n\n\t\t\t\t<\/div>\n\t\t\t\t<\/article>\n\t\t\t\t<article class=\"elementor-post elementor-grid-item post-18864 post type-post status-publish format-standard hentry category-ajankohtaista category-yleinen tag-etusivu\" role=\"listitem\">\n\t\t\t\t<div class=\"elementor-post__text\">\n\t\t\t\t<h3 class=\"elementor-post__title\">\n\t\t\t<a href=\"https:\/\/ihmo.fi\/ihmo\/soitinpolku-7-3-2026-klo-10-30-14-00-iiris-keskuksessa-marjaniementie-74\/\" target=&quot;_blank&quot;>\n\t\t\t\tSoitinpolku 7.3.2026 klo 10.30-14.00 Iiris-keskuksessa (Marjaniementie 74)\t\t\t<\/a>\n\t\t<\/h3>\n\t\t\t\t<div class=\"elementor-post__meta-data\">\n\t\t\t\t\t<span class=\"elementor-post-date\">\n\t\t\t26.2.2026\t\t<\/span>\n\t\t\t\t<\/div>\n\t\t\t\t<div class=\"elementor-post__excerpt\">\n\t\t\t<p>Tervetuloa It\u00e4-Helsingin musiikkiopiston koko perheen Soitinpolku-tapahtumaan lauantaina 7.3.2026 klo 10.30\u201314.00 Iiris-keskukseen (Marjaniementie 74). Soitinpolulla p\u00e4\u00e4see kokeilemaan soittimia opettajien avustamana ja kuulee konserteissa erilaisten soitinten yhteissoittoa.<\/p>\n\t\t<\/div>\n\t\t\n\t\t<a class=\"elementor-post__read-more\" href=\"https:\/\/ihmo.fi\/ihmo\/soitinpolku-7-3-2026-klo-10-30-14-00-iiris-keskuksessa-marjaniementie-74\/\" aria-label=\"Read more about Soitinpolku 7.3.2026 klo 10.30-14.00 Iiris-keskuksessa (Marjaniementie 74)\" tabindex=\"-1\" target=\"_blank\">\n\t\t\tLue lis\u00e4\u00e4...\t\t<\/a>\n\n\t\t\t\t<\/div>\n\t\t\t\t<\/article>\n\t\t\t\t<\/div>\n\t\t\n\t\t\t\t\t\t<\/div>\n\t\t\t\t<\/div>\n\t\t\t\t\t<\/div>\n\t\t<\/div>\n\t\t\t\t\t<\/div>\n\t\t<\/section>\n\t\t\t\t\t<\/div>\n\t\t<\/div>\n\t\t\t\t\t<\/div>\n\t\t<\/section>\n\t\t\t\t<section class=\"elementor-section elementor-top-section elementor-element elementor-element-b5a8eeb elementor-section-height-min-height elementor-reverse-tablet elementor-reverse-mobile elementor-section-boxed elementor-section-height-default elementor-section-items-middle\" data-id=\"b5a8eeb\" data-element_type=\"section\" data-e-type=\"section\" data-settings=\"{&quot;background_background&quot;:&quot;gradient&quot;}\">\n\t\t\t\t\t\t<div class=\"elementor-container elementor-column-gap-default\">\n\t\t\t\t\t<div class=\"elementor-column elementor-col-100 elementor-top-column elementor-element elementor-element-f535cc8\" data-id=\"f535cc8\" data-element_type=\"column\" data-e-type=\"column\">\n\t\t\t<div class=\"elementor-widget-wrap\">\n\t\t\t\t\t\t\t<\/div>\n\t\t<\/div>\n\t\t\t\t\t<\/div>\n\t\t<\/section>\n\t\t\t\t<\/div>\n\t\t","protected":false},"excerpt":{"rendered":"<p>Tulevat tapahtumat Uutisia IHMOsta<\/p>\n","protected":false},"author":156753792,"featured_media":0,"parent":0,"menu_order":1,"comment_status":"closed","ping_status":"closed","template":"","meta":{"footnotes":""},"class_list":["post-666","page","type-page","status-publish","hentry"],"_links":{"self":[{"href":"https:\/\/ihmo.fi\/ihmo\/wp-json\/wp\/v2\/pages\/666","targetHints":{"allow":["GET"]}}],"collection":[{"href":"https:\/\/ihmo.fi\/ihmo\/wp-json\/wp\/v2\/pages"}],"about":[{"href":"https:\/\/ihmo.fi\/ihmo\/wp-json\/wp\/v2\/types\/page"}],"author":[{"embeddable":true,"href":"https:\/\/ihmo.fi\/ihmo\/wp-json\/wp\/v2\/users\/156753792"}],"replies":[{"embeddable":true,"href":"https:\/\/ihmo.fi\/ihmo\/wp-json\/wp\/v2\/comments?post=666"}],"version-history":[{"count":349,"href":"https:\/\/ihmo.fi\/ihmo\/wp-json\/wp\/v2\/pages\/666\/revisions"}],"predecessor-version":[{"id":17422,"href":"https:\/\/ihmo.fi\/ihmo\/wp-json\/wp\/v2\/pages\/666\/revisions\/17422"}],"wp:attachment":[{"href":"https:\/\/ihmo.fi\/ihmo\/wp-json\/wp\/v2\/media?parent=666"}],"curies":[{"name":"wp","href":"https:\/\/api.w.org\/{rel}","templated":true}]}}