{"id":761,"date":"2021-02-17T16:15:28","date_gmt":"2021-02-17T14:15:28","guid":{"rendered":"https:\/\/ihmo.fi\/ihmo\/?page_id=761"},"modified":"2026-04-15T16:37:05","modified_gmt":"2026-04-15T13:37:05","slug":"ilmoittautuminen","status":"publish","type":"page","link":"https:\/\/ihmo.fi\/ihmo\/info\/ilmoittautuminen\/","title":{"rendered":"Ilmoittautuminen"},"content":{"rendered":"\t\t<div data-elementor-type=\"wp-page\" data-elementor-id=\"761\" class=\"elementor elementor-761\" data-elementor-post-type=\"page\">\n\t\t\t\t\t\t<section class=\"elementor-section elementor-top-section elementor-element elementor-element-6c6dffe elementor-section-boxed elementor-section-height-default elementor-section-height-default\" data-id=\"6c6dffe\" data-element_type=\"section\" data-e-type=\"section\">\n\t\t\t\t\t\t<div class=\"elementor-container elementor-column-gap-default\">\n\t\t\t\t\t<div class=\"elementor-column elementor-col-100 elementor-top-column elementor-element elementor-element-5c193d6\" data-id=\"5c193d6\" data-element_type=\"column\" data-e-type=\"column\">\n\t\t\t<div class=\"elementor-widget-wrap elementor-element-populated\">\n\t\t\t\t\t\t<section class=\"elementor-section elementor-inner-section elementor-element elementor-element-b32e390 elementor-section-boxed elementor-section-height-default elementor-section-height-default\" data-id=\"b32e390\" data-element_type=\"section\" data-e-type=\"section\">\n\t\t\t\t\t\t<div class=\"elementor-container elementor-column-gap-default\">\n\t\t\t\t\t<div class=\"elementor-column elementor-col-100 elementor-inner-column elementor-element elementor-element-54705a3\" data-id=\"54705a3\" data-element_type=\"column\" data-e-type=\"column\">\n\t\t\t<div class=\"elementor-widget-wrap elementor-element-populated\">\n\t\t\t\t\t\t<div class=\"elementor-element elementor-element-414521a elementor-widget elementor-widget-heading\" data-id=\"414521a\" data-element_type=\"widget\" data-e-type=\"widget\" data-widget_type=\"heading.default\">\n\t\t\t\t<div class=\"elementor-widget-container\">\n\t\t\t\t\t<h2 class=\"elementor-heading-title elementor-size-default\">Ilmoittautuminen<\/h2>\t\t\t\t<\/div>\n\t\t\t\t<\/div>\n\t\t\t\t\t<\/div>\n\t\t<\/div>\n\t\t\t\t\t<\/div>\n\t\t<\/section>\n\t\t\t\t\t<\/div>\n\t\t<\/div>\n\t\t\t\t\t<\/div>\n\t\t<\/section>\n\t\t\t\t<section class=\"elementor-section elementor-top-section elementor-element elementor-element-53dcb3a elementor-section-boxed elementor-section-height-default elementor-section-height-default\" data-id=\"53dcb3a\" data-element_type=\"section\" data-e-type=\"section\">\n\t\t\t\t\t\t<div class=\"elementor-container elementor-column-gap-default\">\n\t\t\t\t\t<div class=\"elementor-column elementor-col-100 elementor-top-column elementor-element elementor-element-6ed303c\" data-id=\"6ed303c\" data-element_type=\"column\" data-e-type=\"column\">\n\t\t\t<div class=\"elementor-widget-wrap elementor-element-populated\">\n\t\t\t\t\t\t<div class=\"elementor-element elementor-element-22d4c46 elementor-widget elementor-widget-text-editor\" data-id=\"22d4c46\" data-element_type=\"widget\" data-e-type=\"widget\" data-widget_type=\"text-editor.default\">\n\t\t\t\t<div class=\"elementor-widget-container\">\n\t\t\t\t\t\t\t\t\tIt\u00e4-Helsingin musiikkiopistossa on k\u00e4yt\u00f6ss\u00e4 Eepos-oppilashallintoj\u00e4rjestelm\u00e4. Eepoksessa ilmoittaudutaan muskariin, kuoroon, oppilasvalintoihin, musiikin hahmotusaineiden ryhmiin ja muille kursseille.\n\n<!---Uudet oppilaat ilmoittautuvat osoitteessa<strong> <a href=\"https:\/\/ihmo.eepos.fi\/#\/splash\" target=\"_blank\" rel=\"noopener\">ihmo.eepos.fi<\/a> <\/strong>valitsemalla \u201dHakeudu oppilaaksi\u201d tai \u201dLomakkeet\u201d, jolloin kaikille avoinna olevat ilmoittautumislomakkeet tulevat esille. Seuraa lomakkeella olevia ohjeita.--->\t\t\t\t\t\t\t\t<\/div>\n\t\t\t\t<\/div>\n\t\t\t\t<div class=\"elementor-element elementor-element-a2520ff elementor-widget elementor-widget-heading\" data-id=\"a2520ff\" data-element_type=\"widget\" data-e-type=\"widget\" data-widget_type=\"heading.default\">\n\t\t\t\t<div class=\"elementor-widget-container\">\n\t\t\t\t\t<h2 class=\"elementor-heading-title elementor-size-default\">Ajankohtaista ilmoittautumisesta<\/h2>\t\t\t\t<\/div>\n\t\t\t\t<\/div>\n\t\t\t\t<div class=\"elementor-element elementor-element-a94c179 elementor-widget elementor-widget-text-editor\" data-id=\"a94c179\" data-element_type=\"widget\" data-e-type=\"widget\" data-widget_type=\"text-editor.default\">\n\t\t\t\t<div class=\"elementor-widget-container\">\n\t\t\t\t\t\t\t\t\t<p>Ilmoittautuminen soiton- ja laulunopintojen oppilasvalintoihin 7.3-14.4.2026.<\/p><p>Katso lis\u00e4tietoja alla olevasta oppilasvalintojen haku infosta.<\/p><p>Ilmoittautuminen muskarin syyslukukauden 2026 ryhmiin\u00a0alkaa keskiviikkona 22.4.2026 klo 10 <a href=\"https:\/\/ihmo.eepos.fi\/#\/forms\" target=\"_blank\" rel=\"noopener\">Eepoksessa<\/a>.\u00a0<\/p>\t\t\t\t\t\t\t\t<\/div>\n\t\t\t\t<\/div>\n\t\t\t\t<div class=\"elementor-element elementor-element-0360409 elementor-button-info elementor-align-center elementor-widget elementor-widget-button\" data-id=\"0360409\" data-element_type=\"widget\" data-e-type=\"widget\" data-widget_type=\"button.default\">\n\t\t\t\t<div class=\"elementor-widget-container\">\n\t\t\t\t\t\t\t\t\t<div class=\"elementor-button-wrapper\">\n\t\t\t\t\t<a class=\"elementor-button elementor-button-link elementor-size-lg\" href=\"https:\/\/ihmo.eepos.fi\/#\/forms\">\n\t\t\t\t\t\t<span class=\"elementor-button-content-wrapper\">\n\t\t\t\t\t\t\t\t\t<span class=\"elementor-button-text\">Ilmoittaudu Eepoksessa<\/span>\n\t\t\t\t\t<\/span>\n\t\t\t\t\t<\/a>\n\t\t\t\t<\/div>\n\t\t\t\t\t\t\t\t<\/div>\n\t\t\t\t<\/div>\n\t\t\t\t\t<\/div>\n\t\t<\/div>\n\t\t\t\t\t<\/div>\n\t\t<\/section>\n\t\t\t\t<section class=\"elementor-section elementor-top-section elementor-element elementor-element-2e171d7 elementor-section-boxed elementor-section-height-default elementor-section-height-default\" data-id=\"2e171d7\" data-element_type=\"section\" data-e-type=\"section\">\n\t\t\t\t\t\t<div class=\"elementor-container elementor-column-gap-default\">\n\t\t\t\t\t<div class=\"elementor-column elementor-col-100 elementor-top-column elementor-element elementor-element-fcca2d8\" data-id=\"fcca2d8\" data-element_type=\"column\" data-e-type=\"column\">\n\t\t\t<div class=\"elementor-widget-wrap elementor-element-populated\">\n\t\t\t\t\t\t<div class=\"elementor-element elementor-element-862b1a5 elementor-widget elementor-widget-text-editor\" data-id=\"862b1a5\" data-element_type=\"widget\" data-e-type=\"widget\" data-widget_type=\"text-editor.default\">\n\t\t\t\t<div class=\"elementor-widget-container\">\n\t\t\t\t\t\t\t\t\t<p><span style=\"background-color: transparent; color: var( --e-global-color-text ); font-size: 1rem;\">Musiikkiopistossa jo opiskelevat oppilaat ovat saaneet opintojensa alussa kirjautumistunnukset ja he kirjautuvat ilmoittautumista varten Eepoksessa kohdasta \u201dMinulla on jo tunnukset\u201d.\u00a0IHMOn\u00a0oppilaat ilmoittautuvat kev\u00e4isin ja syksyisin heille avoimilla lomakkeilla (esim. musiikin hahmotusaineet, opintojen jatkaminen). Mik\u00e4li tunnukset ovat hukassa niin tiedustele tunnusten palauttamista toimiston s\u00e4hk\u00f6postiosoitteesta\u00a0ihmo(\u00e4t)ihmo.fi.\u00a0 \u00a0 \u00a0 \u00a0<\/span><\/p><p>Kev\u00e4\u00e4n 2026 musiikin hahmotusaineiden muha 3-5 valinnaisille kursseille <strong>ilmoittautuminen alkaa marraskuussa viikolla 46.<\/strong> T\u00e4ss\u00e4 linkiss\u00e4 on <a href=\"https:\/\/ihmo.fi\/ihmo\/wp-content\/uploads\/2025\/11\/Muha_3_5_lukkari_k2026.pdf\" target=\"_blank\" rel=\"noopener\">lista kev\u00e4\u00e4n 2026 kursseista<\/a> (muutokset mahdollisia). Tarkat kurssikuvaukset l\u00f6yd\u00e4t ilmoittautumislomakkeelta sek\u00e4 <a href=\"https:\/\/ihmo.fi\/muhakurssit\/\" target=\"_blank\" rel=\"noopener\">Musiikin hahmotusaineiden sivulta<\/a>. Musiikin hahmotusaineiden opetus alkaa 12. tammikuuta, muutamat kurssit alkavat jo 8. ja 9.1. lukuj\u00e4rjestyksen mukaisesti.\u00a0<\/p><p>Muha intro, muha 1 ja muha 2 kursseille oppilaat sijoitetaan valmiiksi ja ryhm\u00e4tiedot l\u00f6ytyv\u00e4t elokuussa oppilaan eepoksesta kohdasta <em>Nykyiset opinnot<\/em>\u00a0sek\u00e4\u00a0<em>Opintorekisteri<\/em>. Lis\u00e4tietoa muha-kursseista ja -aineista: <a href=\"https:\/\/ihmo.fi\/ihmo\/opetus\/musiikin-hahmotusaineet\/\" target=\"_blank\" rel=\"noopener\">Musiikin hahmotusaineet<\/a><\/p>\t\t\t\t\t\t\t\t<\/div>\n\t\t\t\t<\/div>\n\t\t\t\t<div class=\"elementor-element elementor-element-1c50da4 elementor-button-info elementor-align-center elementor-widget elementor-widget-button\" data-id=\"1c50da4\" data-element_type=\"widget\" data-e-type=\"widget\" data-widget_type=\"button.default\">\n\t\t\t\t<div class=\"elementor-widget-container\">\n\t\t\t\t\t\t\t\t\t<div class=\"elementor-button-wrapper\">\n\t\t\t\t\t<a class=\"elementor-button elementor-button-link elementor-size-lg\" href=\"https:\/\/ihmo.eepos.fi\/#\/splash\">\n\t\t\t\t\t\t<span class=\"elementor-button-content-wrapper\">\n\t\t\t\t\t\t\t\t\t<span class=\"elementor-button-text\">Kirjaudu Eepokseen<\/span>\n\t\t\t\t\t<\/span>\n\t\t\t\t\t<\/a>\n\t\t\t\t<\/div>\n\t\t\t\t\t\t\t\t<\/div>\n\t\t\t\t<\/div>\n\t\t\t\t\t<\/div>\n\t\t<\/div>\n\t\t\t\t\t<\/div>\n\t\t<\/section>\n\t\t<div class=\"elementor-element elementor-element-851e41c e-flex e-con-boxed e-con e-parent\" data-id=\"851e41c\" data-element_type=\"container\" data-e-type=\"container\">\n\t\t\t\t\t<div class=\"e-con-inner\">\n\t\t\t\t<div class=\"elementor-element elementor-element-d667917 elementor-widget-divider--view-line elementor-widget elementor-widget-divider\" data-id=\"d667917\" data-element_type=\"widget\" data-e-type=\"widget\" data-widget_type=\"divider.default\">\n\t\t\t\t<div class=\"elementor-widget-container\">\n\t\t\t\t\t\t\t<div class=\"elementor-divider\">\n\t\t\t<span class=\"elementor-divider-separator\">\n\t\t\t\t\t\t<\/span>\n\t\t<\/div>\n\t\t\t\t\t\t<\/div>\n\t\t\t\t<\/div>\n\t\t\t\t<div class=\"elementor-element elementor-element-ad57005 elementor-widget elementor-widget-heading\" data-id=\"ad57005\" data-element_type=\"widget\" data-e-type=\"widget\" data-widget_type=\"heading.default\">\n\t\t\t\t<div class=\"elementor-widget-container\">\n\t\t\t\t\t<h2 class=\"elementor-heading-title elementor-size-default\">Oppilasvalintojen haku info<\/h2>\t\t\t\t<\/div>\n\t\t\t\t<\/div>\n\t\t\t\t\t<\/div>\n\t\t\t\t<\/div>\n\t\t<div class=\"elementor-element elementor-element-86c137e e-flex e-con-boxed e-con e-parent\" data-id=\"86c137e\" data-element_type=\"container\" data-e-type=\"container\">\n\t\t\t\t\t<div class=\"e-con-inner\">\n\t\t\t\t<div class=\"elementor-element elementor-element-a26aedf elementor-widget elementor-widget-text-editor\" data-id=\"a26aedf\" data-element_type=\"widget\" data-e-type=\"widget\" data-widget_type=\"text-editor.default\">\n\t\t\t\t<div class=\"elementor-widget-container\">\n\t\t\t\t\t\t\t\t\t<p>Tutustu soittimiin monipuolisesti &#8211; muihinkin kuin kaikkein suosituimpiin (piano, kitara ja ly\u00f6m\u00e4soitin). \u00a0Vaihtoehtoisia instrumentteja on jopa 24!<\/p><p><strong>Tervetuloa koko perheen soitinpolulle lauantaina 7.3.2026 klo 10.30-14.00 Iiris-keskukseen.<\/strong> Soitinpolulla p\u00e4\u00e4set kokeilemaan soittimia opettajien avustamana ja kuulet konserteissa erilaisten soitinten yhteissoittoa.<\/p><p>Soitinvalikoimaan voit tutustua my\u00f6s <a href=\"https:\/\/ihmo.fi\/ihmo\/info\/tutustu-soittimiin-sipuliuksen-soitinpolku\/\" target=\"_blank\" rel=\"noopener\">Sipuliuksen soitinpolulla<\/a>.\u00a0<\/p><p>It\u00e4-Helsingin musiikkiopisto on musiikin taiteen perusopetusta laajan oppim\u00e4\u00e4r\u00e4n mukaan antava oppilaitos. Opetuksen tavoitteista ja sis\u00e4ll\u00f6ist\u00e4 voit lukea lis\u00e4\u00e4 <a href=\"https:\/\/ihmo.fi\/ihmo\/opetussuunnitelma\/\" target=\"_blank\" rel=\"noopener\">opetussuunnitelmasta<\/a> sek\u00e4 sivulta <a href=\"https:\/\/ihmo.fi\/ihmo\/opetus\/solistinen-opetus\/\" target=\"_blank\" rel=\"noopener\">Yksil\u00f6opetus.<\/a><\/p><p><strong><span style=\"color: var( --e-global-color-text ); font-family: var( --e-global-typography-text-font-family ), Sans-serif; text-align: var(--text-align); background-color: transparent; font-size: 1rem;\">Ilmoittautuminen oppilasvalintoihin 7.3. &#8211; 14.4.2026 <a href=\"https:\/\/ihmo.eepos.fi\/#\/forms\" target=\"_blank\" rel=\"noopener\">Eepoksessa<\/a><\/span><\/strong><\/p><p><strong>Oppilasvalinnat j\u00e4rjestet\u00e4\u00e4n 4. &#8211;\u00a0 5.5.2026<\/strong><\/p><ul><li>It\u00e4-Helsingin musiikkiopiston p\u00e4\u00e4rakennuksessa, os. Untuvaisentie 10\u00a0<\/li><li>Iiris-keskuksessa, os. Marjaniementie 74<\/li><\/ul><p>Tarkat saapumisohjeet l\u00f6ytyv\u00e4t vastauskirjeest\u00e4, jonka saat ilmoittautumisen yhteydess\u00e4.<\/p><p>Mahdollisista poisj\u00e4\u00e4nneist\u00e4 pyyd\u00e4mme ilmoittamaan hyviss\u00e4 ajoin musiikkiopiston toimistoon: <br \/>ihmo (at) ihmo.fi tai puh. (09) 755 2580 (ma-to klo 9\u201315) \u00a0<\/p><p>Kaikille oppilasvalintoihin osallistuneille ilmoitetaan oppilasvalintojen tuloksesta juhannukseen menness\u00e4 s\u00e4hk\u00f6postitse.<\/p>\t\t\t\t\t\t\t\t<\/div>\n\t\t\t\t<\/div>\n\t\t\t\t\t<\/div>\n\t\t\t\t<\/div>\n\t\t<div class=\"elementor-element elementor-element-02f30c8 e-flex e-con-boxed e-con e-parent\" data-id=\"02f30c8\" data-element_type=\"container\" data-e-type=\"container\">\n\t\t\t\t\t<div class=\"e-con-inner\">\n\t\t\t\t<div class=\"elementor-element elementor-element-741c4d4 elementor-tabs-view-horizontal elementor-widget elementor-widget-tabs\" data-id=\"741c4d4\" data-element_type=\"widget\" data-e-type=\"widget\" data-widget_type=\"tabs.default\">\n\t\t\t\t<div class=\"elementor-widget-container\">\n\t\t\t\t\t\t\t<div class=\"elementor-tabs\">\n\t\t\t<div class=\"elementor-tabs-wrapper\" role=\"tablist\" >\n\t\t\t\t\t\t\t\t\t<div id=\"elementor-tab-title-1211\" class=\"elementor-tab-title elementor-tab-desktop-title\" aria-selected=\"true\" data-tab=\"1\" role=\"tab\" tabindex=\"0\" aria-controls=\"elementor-tab-content-1211\" aria-expanded=\"false\">Vuonna 2017 syntyneet ja sit\u00e4 nuoremmat<\/div>\n\t\t\t\t\t\t\t\t\t<div id=\"elementor-tab-title-1212\" class=\"elementor-tab-title elementor-tab-desktop-title\" aria-selected=\"false\" data-tab=\"2\" role=\"tab\" tabindex=\"-1\" aria-controls=\"elementor-tab-content-1212\" aria-expanded=\"false\">Vuonna 2016 ja sit\u00e4 aiemmin syntyneet<\/div>\n\t\t\t\t\t\t\t<\/div>\n\t\t\t<div class=\"elementor-tabs-content-wrapper\" role=\"tablist\" aria-orientation=\"vertical\">\n\t\t\t\t\t\t\t\t\t<div class=\"elementor-tab-title elementor-tab-mobile-title\" aria-selected=\"true\" data-tab=\"1\" role=\"tab\" tabindex=\"0\" aria-controls=\"elementor-tab-content-1211\" aria-expanded=\"false\">Vuonna 2017 syntyneet ja sit\u00e4 nuoremmat<\/div>\n\t\t\t\t\t<div id=\"elementor-tab-content-1211\" class=\"elementor-tab-content elementor-clearfix\" data-tab=\"1\" role=\"tabpanel\" aria-labelledby=\"elementor-tab-title-1211\" tabindex=\"0\" hidden=\"false\"><p>Oppilasvalinta toteutetaan 4\u20137 lapsen ryhmiss\u00e4 (kesto n. 30\u201340 minuuttia).\u00a0<\/p><p>Musikaalisuustesti toteutetaan ryhm\u00e4ss\u00e4: testiss\u00e4 kartoitetaan s\u00e4velkorvaa ja rytmitajua. Ryhm\u00e4tilanteessa kartoitetaan my\u00f6s soitinsoveltuvuutta eli hakijan motoriikkaa ja fyysisi\u00e4 ominaisuuksia, jotta l\u00f6ydet\u00e4\u00e4n parhaiten soveltuva instrumentti.<\/p><p>Aikaisempia musiikkiopintoja ei edellytet\u00e4. Aiemmin soittaneita pyydet\u00e4\u00e4n ottamaan oma soitin mukaan mahdollista soitton\u00e4ytett\u00e4 varten.<\/p><p>Testiin voi valmistautua laulamalla kotona omia lempilauluja ja seuraavia lauluja:\u00a0 <br \/><em>Elefanttimarssi, J\u00e4nis istui maassa, Pienen pieni veturi, H\u00e4m\u00e4h\u00e4kki, Tuiki tuiki t\u00e4ht\u00f6nen<\/em>.<br \/>Laulut nuotteineen l\u00f6ytyv\u00e4t osoitteesta: <a href=\"https:\/\/ihmo.fi\/ihmo\/wp-content\/uploads\/2023\/03\/LAULUT_S.pdf\" target=\"_blank\" rel=\"noopener\">LAULUT<\/a>\u00a0<\/p><\/div>\n\t\t\t\t\t\t\t\t\t<div class=\"elementor-tab-title elementor-tab-mobile-title\" aria-selected=\"false\" data-tab=\"2\" role=\"tab\" tabindex=\"-1\" aria-controls=\"elementor-tab-content-1212\" aria-expanded=\"false\">Vuonna 2016 ja sit\u00e4 aiemmin syntyneet<\/div>\n\t\t\t\t\t<div id=\"elementor-tab-content-1212\" class=\"elementor-tab-content elementor-clearfix\" data-tab=\"2\" role=\"tabpanel\" aria-labelledby=\"elementor-tab-title-1212\" tabindex=\"0\" hidden=\"hidden\"><p>Musikaalisuus- ja soveltuvuustesti (kesto n. 20 min): testiss\u00e4 kartoitetaan s\u00e4velkorvaa ja rytmitajua. Testin soveltuvuus osiossa selvit\u00e4mme hakijan motoriikkaa ja fyysisi\u00e4 ominaisuuksia, jotta l\u00f6ydet\u00e4\u00e4n parhaiten soveltuva instrumentti.<\/p><p><strong>Ne, joilla ei ole aiempia musiikkiopintoja<\/strong>: Testiin voi valmistautua laulamalla kotona omia lempilauluja ja linkiss\u00e4 olevia lauluja. Pyyd\u00e4mme valitsemaan esitett\u00e4v\u00e4ksi yhden omavalintaisen laulun sek\u00e4 yhden laululistasta: <a href=\"https:\/\/ihmo.fi\/ihmo\/wp-content\/uploads\/2023\/03\/LAULUT_L.pdf\" target=\"_blank\" rel=\"noopener\">LAULUT<\/a><\/p><p><strong>Ne, joilla on aiempia musiikkiopintoja<\/strong> ja antavat soitton\u00e4ytteen: kaksi valinnaista kappaletta. Musikaalisuustestiin valmistaudut valitsemalla omavalintaisen laulun laulettavaksi.\u00a0<\/p><p><strong>Yksinlauluun hakijat:<\/strong> oppilasvalinnassa sinun tulee esitt\u00e4\u00e4 kaksi erityylist\u00e4 laulua, joista ainakin toinen suomen kielell\u00e4 (esim. kansanlaulu). Laulut olisi hyv\u00e4 esitt\u00e4\u00e4 ulkoa. Mik\u00e4li haluat s\u00e4estyksen, ota s\u00e4estysnuotit mukaan, opiston s\u00e4est\u00e4j\u00e4 on k\u00e4ytett\u00e4viss\u00e4.<\/p><\/div>\n\t\t\t\t\t\t\t<\/div>\n\t\t<\/div>\n\t\t\t\t\t\t<\/div>\n\t\t\t\t<\/div>\n\t\t\t\t\t<\/div>\n\t\t\t\t<\/div>\n\t\t<div class=\"elementor-element elementor-element-700d386 e-flex e-con-boxed e-con e-parent\" data-id=\"700d386\" data-element_type=\"container\" data-e-type=\"container\">\n\t\t\t\t\t<div class=\"e-con-inner\">\n\t\t\t\t\t<\/div>\n\t\t\t\t<\/div>\n\t\t\t\t<\/div>\n\t\t","protected":false},"excerpt":{"rendered":"<p>Ilmoittautuminen It\u00e4-Helsingin musiikkiopistossa on k\u00e4yt\u00f6ss\u00e4 Eepos-oppilashallintoj\u00e4rjestelm\u00e4. Eepoksessa ilmoittaudutaan muskariin, kuoroon, oppilasvalintoihin, musiikin hahmotusaineiden ryhmiin ja muille kursseille. Ajankohtaista ilmoittautumisesta Ilmoittautuminen soiton- ja laulunopintojen oppilasvalintoihin 7.3-14.4.2026. Katso lis\u00e4tietoja alla olevasta oppilasvalintojen haku infosta. Ilmoittautuminen muskarin syyslukukauden 2026 ryhmiin\u00a0alkaa keskiviikkona 22.4.2026 klo 10 Eepoksessa.\u00a0 Ilmoittaudu Eepoksessa Musiikkiopistossa jo opiskelevat oppilaat ovat saaneet opintojensa alussa kirjautumistunnukset ja he [&hellip;]<\/p>\n","protected":false},"author":156753792,"featured_media":0,"parent":679,"menu_order":1,"comment_status":"closed","ping_status":"closed","template":"","meta":{"footnotes":""},"class_list":["post-761","page","type-page","status-publish","hentry"],"_links":{"self":[{"href":"https:\/\/ihmo.fi\/ihmo\/wp-json\/wp\/v2\/pages\/761"}],"collection":[{"href":"https:\/\/ihmo.fi\/ihmo\/wp-json\/wp\/v2\/pages"}],"about":[{"href":"https:\/\/ihmo.fi\/ihmo\/wp-json\/wp\/v2\/types\/page"}],"author":[{"embeddable":true,"href":"https:\/\/ihmo.fi\/ihmo\/wp-json\/wp\/v2\/users\/156753792"}],"replies":[{"embeddable":true,"href":"https:\/\/ihmo.fi\/ihmo\/wp-json\/wp\/v2\/comments?post=761"}],"version-history":[{"count":455,"href":"https:\/\/ihmo.fi\/ihmo\/wp-json\/wp\/v2\/pages\/761\/revisions"}],"predecessor-version":[{"id":19129,"href":"https:\/\/ihmo.fi\/ihmo\/wp-json\/wp\/v2\/pages\/761\/revisions\/19129"}],"up":[{"embeddable":true,"href":"https:\/\/ihmo.fi\/ihmo\/wp-json\/wp\/v2\/pages\/679"}],"wp:attachment":[{"href":"https:\/\/ihmo.fi\/ihmo\/wp-json\/wp\/v2\/media?parent=761"}],"curies":[{"name":"wp","href":"https:\/\/api.w.org\/{rel}","templated":true}]}}