{"id":8805,"date":"2023-02-10T14:31:30","date_gmt":"2023-02-10T12:31:30","guid":{"rendered":"https:\/\/ihmo.fi\/ihmo\/?page_id=8805"},"modified":"2026-02-05T13:22:45","modified_gmt":"2026-02-05T11:22:45","slug":"oppilaaksi","status":"publish","type":"page","link":"https:\/\/ihmo.fi\/ihmo\/musiikkiluokat\/oppilaaksi\/","title":{"rendered":"Oppilaaksi"},"content":{"rendered":"\t\t<div data-elementor-type=\"wp-page\" data-elementor-id=\"8805\" class=\"elementor elementor-8805\" data-elementor-post-type=\"page\">\n\t\t\t\t<div class=\"elementor-element elementor-element-34d275b e-flex e-con-boxed e-con e-parent\" data-id=\"34d275b\" data-element_type=\"container\" data-e-type=\"container\">\n\t\t\t\t\t<div class=\"e-con-inner\">\n\t\t\t\t<div class=\"elementor-element elementor-element-8da2861 elementor-widget elementor-widget-heading\" data-id=\"8da2861\" data-element_type=\"widget\" data-e-type=\"widget\" data-widget_type=\"heading.default\">\n\t\t\t\t<div class=\"elementor-widget-container\">\n\t\t\t\t\t<h2 class=\"elementor-heading-title elementor-size-default\">Oppilaaksi<\/h2>\t\t\t\t<\/div>\n\t\t\t\t<\/div>\n\t\t\t\t\t<\/div>\n\t\t\t\t<\/div>\n\t\t<div class=\"elementor-element elementor-element-2909ce6 e-flex e-con-boxed e-con e-parent\" data-id=\"2909ce6\" data-element_type=\"container\" data-e-type=\"container\">\n\t\t\t\t\t<div class=\"e-con-inner\">\n\t\t\t\t<div class=\"elementor-element elementor-element-3dec02e elementor-widget elementor-widget-image\" data-id=\"3dec02e\" data-element_type=\"widget\" data-e-type=\"widget\" data-widget_type=\"image.default\">\n\t\t\t\t<div class=\"elementor-widget-container\">\n\t\t\t\t\t\t\t\t\t\t\t\t\t\t\t<img decoding=\"async\" src=\"https:\/\/ihmo.fi\/ihmo\/wp-content\/uploads\/elementor\/thumbs\/Alttoviulu_opetus_lammin-q0sqlqf8z0dikmxt76l2r0rw86j0wio97bpmt06qkg.jpg\" title=\"Alttoviulu_opetus_l\u00e4mmin\" alt=\"Alttoviulu_opetus_l\u00e4mmin\" loading=\"lazy\" \/>\t\t\t\t\t\t\t\t\t\t\t\t\t\t\t<\/div>\n\t\t\t\t<\/div>\n\t\t\t\t<div class=\"elementor-element elementor-element-fa76e29 elementor-widget elementor-widget-text-editor\" data-id=\"fa76e29\" data-element_type=\"widget\" data-e-type=\"widget\" data-widget_type=\"text-editor.default\">\n\t\t\t\t<div class=\"elementor-widget-container\">\n\t\t\t\t\t\t\t\t\t<p><b><span data-contrast=\"auto\">Syksyll\u00e4 2026 aloittavan 1. luokan soitinkohtaisten kerhotuntien soitinvalikoima<\/span><\/b><span data-contrast=\"auto\">:<\/span><span data-ccp-props=\"{&quot;134233117&quot;:true,&quot;134233118&quot;:true,&quot;201341983&quot;:0,&quot;335551550&quot;:6,&quot;335551620&quot;:6,&quot;335559740&quot;:240}\">\u00a0<\/span><\/p><ul><li data-leveltext=\"\uf0b7\" data-font=\"Symbol\" data-listid=\"8\" data-list-defn-props=\"{&quot;335552541&quot;:1,&quot;335559684&quot;:-2,&quot;335559685&quot;:720,&quot;335559991&quot;:360,&quot;469769226&quot;:&quot;Symbol&quot;,&quot;469769242&quot;:[8226],&quot;469777803&quot;:&quot;left&quot;,&quot;469777804&quot;:&quot;\uf0b7&quot;,&quot;469777815&quot;:&quot;multilevel&quot;}\" aria-setsize=\"-1\" data-aria-posinset=\"1\" data-aria-level=\"1\"><span data-contrast=\"auto\"><b>viulu, kontrabasso, fagotti, k\u00e4yr\u00e4torvi ja harmonikka (HUOM! <\/b>alttoviulu vaihtunut kontrabassoon<b>)<\/b><\/span><\/li><li data-leveltext=\"\uf0b7\" data-font=\"Symbol\" data-listid=\"8\" data-list-defn-props=\"{&quot;335552541&quot;:1,&quot;335559684&quot;:-2,&quot;335559685&quot;:720,&quot;335559991&quot;:360,&quot;469769226&quot;:&quot;Symbol&quot;,&quot;469769242&quot;:[8226],&quot;469777803&quot;:&quot;left&quot;,&quot;469777804&quot;:&quot;\uf0b7&quot;,&quot;469777815&quot;:&quot;multilevel&quot;}\" aria-setsize=\"-1\" data-aria-posinset=\"1\" data-aria-level=\"1\"><span data-ccp-props=\"{&quot;134233117&quot;:true,&quot;134233118&quot;:true,&quot;201341983&quot;:0,&quot;335559739&quot;:160,&quot;335559740&quot;:240}\">Soitinesittelyvideon l\u00f6yd\u00e4t <a href=\"https:\/\/youtube.com\/playlist?list=PLszVzrR4SZGN2sZZWfnhcN9zNzRnXLYC-&amp;si=IYbBEYvKOnvAIwxz\" target=\"_blank\" rel=\"noopener\">IHMOn YouTube-kanavalta<\/a>.<br \/><\/span><\/li><\/ul><p><span data-contrast=\"auto\">Haku tapahtuu<\/span> soveltuvuuskokeiden<span data-contrast=\"auto\"> kautta. <\/span>Porolahden peruskoulussa 3.12.2025 pidetyn koulutulokkaiden tiedotustilaisuuden dia-esitys on n\u00e4ht\u00e4viss\u00e4 <a href=\"https:\/\/drive.google.com\/file\/d\/1JEWV3JIgBz51F6m76UcqDkHjNFTiXjHn\/view\" target=\"_blank\" rel=\"noopener\">t\u00e4ss\u00e4 linkiss\u00e4<\/a>.<\/p><ul><li><span data-contrast=\"auto\"><strong>Painotettuun opetukseen hakeminen<\/strong> <a href=\"https:\/\/asti.hel.fi\/#\/landing\" target=\"_blank\" rel=\"noopener\">ASTI<\/a>:ssa 12.-25.1.2026. <\/span><\/li><li><span data-contrast=\"auto\">I<\/span><span data-contrast=\"auto\">lmoittautuminen koululla <strong>21.1.2026 klo 8.00\u201310.00<\/strong><\/span><\/li><li><span data-contrast=\"auto\">Painotetun opetuksen valinnat j\u00e4rjest\u00e4\u00e4 Porolahden peruskoulu viikolla 5 (26.-30.1.) os. Roihuvuorentie 2<\/span><\/li><li><span data-contrast=\"auto\">Oppilaaksiottop\u00e4\u00e4t\u00f6kset l\u00e4hetet\u00e4\u00e4n perheille: 6.3.2026.<\/span><\/li><li><span data-contrast=\"auto\"><strong>Ilmoittautuminen kerhotunneille<\/strong> ja It\u00e4-Helsingin musiikkiopiston oppilasvalintaan 7.3.\u201313.4.2026 <a href=\"https:\/\/ihmo.eepos.fi\/#\/forms\" target=\"_blank\" rel=\"noopener\">Eepoksessa<\/a> .<\/span><\/li><\/ul><p><span data-contrast=\"auto\">Lis\u00e4tietoa painotetusta opetuksesta <\/span><b><span data-contrast=\"none\"><a href=\"https:\/\/www.hel.fi\/static\/kasko\/perusopetus\/tervetuloa-kouluun.pdf\" target=\"_blank\" rel=\"noopener\">koulutulokasoppaasta<\/a><\/span><\/b> ja Helsingin kaupungin <strong><a href=\"https:\/\/www.hel.fi\/fi\/kasvatus-ja-koulutus\/perusopetus\/kouluun-ilmoittautuminen-ja-hakeminen\/painotettu-opetus-ja-perusopetusta-eri-kielilla\/painotettu-opetus\" target=\"_blank\" rel=\"noopener\">Koulutus ja kasvatus-nettisivuilta<\/a>. <\/strong>Lue lis\u00e4\u00e4 Porolahden peruskoulun ja It\u00e4-Helsingin musiikkipiston kerhotuntiyhteisty\u00f6st\u00e4 ja M-luokkien toiminnasta <a href=\"https:\/\/ihmo.fi\/ihmo\/wp-content\/uploads\/2026\/01\/Opas-2025-2026.pdf\" target=\"_blank\" rel=\"noopener\">Oppaasta<\/a> ja <a href=\"https:\/\/ihmo.fi\/ihmo\/wp-content\/uploads\/2026\/01\/Historiikki-S2025.pdf\" target=\"_blank\" rel=\"noopener\">Historiikista<\/a>.\u00a0<\/p><p>Porolahden peruskoulun yhteystiedot ja hakuohjeet painotettuun opetukseen l\u00f6ytyv\u00e4t t\u00e4\u00e4lt\u00e4: <a href=\"https:\/\/www.hel.fi\/fi\/kasvatus-ja-koulutus\/porolahden-peruskoulu\" target=\"_blank\" rel=\"noopener\"><b><span data-contrast=\"none\">LINKKI<\/span><\/b><span style=\"color: var( --e-global-color-text ); font-family: var( --e-global-typography-text-font-family ), Sans-serif; font-weight: var( --e-global-typography-text-font-weight ); text-align: var(--text-align); background-color: transparent; font-size: 1rem;\" data-contrast=\"none\">\u00a0<\/span><\/a><span style=\"color: var( --e-global-color-text ); font-family: var( --e-global-typography-text-font-family ), Sans-serif; font-weight: var( --e-global-typography-text-font-weight ); text-align: var(--text-align); background-color: transparent; font-size: 1rem;\" data-ccp-props=\"{&quot;134233117&quot;:true,&quot;134233118&quot;:true,&quot;201341983&quot;:0,&quot;335559740&quot;:240}\">\u00a0<\/span><\/p><p><strong>Soitinesittelykonsertti soitinkokeiluineen 15.1. klo 17.30-19.30<\/strong> sek\u00e4 tietoa kerhotuntien ja It\u00e4-Helsingin musiikkiopiston toiminnasta os. Untuvaisentie 10.\u00a0<\/p><ul><li>klo 17.45-18.15 Soitinkokeilua<\/li><li>klo 18.30-19.00 Soitinesittelykonsertti<\/li><li>19.00-19.30 Soitinkokeilua<\/li><\/ul><p><strong><br \/>Soitinpolulla lauantaina 7.3.2026 soitinkokeilua klo 10:30-14:00 Iiris-keskuksessa, <\/strong>os. Marjaniementie 74.<\/p><p><b><span data-contrast=\"auto\">Muuta:\u202f<\/span><\/b><span data-ccp-props=\"{&quot;134233117&quot;:true,&quot;134233118&quot;:true,&quot;201341983&quot;:0,&quot;335559740&quot;:240}\">\u00a0<\/span><\/p><p><span data-contrast=\"auto\">Kreijarinkujan toimipisteess\u00e4 toimii iltap\u00e4iv\u00e4kerho Liikkis 1\u20132 -luokan oppilaille. <\/span><br \/><span data-contrast=\"auto\">Yhteystiedot Liikkis-iltap\u00e4iv\u00e4kerho 040 777 8380, <\/span><span data-contrast=\"none\">roihuvuori@liikkis.com, <a href=\"https:\/\/www.ipliikkis.fi\/\" target=\"_blank\" rel=\"noopener\">https:\/\/www.ipliikkis.fi\/<\/a><\/span><\/p><p><span data-contrast=\"auto\">It\u00e4-Helsingin musiikkiopiston <\/span><a href=\"https:\/\/ihmo.fi\/ihmo\/yhteystiedot\/toimisto\/\" target=\"_blank\" rel=\"noopener\"><b><span data-contrast=\"none\">apulaisrehtori Heidi Viksten <\/span><\/b><\/a><span data-contrast=\"auto\">vastaa musiikkiopiston opetuksen osalta mahdollisiin kysymyksiin ja tiedusteluihin liittyen t\u00e4h\u00e4n ainutlaatuiseen yhteisty\u00f6h\u00f6n.<\/span><span data-ccp-props=\"{&quot;134233117&quot;:true,&quot;134233118&quot;:true,&quot;201341983&quot;:0,&quot;335559740&quot;:240}\">\u00a0<\/span><\/p>\t\t\t\t\t\t\t\t<\/div>\n\t\t\t\t<\/div>\n\t\t\t\t\t<\/div>\n\t\t\t\t<\/div>\n\t\t<div class=\"elementor-element elementor-element-44f777c e-flex e-con-boxed e-con e-parent\" data-id=\"44f777c\" data-element_type=\"container\" data-e-type=\"container\">\n\t\t\t\t\t<div class=\"e-con-inner\">\n\t\t\t\t\t<\/div>\n\t\t\t\t<\/div>\n\t\t\t\t<\/div>\n\t\t","protected":false},"excerpt":{"rendered":"<p>Oppilaaksi Syksyll\u00e4 2026 aloittavan 1. luokan soitinkohtaisten kerhotuntien soitinvalikoima:\u00a0 viulu, kontrabasso, fagotti, k\u00e4yr\u00e4torvi ja harmonikka (HUOM! alttoviulu vaihtunut kontrabassoon) Soitinesittelyvideon l\u00f6yd\u00e4t IHMOn YouTube-kanavalta. Haku tapahtuu soveltuvuuskokeiden kautta. Porolahden peruskoulussa 3.12.2025 pidetyn koulutulokkaiden tiedotustilaisuuden dia-esitys on n\u00e4ht\u00e4viss\u00e4 t\u00e4ss\u00e4 linkiss\u00e4. Painotettuun opetukseen hakeminen ASTI:ssa 12.-25.1.2026. Ilmoittautuminen koululla 21.1.2026 klo 8.00\u201310.00 Painotetun opetuksen valinnat j\u00e4rjest\u00e4\u00e4 Porolahden peruskoulu viikolla [&hellip;]<\/p>\n","protected":false},"author":156753792,"featured_media":0,"parent":692,"menu_order":0,"comment_status":"closed","ping_status":"closed","template":"","meta":{"footnotes":""},"class_list":["post-8805","page","type-page","status-publish","hentry"],"_links":{"self":[{"href":"https:\/\/ihmo.fi\/ihmo\/wp-json\/wp\/v2\/pages\/8805","targetHints":{"allow":["GET"]}}],"collection":[{"href":"https:\/\/ihmo.fi\/ihmo\/wp-json\/wp\/v2\/pages"}],"about":[{"href":"https:\/\/ihmo.fi\/ihmo\/wp-json\/wp\/v2\/types\/page"}],"author":[{"embeddable":true,"href":"https:\/\/ihmo.fi\/ihmo\/wp-json\/wp\/v2\/users\/156753792"}],"replies":[{"embeddable":true,"href":"https:\/\/ihmo.fi\/ihmo\/wp-json\/wp\/v2\/comments?post=8805"}],"version-history":[{"count":212,"href":"https:\/\/ihmo.fi\/ihmo\/wp-json\/wp\/v2\/pages\/8805\/revisions"}],"predecessor-version":[{"id":18741,"href":"https:\/\/ihmo.fi\/ihmo\/wp-json\/wp\/v2\/pages\/8805\/revisions\/18741"}],"up":[{"embeddable":true,"href":"https:\/\/ihmo.fi\/ihmo\/wp-json\/wp\/v2\/pages\/692"}],"wp:attachment":[{"href":"https:\/\/ihmo.fi\/ihmo\/wp-json\/wp\/v2\/media?parent=8805"}],"curies":[{"name":"wp","href":"https:\/\/api.w.org\/{rel}","templated":true}]}}