{"id":9220,"date":"2023-02-15T16:07:56","date_gmt":"2023-02-15T14:07:56","guid":{"rendered":"https:\/\/ihmo.fi\/ihmo\/?page_id=9220"},"modified":"2023-03-06T15:57:18","modified_gmt":"2023-03-06T13:57:18","slug":"kodaly-viikko-2023","status":"publish","type":"page","link":"https:\/\/ihmo.fi\/ihmo\/ajankohtaista-2\/kodaly-viikko-2023\/","title":{"rendered":"Kodaly viikko 2023"},"content":{"rendered":"\t\t<div data-elementor-type=\"wp-page\" data-elementor-id=\"9220\" class=\"elementor elementor-9220\" data-elementor-post-type=\"page\">\n\t\t\t\t<div class=\"elementor-element elementor-element-5f24f94 e-flex e-con-boxed e-con e-parent\" data-id=\"5f24f94\" data-element_type=\"container\" data-e-type=\"container\">\n\t\t\t\t\t<div class=\"e-con-inner\">\n\t\t\t\t<div class=\"elementor-element elementor-element-3bec7f6 elementor-widget elementor-widget-heading\" data-id=\"3bec7f6\" data-element_type=\"widget\" data-e-type=\"widget\" data-widget_type=\"heading.default\">\n\t\t\t\t<div class=\"elementor-widget-container\">\n\t\t\t\t\t<h2 class=\"elementor-heading-title elementor-size-default\">Kodaly viikko 2023<\/h2>\t\t\t\t<\/div>\n\t\t\t\t<\/div>\n\t\t\t\t\t<\/div>\n\t\t\t\t<\/div>\n\t\t<div class=\"elementor-element elementor-element-752b4c4 e-flex e-con-boxed e-con e-parent\" data-id=\"752b4c4\" data-element_type=\"container\" data-e-type=\"container\">\n\t\t\t\t\t<div class=\"e-con-inner\">\n\t\t\t\t<div class=\"elementor-element elementor-element-0118ffe elementor-arrows-position-inside elementor-pagination-position-outside elementor-widget elementor-widget-image-carousel\" data-id=\"0118ffe\" data-element_type=\"widget\" data-e-type=\"widget\" data-settings=\"{&quot;slides_to_show&quot;:&quot;1&quot;,&quot;navigation&quot;:&quot;both&quot;,&quot;autoplay&quot;:&quot;yes&quot;,&quot;pause_on_hover&quot;:&quot;yes&quot;,&quot;pause_on_interaction&quot;:&quot;yes&quot;,&quot;autoplay_speed&quot;:5000,&quot;infinite&quot;:&quot;yes&quot;,&quot;effect&quot;:&quot;slide&quot;,&quot;speed&quot;:500}\" data-widget_type=\"image-carousel.default\">\n\t\t\t\t<div class=\"elementor-widget-container\">\n\t\t\t\t\t\t\t<div class=\"elementor-image-carousel-wrapper swiper\" role=\"region\" aria-roledescription=\"carousel\" aria-label=\"Kuvakaruselli\" dir=\"ltr\">\n\t\t\t<div class=\"elementor-image-carousel swiper-wrapper\" aria-live=\"off\">\n\t\t\t\t\t\t\t\t<div class=\"swiper-slide\" role=\"group\" aria-roledescription=\"slide\" aria-label=\"1 of 2\"><figure class=\"swiper-slide-inner\"><img decoding=\"async\" class=\"swiper-slide-image\" src=\"https:\/\/ihmo.fi\/ihmo\/wp-content\/uploads\/elementor\/thumbs\/Kodaly-viikko_2023-scaled-q28h9qjrq6zlrgcp8ic4ho7piw0t4ycxvq6rebkyrk.jpg\" alt=\"Kodaly-viikko_2023\" \/><\/figure><\/div><div class=\"swiper-slide\" role=\"group\" aria-roledescription=\"slide\" aria-label=\"2 of 2\"><figure class=\"swiper-slide-inner\"><img decoding=\"async\" class=\"swiper-slide-image\" src=\"https:\/\/ihmo.fi\/ihmo\/wp-content\/uploads\/elementor\/thumbs\/Kodaly_kotisivu_org-scaled-q28ih4rj8ue5rdbhu9m2lpzsta4uhwmtuifr078ni8.jpg\" alt=\"Kodaly_kotisivu_org\" \/><\/figure><\/div>\t\t\t<\/div>\n\t\t\t\t\t\t\t\t\t\t\t\t<div class=\"elementor-swiper-button elementor-swiper-button-prev\" role=\"button\" tabindex=\"0\">\n\t\t\t\t\t\t<svg aria-hidden=\"true\" class=\"e-font-icon-svg e-eicon-chevron-left\" viewBox=\"0 0 1000 1000\" xmlns=\"http:\/\/www.w3.org\/2000\/svg\"><path d=\"M646 125C629 125 613 133 604 142L308 442C296 454 292 471 292 487 292 504 296 521 308 533L604 854C617 867 629 875 646 875 663 875 679 871 692 858 704 846 713 829 713 812 713 796 708 779 692 767L438 487 692 225C700 217 708 204 708 187 708 171 704 154 692 142 675 129 663 125 646 125Z\"><\/path><\/svg>\t\t\t\t\t<\/div>\n\t\t\t\t\t<div class=\"elementor-swiper-button elementor-swiper-button-next\" role=\"button\" tabindex=\"0\">\n\t\t\t\t\t\t<svg aria-hidden=\"true\" class=\"e-font-icon-svg e-eicon-chevron-right\" viewBox=\"0 0 1000 1000\" xmlns=\"http:\/\/www.w3.org\/2000\/svg\"><path d=\"M696 533C708 521 713 504 713 487 713 471 708 454 696 446L400 146C388 133 375 125 354 125 338 125 325 129 313 142 300 154 292 171 292 187 292 204 296 221 308 233L563 492 304 771C292 783 288 800 288 817 288 833 296 850 308 863 321 871 338 875 354 875 371 875 388 867 400 854L696 533Z\"><\/path><\/svg>\t\t\t\t\t<\/div>\n\t\t\t\t\n\t\t\t\t\t\t\t\t\t<div class=\"swiper-pagination\"><\/div>\n\t\t\t\t\t\t\t\t\t<\/div>\n\t\t\t\t\t\t<\/div>\n\t\t\t\t<\/div>\n\t\t\t\t<div class=\"elementor-element elementor-element-3f27d39 elementor-widget elementor-widget-text-editor\" data-id=\"3f27d39\" data-element_type=\"widget\" data-e-type=\"widget\" data-widget_type=\"text-editor.default\">\n\t\t\t\t<div class=\"elementor-widget-container\">\n\t\t\t\t\t\t\t\t\t<p>34. Kansainv\u00e4linen Kod\u00e1ly-viikko levitt\u00e4ytyy taas kerran eri puolille p\u00e4\u00e4kaupunkiseutua Musiikki kuuluu kaikille -teeman mukaisesti.\u00a0<\/p><p>Kod\u00e1ly-viikon organisoi It\u00e4-Helsingin musiikkiopisto. Yhteisty\u00f6ss\u00e4 mukana ovat Espoon musiikkiopisto, Musiikkiopisto Juvenalia, Nurmij\u00e4rven musiikkiopisto, Vantaan musiikkiopisto, Helsingin kaupunginorkesteri, Keskustakirjasto Oodi, Musiikkitalo ja Liszt-instituutti, Unkarin kulttuurikeskus Helsinki.<\/p><p>Osa festivaaliviikon konserteista striimataan It\u00e4-Helsingin musiikkiopiston <a href=\"https:\/\/www.youtube.com\/@ita-helsinginmusiikkiopisto\" target=\"_blank\" rel=\"noopener\">YouTube kanavalla<\/a>. Suora linkki konserttiin l\u00f6ytyy konserttiesittelyn yhteydest\u00e4.<br \/><br \/>Kod\u00e1ly-viikon taiteellisen johtajan <em>Kristiina Juntun<\/em> ja tuottajan <em>Heidi Vikstenin<\/em> tervetuliasivideon voit katsoa <a href=\"https:\/\/youtu.be\/OtIpSHwUmHQ\" target=\"_blank\" rel=\"noopener\">t\u00e4st\u00e4 LINKIST\u00c4.<\/a><\/p><p>Kaikkiin k<span style=\"color: var( --e-global-color-text ); text-align: var(--text-align); background-color: transparent; font-size: 1rem;\">onsertteihin on vapaa p\u00e4\u00e4sy. L\u00e4mpim\u00e4sti tervetuloa!<\/span><\/p>\t\t\t\t\t\t\t\t<\/div>\n\t\t\t\t<\/div>\n\t\t\t\t\t<\/div>\n\t\t\t\t<\/div>\n\t\t<div class=\"elementor-element elementor-element-bb174ca e-flex e-con-boxed e-con e-parent\" data-id=\"bb174ca\" data-element_type=\"container\" data-e-type=\"container\">\n\t\t\t\t\t<div class=\"e-con-inner\">\n\t\t\t\t<div class=\"elementor-element elementor-element-c1ddb46 elementor-widget elementor-widget-heading\" data-id=\"c1ddb46\" data-element_type=\"widget\" data-e-type=\"widget\" data-widget_type=\"heading.default\">\n\t\t\t\t<div class=\"elementor-widget-container\">\n\t\t\t\t\t<h2 class=\"elementor-heading-title elementor-size-default\">Kod\u00e1ly-viikon konsertit<\/h2>\t\t\t\t<\/div>\n\t\t\t\t<\/div>\n\t\t\t\t<div class=\"elementor-element elementor-element-ab4d3d7 elementor-widget elementor-widget-text-editor\" data-id=\"ab4d3d7\" data-element_type=\"widget\" data-e-type=\"widget\" data-widget_type=\"text-editor.default\">\n\t\t\t\t<div class=\"elementor-widget-container\">\n\t\t\t\t\t\t\t\t\t<p>Musiikkiesityksist\u00e4 vastaavat It\u00e4-Helsingin musiikkiopiston, Espoon musiikkiopiston, Musiikkiopisto Juvenalian, Nurmij\u00e4rven musiikkiopiston ja Vantaan musiikkiopiston oppilaat ja opettajat.<\/p>\t\t\t\t\t\t\t\t<\/div>\n\t\t\t\t<\/div>\n\t\t\t\t\t<\/div>\n\t\t\t\t<\/div>\n\t\t<div class=\"elementor-element elementor-element-8c33206 e-flex e-con-boxed e-con e-parent\" data-id=\"8c33206\" data-element_type=\"container\" data-e-type=\"container\">\n\t\t\t\t\t<div class=\"e-con-inner\">\n\t\t\t\t<div class=\"elementor-element elementor-element-439b457 elementor-tabs-view-horizontal elementor-widget elementor-widget-tabs\" data-id=\"439b457\" data-element_type=\"widget\" data-e-type=\"widget\" data-widget_type=\"tabs.default\">\n\t\t\t\t<div class=\"elementor-widget-container\">\n\t\t\t\t\t\t\t<div class=\"elementor-tabs\">\n\t\t\t<div class=\"elementor-tabs-wrapper\" role=\"tablist\" >\n\t\t\t\t\t\t\t\t\t<div id=\"elementor-tab-title-7081\" class=\"elementor-tab-title elementor-tab-desktop-title\" aria-selected=\"true\" data-tab=\"1\" role=\"tab\" tabindex=\"0\" aria-controls=\"elementor-tab-content-7081\" aria-expanded=\"false\">5.3. Talven taittuessa<\/div>\n\t\t\t\t\t\t\t\t\t<div id=\"elementor-tab-title-7082\" class=\"elementor-tab-title elementor-tab-desktop-title\" aria-selected=\"false\" data-tab=\"2\" role=\"tab\" tabindex=\"-1\" aria-controls=\"elementor-tab-content-7082\" aria-expanded=\"false\">6.3. Meit\u00e4 on moneksi<\/div>\n\t\t\t\t\t\t\t\t\t<div id=\"elementor-tab-title-7083\" class=\"elementor-tab-title elementor-tab-desktop-title\" aria-selected=\"false\" data-tab=\"3\" role=\"tab\" tabindex=\"-1\" aria-controls=\"elementor-tab-content-7083\" aria-expanded=\"false\">7.3. Barokkikonsertti <\/div>\n\t\t\t\t\t\t\t\t\t<div id=\"elementor-tab-title-7084\" class=\"elementor-tab-title elementor-tab-desktop-title\" aria-selected=\"false\" data-tab=\"4\" role=\"tab\" tabindex=\"-1\" aria-controls=\"elementor-tab-content-7084\" aria-expanded=\"false\">8.3. Musiikki kuuluu kaikille -konsertit<\/div>\n\t\t\t\t\t\t\t\t\t<div id=\"elementor-tab-title-7085\" class=\"elementor-tab-title elementor-tab-desktop-title\" aria-selected=\"false\" data-tab=\"5\" role=\"tab\" tabindex=\"-1\" aria-controls=\"elementor-tab-content-7085\" aria-expanded=\"false\">9.3. Nuoret virtuoosit solisteina <\/div>\n\t\t\t\t\t\t\t\t\t<div id=\"elementor-tab-title-7086\" class=\"elementor-tab-title elementor-tab-desktop-title\" aria-selected=\"false\" data-tab=\"6\" role=\"tab\" tabindex=\"-1\" aria-controls=\"elementor-tab-content-7086\" aria-expanded=\"false\">10.3. Kev\u00e4\u00e4n kynnyksell\u00e4 <\/div>\n\t\t\t\t\t\t\t<\/div>\n\t\t\t<div class=\"elementor-tabs-content-wrapper\" role=\"tablist\" aria-orientation=\"vertical\">\n\t\t\t\t\t\t\t\t\t<div class=\"elementor-tab-title elementor-tab-mobile-title\" aria-selected=\"true\" data-tab=\"1\" role=\"tab\" tabindex=\"0\" aria-controls=\"elementor-tab-content-7081\" aria-expanded=\"false\">5.3. Talven taittuessa<\/div>\n\t\t\t\t\t<div id=\"elementor-tab-content-7081\" class=\"elementor-tab-content elementor-clearfix\" data-tab=\"1\" role=\"tabpanel\" aria-labelledby=\"elementor-tab-title-7081\" tabindex=\"0\" hidden=\"false\"><p>Sunnuntai 5.3.2023 klo 16\u00a0 Talven taittuessa &#8211; Kod\u00e1ly-viikon avajaiskonsertti<\/p><p>Liszt-instituutti &#8211; Unkarin kulttuurikeskus, Kaisaniemenkatu 10, Helsinki<\/p><p><em>Konsertissa esiintyv\u00e4t oppilaat Espoon musiikkiopistosta, It\u00e4-Helsingin musiikkiopistosta,\u00a0 Musiikkiopisto Juvenaliasta ja Nurmij\u00e4rven musiikkiopistosta. Musiikkitervehdyksen Unkarista tuo viulisti Botond T\u00e9gl\u00e1s.<\/em><\/p><p>Voit seurata konserttia <a href=\"https:\/\/youtube.com\/live\/byDXDdWYy-Y\" target=\"_blank\" rel=\"noopener\">IHMOn Youtube-kanavalta<\/a><\/p><\/div>\n\t\t\t\t\t\t\t\t\t<div class=\"elementor-tab-title elementor-tab-mobile-title\" aria-selected=\"false\" data-tab=\"2\" role=\"tab\" tabindex=\"-1\" aria-controls=\"elementor-tab-content-7082\" aria-expanded=\"false\">6.3. Meit\u00e4 on moneksi<\/div>\n\t\t\t\t\t<div id=\"elementor-tab-content-7082\" class=\"elementor-tab-content elementor-clearfix\" data-tab=\"2\" role=\"tabpanel\" aria-labelledby=\"elementor-tab-title-7082\" tabindex=\"0\" hidden=\"hidden\"><p>Maanantai 6.3.2023 klo 19.00 Meit\u00e4 on moneksi -konsertti<\/p><p><span style=\"color: var( --e-global-color-text ); font-family: var( --e-global-typography-text-font-family ), Sans-serif; font-weight: var( --e-global-typography-text-font-weight ); background-color: transparent; font-size: 1rem;\">Sellosali, Soittoniekanaukio 1 A, Espoo<\/span><\/p><p><em>Harmonikka- ja kanteleorkesteri, Sonetti-kuoro It\u00e4-Helsingin musiikkiopistosta sek\u00e4\u00a0 Juvenalian puhallinorkesteri ja Juvenalia-kuoro<\/em><\/p><p>Voit seurata konserttia <a href=\"https:\/\/youtube.com\/live\/9ToA71C98G0?feature=share\" target=\"_blank\" rel=\"noopener\">Musiikkiopisto Juvenalian Youtube-kanvalta.<\/a><\/p><\/div>\n\t\t\t\t\t\t\t\t\t<div class=\"elementor-tab-title elementor-tab-mobile-title\" aria-selected=\"false\" data-tab=\"3\" role=\"tab\" tabindex=\"-1\" aria-controls=\"elementor-tab-content-7083\" aria-expanded=\"false\">7.3. Barokkikonsertti <\/div>\n\t\t\t\t\t<div id=\"elementor-tab-content-7083\" class=\"elementor-tab-content elementor-clearfix\" data-tab=\"3\" role=\"tabpanel\" aria-labelledby=\"elementor-tab-title-7083\" tabindex=\"0\" hidden=\"hidden\"><p>Tiistai 7.3. klo 19.00 Barokkikonsertti<br \/>Nurmij\u00e4rven kirkko, Aleksis Kiven tie 5, Nurmij\u00e4rvi<\/p><p><em>It\u00e4-Helsingin musiikkiopiston ja Nurmij\u00e4rven musiikkiopiston oppilaat ja opettajat musisoivat yhdess\u00e4.\u00a0<\/em><\/p><p><em>Esiintym\u00e4ss\u00e4 Camerata, Helsingin Juniorijouset, IHMOn kitarayhtye, musiikkiopistojen opettajayhtye, Numon kuoro Laulujoutsenet sek\u00e4 IHMOn ja Numon barokkiyhtye.<\/em><\/p><p><em>Ohjelmassa mm. H\u00e4ndel, Vivaldi, Purcell, Telemann<\/em><\/p><p>Voit seurata konserttia <a href=\"https:\/\/youtube.com\/live\/nAktVvbVxI4\" target=\"_blank\" rel=\"noopener\">IHMOn Youtube-kanavalla<\/a>.<\/p><\/div>\n\t\t\t\t\t\t\t\t\t<div class=\"elementor-tab-title elementor-tab-mobile-title\" aria-selected=\"false\" data-tab=\"4\" role=\"tab\" tabindex=\"-1\" aria-controls=\"elementor-tab-content-7084\" aria-expanded=\"false\">8.3. Musiikki kuuluu kaikille -konsertit<\/div>\n\t\t\t\t\t<div id=\"elementor-tab-content-7084\" class=\"elementor-tab-content elementor-clearfix\" data-tab=\"4\" role=\"tabpanel\" aria-labelledby=\"elementor-tab-title-7084\" tabindex=\"0\" hidden=\"hidden\"><p>Keskiviikko 8.3. Musiikki kuuluu kaikille<br \/><br \/><strong>klo 9.45 ja klo 10.30 Lasten musiikkihetki<\/strong> Keskustakirjasto Oodi, T\u00f6\u00f6l\u00f6nlahdenkatu 4<br \/><em>Osallistava lasten lauluhetki. Laulattajina ja leikitt\u00e4jin\u00e4 ovat huilisti ja muskariopettaja Tuuli Ingman ja viulisti, muskariopettaja Maria M\u00e4ntyl\u00e4 It\u00e4-Helsingin musiikkiopistosta. Mukana musisoimassa on my\u00f6s harmonikansoitonopettaja Antti Leinonen oppilaineen It\u00e4-Helsingin musiikkiopistosta.<br \/><br \/><\/em><strong>klo 14.30 Lauluhetki senioreille<\/strong> Musiikkitalo, p\u00e4\u00e4l\u00e4mpi\u00f6<br \/><em>Laulattajina ja esiintyjin\u00e4 huilisti Jaana Laasonen oppilaineen ja pianisti Kaija Hakkila It\u00e4-Helsingin musiikkiopistosta.<\/em><\/p><p><strong>klo 18.15 Pieni alkusoitto<\/strong> <br \/><em>It\u00e4-Helsingin musiikkiopiston ja Vantaan musiikkiopiston klarinetistit esiintyv\u00e4t<\/em><br \/>Musiikkitalo, p\u00e4\u00e4l\u00e4mpi\u00f6, Mannerheimintie 13 A<\/p><\/div>\n\t\t\t\t\t\t\t\t\t<div class=\"elementor-tab-title elementor-tab-mobile-title\" aria-selected=\"false\" data-tab=\"5\" role=\"tab\" tabindex=\"-1\" aria-controls=\"elementor-tab-content-7085\" aria-expanded=\"false\">9.3. Nuoret virtuoosit solisteina <\/div>\n\t\t\t\t\t<div id=\"elementor-tab-content-7085\" class=\"elementor-tab-content elementor-clearfix\" data-tab=\"5\" role=\"tabpanel\" aria-labelledby=\"elementor-tab-title-7085\" tabindex=\"0\" hidden=\"hidden\"><p>Torstai 9.3.2023 klo 19.00 Nuoret virtuoosit solisteina<br \/>Balderin sali, Aleksanterinkatu 12, Helsinki<\/p><p><em>Konsertissa esiintyv\u00e4t jousiorkesterin solisteina nuoret muusikot Espoon musiikkiopistosta, It\u00e4-Helsingin musiikkiopistosta ja Musiikkiopisto Juvenaliasta.<\/em><\/p><p>Voit seurata konserttia <a href=\"https:\/\/youtube.com\/live\/cvsHn46L3tU\" target=\"_blank\" rel=\"noopener\">IHMOn Youtube-kanavalla<\/a><\/p><\/div>\n\t\t\t\t\t\t\t\t\t<div class=\"elementor-tab-title elementor-tab-mobile-title\" aria-selected=\"false\" data-tab=\"6\" role=\"tab\" tabindex=\"-1\" aria-controls=\"elementor-tab-content-7086\" aria-expanded=\"false\">10.3. Kev\u00e4\u00e4n kynnyksell\u00e4 <\/div>\n\t\t\t\t\t<div id=\"elementor-tab-content-7086\" class=\"elementor-tab-content elementor-clearfix\" data-tab=\"6\" role=\"tabpanel\" aria-labelledby=\"elementor-tab-title-7086\" tabindex=\"0\" hidden=\"hidden\"><p>Perjantai 10.3.2023 klo 18.00 Kev\u00e4\u00e4n kynnyksell\u00e4 &#8211; Kod\u00e1ly-viikon p\u00e4\u00e4t\u00f6skonsertti<br \/>It\u00e4-Helsingin musiikkiopisto, Untuvaisentie 10, Helsinki<\/p><p><em>Kod\u00e1ly-viikon p\u00e4\u00e4t\u00f6skonsertissa esiintyv\u00e4t mm. Espoon ja It\u00e4-Helsingin musiikkiopiston nuoret solistit ja It\u00e4-Helsingin musiikkiopiston Viikariorkesteri ja Helsingin Lapsijouset.<\/em><\/p><p>Voit seurata konserttia <a href=\"https:\/\/youtube.com\/live\/DNwSIUMABBg\" target=\"_blank\" rel=\"noopener\">IHMOn Youtube-kanavalla<\/a><\/p><\/div>\n\t\t\t\t\t\t\t<\/div>\n\t\t<\/div>\n\t\t\t\t\t\t<\/div>\n\t\t\t\t<\/div>\n\t\t\t\t\t<\/div>\n\t\t\t\t<\/div>\n\t\t\t\t<\/div>\n\t\t","protected":false},"excerpt":{"rendered":"<p>Kodaly viikko 2023 Edellinen Seuraava 34. Kansainv\u00e4linen Kod\u00e1ly-viikko levitt\u00e4ytyy taas kerran eri puolille p\u00e4\u00e4kaupunkiseutua Musiikki kuuluu kaikille -teeman mukaisesti.\u00a0 Kod\u00e1ly-viikon organisoi It\u00e4-Helsingin musiikkiopisto. Yhteisty\u00f6ss\u00e4 mukana ovat Espoon musiikkiopisto, Musiikkiopisto Juvenalia, Nurmij\u00e4rven musiikkiopisto, Vantaan musiikkiopisto, Helsingin kaupunginorkesteri, Keskustakirjasto Oodi, Musiikkitalo ja Liszt-instituutti, Unkarin kulttuurikeskus Helsinki. Osa festivaaliviikon konserteista striimataan It\u00e4-Helsingin musiikkiopiston YouTube kanavalla. Suora linkki konserttiin [&hellip;]<\/p>\n","protected":false},"author":156753792,"featured_media":0,"parent":683,"menu_order":0,"comment_status":"closed","ping_status":"closed","template":"","meta":{"footnotes":""},"class_list":["post-9220","page","type-page","status-publish","hentry"],"_links":{"self":[{"href":"https:\/\/ihmo.fi\/ihmo\/wp-json\/wp\/v2\/pages\/9220","targetHints":{"allow":["GET"]}}],"collection":[{"href":"https:\/\/ihmo.fi\/ihmo\/wp-json\/wp\/v2\/pages"}],"about":[{"href":"https:\/\/ihmo.fi\/ihmo\/wp-json\/wp\/v2\/types\/page"}],"author":[{"embeddable":true,"href":"https:\/\/ihmo.fi\/ihmo\/wp-json\/wp\/v2\/users\/156753792"}],"replies":[{"embeddable":true,"href":"https:\/\/ihmo.fi\/ihmo\/wp-json\/wp\/v2\/comments?post=9220"}],"version-history":[{"count":95,"href":"https:\/\/ihmo.fi\/ihmo\/wp-json\/wp\/v2\/pages\/9220\/revisions"}],"predecessor-version":[{"id":9688,"href":"https:\/\/ihmo.fi\/ihmo\/wp-json\/wp\/v2\/pages\/9220\/revisions\/9688"}],"up":[{"embeddable":true,"href":"https:\/\/ihmo.fi\/ihmo\/wp-json\/wp\/v2\/pages\/683"}],"wp:attachment":[{"href":"https:\/\/ihmo.fi\/ihmo\/wp-json\/wp\/v2\/media?parent=9220"}],"curies":[{"name":"wp","href":"https:\/\/api.w.org\/{rel}","templated":true}]}}