{"id":9293,"date":"2023-02-16T12:15:09","date_gmt":"2023-02-16T10:15:09","guid":{"rendered":"https:\/\/ihmo.fi\/ihmo\/?page_id=9293"},"modified":"2026-01-21T13:40:13","modified_gmt":"2026-01-21T11:40:13","slug":"opetussuunnitelma","status":"publish","type":"page","link":"https:\/\/ihmo.fi\/ihmo\/opetus\/opetussuunnitelma\/","title":{"rendered":"opetussuunnitelmat"},"content":{"rendered":"\t\t<div data-elementor-type=\"wp-page\" data-elementor-id=\"9293\" class=\"elementor elementor-9293\" data-elementor-post-type=\"page\">\n\t\t\t\t<div class=\"elementor-element elementor-element-2e2e3d2 e-flex e-con-boxed e-con e-parent\" data-id=\"2e2e3d2\" data-element_type=\"container\" data-e-type=\"container\">\n\t\t\t\t\t<div class=\"e-con-inner\">\n\t\t\t\t<div class=\"elementor-element elementor-element-e11baa3 elementor-widget elementor-widget-heading\" data-id=\"e11baa3\" data-element_type=\"widget\" data-e-type=\"widget\" data-widget_type=\"heading.default\">\n\t\t\t\t<div class=\"elementor-widget-container\">\n\t\t\t\t\t<h2 class=\"elementor-heading-title elementor-size-default\">IHMOn opetussuunnitelmat<\/h2>\t\t\t\t<\/div>\n\t\t\t\t<\/div>\n\t\t\t\t<div class=\"elementor-element elementor-element-f4a43d1 elementor-widget elementor-widget-image\" data-id=\"f4a43d1\" data-element_type=\"widget\" data-e-type=\"widget\" data-widget_type=\"image.default\">\n\t\t\t\t<div class=\"elementor-widget-container\">\n\t\t\t\t\t\t\t\t\t\t\t\t\t\t\t<img fetchpriority=\"high\" decoding=\"async\" width=\"300\" height=\"201\" src=\"https:\/\/ihmo.fi\/ihmo\/wp-content\/uploads\/2023\/01\/Sipulius_opettaa_.png\" class=\"attachment-large size-large wp-image-7507\" alt=\"\" srcset=\"https:\/\/ihmo.fi\/ihmo\/wp-content\/uploads\/2023\/01\/Sipulius_opettaa_.png 300w, https:\/\/ihmo.fi\/ihmo\/wp-content\/uploads\/2023\/01\/Sipulius_opettaa_-150x101.png 150w\" sizes=\"(max-width: 300px) 100vw, 300px\" \/>\t\t\t\t\t\t\t\t\t\t\t\t\t\t\t<\/div>\n\t\t\t\t<\/div>\n\t\t\t\t\t<\/div>\n\t\t\t\t<\/div>\n\t\t<div class=\"elementor-element elementor-element-9c93afa e-flex e-con-boxed e-con e-parent\" data-id=\"9c93afa\" data-element_type=\"container\" data-e-type=\"container\">\n\t\t\t\t\t<div class=\"e-con-inner\">\n\t\t\t\t<div class=\"elementor-element elementor-element-39db3ae elementor-widget elementor-widget-text-editor\" data-id=\"39db3ae\" data-element_type=\"widget\" data-e-type=\"widget\" data-widget_type=\"text-editor.default\">\n\t\t\t\t<div class=\"elementor-widget-container\">\n\t\t\t\t\t\t\t\t\t<p style=\"text-align: center;\">IHMOn opetussuunnitelmaan voit tutustua <a href=\"https:\/\/ihmo.fi\/ihmo\/wp-content\/uploads\/2025\/01\/IHMO_opetussuunnitelma_2025.pdf\" target=\"_blank\" rel=\"noopener\">T\u00c4ST\u00c4<\/a><\/p>\t\t\t\t\t\t\t\t<\/div>\n\t\t\t\t<\/div>\n\t\t\t\t\t<\/div>\n\t\t\t\t<\/div>\n\t\t<div class=\"elementor-element elementor-element-1af8eb6 e-flex e-con-boxed e-con e-parent\" data-id=\"1af8eb6\" data-element_type=\"container\" data-e-type=\"container\">\n\t\t\t\t\t<div class=\"e-con-inner\">\n\t\t\t\t<div class=\"elementor-element elementor-element-6143880 elementor-widget elementor-widget-heading\" data-id=\"6143880\" data-element_type=\"widget\" data-e-type=\"widget\" data-widget_type=\"heading.default\">\n\t\t\t\t<div class=\"elementor-widget-container\">\n\t\t\t\t\t<h2 class=\"elementor-heading-title elementor-size-default\">Instrumenttikohtaiset opetussuunnitelmat<\/h2>\t\t\t\t<\/div>\n\t\t\t\t<\/div>\n\t\t\t\t<div class=\"elementor-element elementor-element-e69e0c5 elementor-widget elementor-widget-image\" data-id=\"e69e0c5\" data-element_type=\"widget\" data-e-type=\"widget\" data-widget_type=\"image.default\">\n\t\t\t\t<div class=\"elementor-widget-container\">\n\t\t\t\t\t\t\t\t\t\t\t\t\t\t\t<img decoding=\"async\" src=\"https:\/\/ihmo.fi\/ihmo\/wp-content\/uploads\/elementor\/thumbs\/Kanteleet_musiikkitalossa-q0sqn2d0nk750r06f9b1s6oeityqt2ykdwzea47nr4.jpg\" title=\"Kanteleet_musiikkitalossa\" alt=\"Kanteleet_musiikkitalossa\" loading=\"lazy\" \/>\t\t\t\t\t\t\t\t\t\t\t\t\t\t\t<\/div>\n\t\t\t\t<\/div>\n\t\t\t\t<div class=\"elementor-element elementor-element-1130fb2 elementor-widget elementor-widget-text-editor\" data-id=\"1130fb2\" data-element_type=\"widget\" data-e-type=\"widget\" data-widget_type=\"text-editor.default\">\n\t\t\t\t<div class=\"elementor-widget-container\">\n\t\t\t\t\t\t\t\t\t<p style=\"text-align: center;\">IHMOn instrumenttikohtaiset opetussuunnitelmat l\u00f6yd\u00e4t alta.\u00a0<\/p>\t\t\t\t\t\t\t\t<\/div>\n\t\t\t\t<\/div>\n\t\t\t\t\t<\/div>\n\t\t\t\t<\/div>\n\t\t<div class=\"elementor-element elementor-element-bf7a79d e-flex e-con-boxed e-con e-parent\" data-id=\"bf7a79d\" data-element_type=\"container\" data-e-type=\"container\">\n\t\t\t\t\t<div class=\"e-con-inner\">\n\t\t\t\t<div class=\"elementor-element elementor-element-def3ecd elementor-widget elementor-widget-toggle\" data-id=\"def3ecd\" data-element_type=\"widget\" data-e-type=\"widget\" data-widget_type=\"toggle.default\">\n\t\t\t\t<div class=\"elementor-widget-container\">\n\t\t\t\t\t\t\t<div class=\"elementor-toggle\">\n\t\t\t\t\t\t\t<div class=\"elementor-toggle-item\">\n\t\t\t\t\t<div id=\"elementor-tab-title-2331\" class=\"elementor-tab-title\" data-tab=\"1\" role=\"button\" aria-controls=\"elementor-tab-content-2331\" aria-expanded=\"false\">\n\t\t\t\t\t\t\t\t\t\t\t\t<span class=\"elementor-toggle-icon elementor-toggle-icon-left\" aria-hidden=\"true\">\n\t\t\t\t\t\t\t\t\t\t\t\t\t\t\t<span class=\"elementor-toggle-icon-closed\"><svg class=\"e-font-icon-svg e-fas-caret-right\" viewBox=\"0 0 192 512\" xmlns=\"http:\/\/www.w3.org\/2000\/svg\"><path d=\"M0 384.662V127.338c0-17.818 21.543-26.741 34.142-14.142l128.662 128.662c7.81 7.81 7.81 20.474 0 28.284L34.142 398.804C21.543 411.404 0 402.48 0 384.662z\"><\/path><\/svg><\/span>\n\t\t\t\t\t\t\t\t<span class=\"elementor-toggle-icon-opened\"><svg class=\"elementor-toggle-icon-opened e-font-icon-svg e-fas-caret-up\" viewBox=\"0 0 320 512\" xmlns=\"http:\/\/www.w3.org\/2000\/svg\"><path d=\"M288.662 352H31.338c-17.818 0-26.741-21.543-14.142-34.142l128.662-128.662c7.81-7.81 20.474-7.81 28.284 0l128.662 128.662c12.6 12.599 3.676 34.142-14.142 34.142z\"><\/path><\/svg><\/span>\n\t\t\t\t\t\t\t\t\t\t\t\t\t<\/span>\n\t\t\t\t\t\t\t\t\t\t\t\t<a class=\"elementor-toggle-title\" tabindex=\"0\">Jousisoittimet<\/a>\n\t\t\t\t\t<\/div>\n\n\t\t\t\t\t<div id=\"elementor-tab-content-2331\" class=\"elementor-tab-content elementor-clearfix\" data-tab=\"1\" role=\"region\" aria-labelledby=\"elementor-tab-title-2331\"><p><!-- Viulu --><\/p><table><tbody><tr><td width=\"50%\"><h1 style=\"color: #f1c85a; text-align: center; font-family: manjari;\">Viulu<\/h1><p style=\"text-align: center; margin-left: 20px; margin-right: 20px;\"><a href=\"https:\/\/ihmo.fi\/ihmo\/wp-content\/uploads\/2025\/09\/Viulu-Aineops_25.pdf\">Viulun ainekohtainen opetussuunnitelma<\/a><\/p><\/td><td width=\"50%\"><h1 style=\"color: #f1c85a; text-align: center; font-family: manjari;\">Alttoviulu<\/h1><p style=\"text-align: center; margin-left: 20px; margin-right: 20px;\"><a href=\"https:\/\/ihmo.fi\/ihmo\/wp-content\/uploads\/2025\/09\/Alttoviulu.Aineops_25.pdf\">Alttoviulun ainekohtainen opetussuunnitelma<\/a><\/p><\/td><\/tr><tr><td width=\"50%\"><h1 style=\"color: #f1c85a; text-align: center; font-family: manjari;\">Sello<\/h1><p style=\"text-align: center; margin-left: 20px; margin-right: 20px;\"><a href=\"https:\/\/ihmo.fi\/ihmo\/wp-content\/uploads\/2025\/09\/Sello.Aineops_25.pdf\">Sellon ainekohtainen opetussuunnitelma<\/a><\/p><\/td><td width=\"50%\"><h1 style=\"color: #f1c85a; text-align: center; font-family: manjari;\">Kontrabasso<\/h1><p style=\"text-align: center; margin-left: 20px; margin-right: 20px;\"><a href=\"https:\/\/ihmo.fi\/ihmo\/wp-content\/uploads\/2025\/09\/Kontrabasso.Aineops_25.pdf\">Kontrabasson ainekohtainen opetussuunnitelma<\/a><\/p><\/td><\/tr><\/tbody><\/table><\/div>\n\t\t\t\t<\/div>\n\t\t\t\t\t\t\t<div class=\"elementor-toggle-item\">\n\t\t\t\t\t<div id=\"elementor-tab-title-2332\" class=\"elementor-tab-title\" data-tab=\"2\" role=\"button\" aria-controls=\"elementor-tab-content-2332\" aria-expanded=\"false\">\n\t\t\t\t\t\t\t\t\t\t\t\t<span class=\"elementor-toggle-icon elementor-toggle-icon-left\" aria-hidden=\"true\">\n\t\t\t\t\t\t\t\t\t\t\t\t\t\t\t<span class=\"elementor-toggle-icon-closed\"><svg class=\"e-font-icon-svg e-fas-caret-right\" viewBox=\"0 0 192 512\" xmlns=\"http:\/\/www.w3.org\/2000\/svg\"><path d=\"M0 384.662V127.338c0-17.818 21.543-26.741 34.142-14.142l128.662 128.662c7.81 7.81 7.81 20.474 0 28.284L34.142 398.804C21.543 411.404 0 402.48 0 384.662z\"><\/path><\/svg><\/span>\n\t\t\t\t\t\t\t\t<span class=\"elementor-toggle-icon-opened\"><svg class=\"elementor-toggle-icon-opened e-font-icon-svg e-fas-caret-up\" viewBox=\"0 0 320 512\" xmlns=\"http:\/\/www.w3.org\/2000\/svg\"><path d=\"M288.662 352H31.338c-17.818 0-26.741-21.543-14.142-34.142l128.662-128.662c7.81-7.81 20.474-7.81 28.284 0l128.662 128.662c12.6 12.599 3.676 34.142-14.142 34.142z\"><\/path><\/svg><\/span>\n\t\t\t\t\t\t\t\t\t\t\t\t\t<\/span>\n\t\t\t\t\t\t\t\t\t\t\t\t<a class=\"elementor-toggle-title\" tabindex=\"0\">Puupuhallinsoittimet<\/a>\n\t\t\t\t\t<\/div>\n\n\t\t\t\t\t<div id=\"elementor-tab-content-2332\" class=\"elementor-tab-content elementor-clearfix\" data-tab=\"2\" role=\"region\" aria-labelledby=\"elementor-tab-title-2332\"><p><!-- Viulu --><\/p><table><tbody><tr><td width=\"50%\"><h1 style=\"color: #f1c85a; text-align: center; font-family: manjari;\">Fagotti<\/h1><p style=\"text-align: center; margin-left: 20px; margin-right: 20px;\"><a href=\"https:\/\/ihmo.fi\/ihmo\/wp-content\/uploads\/2025\/09\/Fagotti.OPS_25.pdf\">Fagotin ainekohtainen opetussuunnitelma<\/a><\/p><\/td><td width=\"50%\"><h1 style=\"color: #f1c85a; text-align: center; font-family: manjari;\">Huilu<\/h1><p style=\"text-align: center; margin-left: 20px; margin-right: 20px;\"><a href=\"https:\/\/ihmo.fi\/ihmo\/wp-content\/uploads\/2025\/09\/Huilu_aineops_25.pdf\">Huilun ainekohtainen opetussuunnitelma<\/a><\/p><\/td><\/tr><tr><td width=\"50%\"><h1 style=\"color: #f1c85a; text-align: center; font-family: manjari;\">Klarinetti<\/h1><p style=\"text-align: center; margin-left: 20px; margin-right: 20px;\"><a href=\"https:\/\/ihmo.fi\/ihmo\/wp-content\/uploads\/2025\/09\/Klarinetti.Aineops_25.pdf\">Klarinetin ainekohtainen opetussuunnitelma<\/a><\/p><\/td><td width=\"50%\"><h1 style=\"color: #f1c85a; text-align: center; font-family: manjari;\">Oboe<\/h1><p style=\"text-align: center; margin-left: 20px; margin-right: 20px;\"><a href=\"https:\/\/ihmo.fi\/ihmo\/wp-content\/uploads\/2025\/09\/Oboe.Aineops_25.pdf\">Oboen ainekohtainen opetussuunnitelma<\/a><\/p><\/td><\/tr><tr><td width=\"50%\"><h1 style=\"color: #f1c85a; text-align: center; font-family: manjari;\">Nokkahuilu<\/h1><p style=\"text-align: center; margin-left: 20px; margin-right: 20px;\"><a href=\"https:\/\/ihmo.fi\/ihmo\/wp-content\/uploads\/2025\/09\/Nokkahuilu.Aineops_25.pdf\">Nokkahuilun ainekohtainen opetussuunnitelma<\/a><\/p><\/td><td width=\"50%\"><h1 style=\"color: #f1c85a; text-align: center; font-family: manjari;\">Saksofoni<\/h1><p style=\"text-align: center; margin-left: 20px; margin-right: 20px;\"><a href=\"https:\/\/ihmo.fi\/ihmo\/wp-content\/uploads\/2025\/09\/saksofoni_OPS_25.pdf\">Saksofonin ainekohtainen opetussuunnitelma<\/a><\/p><\/td><\/tr><\/tbody><\/table><\/div>\n\t\t\t\t<\/div>\n\t\t\t\t\t\t\t<div class=\"elementor-toggle-item\">\n\t\t\t\t\t<div id=\"elementor-tab-title-2333\" class=\"elementor-tab-title\" data-tab=\"3\" role=\"button\" aria-controls=\"elementor-tab-content-2333\" aria-expanded=\"false\">\n\t\t\t\t\t\t\t\t\t\t\t\t<span class=\"elementor-toggle-icon elementor-toggle-icon-left\" aria-hidden=\"true\">\n\t\t\t\t\t\t\t\t\t\t\t\t\t\t\t<span class=\"elementor-toggle-icon-closed\"><svg class=\"e-font-icon-svg e-fas-caret-right\" viewBox=\"0 0 192 512\" xmlns=\"http:\/\/www.w3.org\/2000\/svg\"><path d=\"M0 384.662V127.338c0-17.818 21.543-26.741 34.142-14.142l128.662 128.662c7.81 7.81 7.81 20.474 0 28.284L34.142 398.804C21.543 411.404 0 402.48 0 384.662z\"><\/path><\/svg><\/span>\n\t\t\t\t\t\t\t\t<span class=\"elementor-toggle-icon-opened\"><svg class=\"elementor-toggle-icon-opened e-font-icon-svg e-fas-caret-up\" viewBox=\"0 0 320 512\" xmlns=\"http:\/\/www.w3.org\/2000\/svg\"><path d=\"M288.662 352H31.338c-17.818 0-26.741-21.543-14.142-34.142l128.662-128.662c7.81-7.81 20.474-7.81 28.284 0l128.662 128.662c12.6 12.599 3.676 34.142-14.142 34.142z\"><\/path><\/svg><\/span>\n\t\t\t\t\t\t\t\t\t\t\t\t\t<\/span>\n\t\t\t\t\t\t\t\t\t\t\t\t<a class=\"elementor-toggle-title\" tabindex=\"0\">Vaskipuhallinsoittimet<\/a>\n\t\t\t\t\t<\/div>\n\n\t\t\t\t\t<div id=\"elementor-tab-content-2333\" class=\"elementor-tab-content elementor-clearfix\" data-tab=\"3\" role=\"region\" aria-labelledby=\"elementor-tab-title-2333\"><p><!-- Viulu --><\/p><table><tbody><tr><td width=\"50%\"><h1 style=\"color: #f1c85a; text-align: center; font-family: manjari;\">K\u00e4yr\u00e4torvi<\/h1><p style=\"text-align: center; margin-left: 20px; margin-right: 20px;\"><a href=\"https:\/\/ihmo.fi\/ihmo\/wp-content\/uploads\/2025\/09\/Aineops-kayratorvi_25.pdf\" target=\"_blank\" rel=\"noopener\">K\u00e4yr\u00e4torven ainekohtainen opetussuunnitelma<\/a><\/p><\/td><td width=\"50%\"><h1 style=\"color: #f1c85a; text-align: center; font-family: manjari;\">Pasuuna<\/h1><p style=\"text-align: center; margin-left: 20px; margin-right: 20px;\"><a href=\"https:\/\/ihmo.fi\/ihmo\/wp-content\/uploads\/2025\/09\/pasuuna.Aineops_25.pdf\" target=\"_blank\" rel=\"noopener\">Pasuunan ainekohtainen opetussuunnitelma<\/a><\/p><\/td><\/tr><tr><td width=\"50%\"><h1 style=\"color: #f1c85a; text-align: center; font-family: manjari;\">Tenoritorvi<\/h1><p style=\"text-align: center; margin-left: 20px; margin-right: 20px;\"><a href=\"https:\/\/ihmo.fi\/ihmo\/wp-content\/uploads\/2025\/09\/Tenoritorvi-aineops_25.pdf\" target=\"_blank\" rel=\"noopener\">Tenoritorven ainekohtainen opetussuunnitelma<\/a><\/p><\/td><td width=\"50%\"><h1 style=\"color: #f1c85a; text-align: center; font-family: manjari;\">Trumpetti<\/h1><p style=\"text-align: center; margin-left: 20px; margin-right: 20px;\"><a href=\"https:\/\/ihmo.fi\/ihmo\/wp-content\/uploads\/2025\/09\/Trumpetti.Aineops_25.pdf\" target=\"_blank\" rel=\"noopener\">Trumpetin ainekohtainen opetussuunnitelma<\/a><\/p><\/td><\/tr><tr><td width=\"50%\"><h1 style=\"color: #f1c85a; text-align: center; font-family: manjari;\">Tuuba<\/h1><p style=\"text-align: center; margin-left: 20px; margin-right: 20px;\"><a href=\"https:\/\/ihmo.fi\/ihmo\/wp-content\/uploads\/2025\/09\/Tuuba.-OPS_25.pdf\" target=\"_blank\" rel=\"noopener\">Tuuban ainekohtainen opetussuunnitelma<\/a><\/p><\/td><td width=\"50%\"><h1 style=\"color: #f1c85a; text-align: center; font-family: manjari;\">Baritonitorvi<\/h1><p style=\"text-align: center; margin-left: 20px; margin-right: 20px;\">Baritonitorven ainekohtainen opetussuunnitelma<\/p><\/td><\/tr><\/tbody><\/table><\/div>\n\t\t\t\t<\/div>\n\t\t\t\t\t\t\t<div class=\"elementor-toggle-item\">\n\t\t\t\t\t<div id=\"elementor-tab-title-2334\" class=\"elementor-tab-title\" data-tab=\"4\" role=\"button\" aria-controls=\"elementor-tab-content-2334\" aria-expanded=\"false\">\n\t\t\t\t\t\t\t\t\t\t\t\t<span class=\"elementor-toggle-icon elementor-toggle-icon-left\" aria-hidden=\"true\">\n\t\t\t\t\t\t\t\t\t\t\t\t\t\t\t<span class=\"elementor-toggle-icon-closed\"><svg class=\"e-font-icon-svg e-fas-caret-right\" viewBox=\"0 0 192 512\" xmlns=\"http:\/\/www.w3.org\/2000\/svg\"><path d=\"M0 384.662V127.338c0-17.818 21.543-26.741 34.142-14.142l128.662 128.662c7.81 7.81 7.81 20.474 0 28.284L34.142 398.804C21.543 411.404 0 402.48 0 384.662z\"><\/path><\/svg><\/span>\n\t\t\t\t\t\t\t\t<span class=\"elementor-toggle-icon-opened\"><svg class=\"elementor-toggle-icon-opened e-font-icon-svg e-fas-caret-up\" viewBox=\"0 0 320 512\" xmlns=\"http:\/\/www.w3.org\/2000\/svg\"><path d=\"M288.662 352H31.338c-17.818 0-26.741-21.543-14.142-34.142l128.662-128.662c7.81-7.81 20.474-7.81 28.284 0l128.662 128.662c12.6 12.599 3.676 34.142-14.142 34.142z\"><\/path><\/svg><\/span>\n\t\t\t\t\t\t\t\t\t\t\t\t\t<\/span>\n\t\t\t\t\t\t\t\t\t\t\t\t<a class=\"elementor-toggle-title\" tabindex=\"0\">Harmoniasoittimet<\/a>\n\t\t\t\t\t<\/div>\n\n\t\t\t\t\t<div id=\"elementor-tab-content-2334\" class=\"elementor-tab-content elementor-clearfix\" data-tab=\"4\" role=\"region\" aria-labelledby=\"elementor-tab-title-2334\"><p><!-- Viulu --><\/p><table><tbody><tr><td width=\"50%\"><h1 style=\"color: #f1c85a; text-align: center; font-family: manjari;\">Piano<\/h1><p style=\"text-align: center; margin-left: 20px; margin-right: 20px;\"><a href=\"https:\/\/ihmo.fi\/ihmo\/wp-content\/uploads\/2025\/09\/Piano.Aineops_25.pdf\" target=\"_blank\" rel=\"noopener\">Pianon ainekohtainen opetussuunnitelma<\/a><\/p><\/td><td width=\"50%\"><h1 style=\"color: #f1c85a; text-align: center; font-family: manjari;\">Kitara<\/h1><p style=\"text-align: center; margin-left: 20px; margin-right: 20px;\"><a href=\"https:\/\/ihmo.fi\/ihmo\/wp-content\/uploads\/2025\/09\/Kitara_ops_25.pdf\" target=\"_blank\" rel=\"noopener\">Kitaran ainekohtainen opetussuunnitelma<\/a><\/p><\/td><\/tr><tr><td width=\"50%\"><h1 style=\"color: #f1c85a; text-align: center; font-family: manjari;\">Harmonikka<\/h1><p style=\"text-align: center; margin-left: 20px; margin-right: 20px;\"><a href=\"https:\/\/ihmo.fi\/ihmo\/wp-content\/uploads\/2025\/09\/Harmonikka-Aineops_25.pdf\" target=\"_blank\" rel=\"noopener\">Harmonikan ainekohtainen opetussuunnitelma<\/a><\/p><\/td><td width=\"50%\"><h1 style=\"color: #f1c85a; text-align: center; font-family: manjari;\">Kantele<\/h1><p style=\"text-align: center; margin-left: 20px; margin-right: 20px;\"><a href=\"https:\/\/ihmo.fi\/ihmo\/wp-content\/uploads\/2025\/09\/Kantele-Aineops_25.pdf\" target=\"_blank\" rel=\"noopener\">Kanteleen ainekohtainen opetussuunnitelma<\/a><\/p><\/td><\/tr><\/tbody><\/table><\/div>\n\t\t\t\t<\/div>\n\t\t\t\t\t\t\t<div class=\"elementor-toggle-item\">\n\t\t\t\t\t<div id=\"elementor-tab-title-2335\" class=\"elementor-tab-title\" data-tab=\"5\" role=\"button\" aria-controls=\"elementor-tab-content-2335\" aria-expanded=\"false\">\n\t\t\t\t\t\t\t\t\t\t\t\t<span class=\"elementor-toggle-icon elementor-toggle-icon-left\" aria-hidden=\"true\">\n\t\t\t\t\t\t\t\t\t\t\t\t\t\t\t<span class=\"elementor-toggle-icon-closed\"><svg class=\"e-font-icon-svg e-fas-caret-right\" viewBox=\"0 0 192 512\" xmlns=\"http:\/\/www.w3.org\/2000\/svg\"><path d=\"M0 384.662V127.338c0-17.818 21.543-26.741 34.142-14.142l128.662 128.662c7.81 7.81 7.81 20.474 0 28.284L34.142 398.804C21.543 411.404 0 402.48 0 384.662z\"><\/path><\/svg><\/span>\n\t\t\t\t\t\t\t\t<span class=\"elementor-toggle-icon-opened\"><svg class=\"elementor-toggle-icon-opened e-font-icon-svg e-fas-caret-up\" viewBox=\"0 0 320 512\" xmlns=\"http:\/\/www.w3.org\/2000\/svg\"><path d=\"M288.662 352H31.338c-17.818 0-26.741-21.543-14.142-34.142l128.662-128.662c7.81-7.81 20.474-7.81 28.284 0l128.662 128.662c12.6 12.599 3.676 34.142-14.142 34.142z\"><\/path><\/svg><\/span>\n\t\t\t\t\t\t\t\t\t\t\t\t\t<\/span>\n\t\t\t\t\t\t\t\t\t\t\t\t<a class=\"elementor-toggle-title\" tabindex=\"0\">Ly\u00f6m\u00e4soittimet<\/a>\n\t\t\t\t\t<\/div>\n\n\t\t\t\t\t<div id=\"elementor-tab-content-2335\" class=\"elementor-tab-content elementor-clearfix\" data-tab=\"5\" role=\"region\" aria-labelledby=\"elementor-tab-title-2335\"><table><tbody><tr><td width=\"50%\"><h1 style=\"color: #f1c85a; text-align: center; font-family: manjari;\">Ly\u00f6m\u00e4soittimet<\/h1><p style=\"text-align: center; margin-left: 20px; margin-right: 20px;\"><a href=\"https:\/\/ihmo.fi\/ihmo\/wp-content\/uploads\/2026\/01\/Lyomasoittimet_ops_2025.pdf\">Ly\u00f6m\u00e4soitinten ainekohtainen opetussuunnitelma<\/a><\/p><\/td><\/tr><\/tbody><\/table><\/div>\n\t\t\t\t<\/div>\n\t\t\t\t\t\t\t<div class=\"elementor-toggle-item\">\n\t\t\t\t\t<div id=\"elementor-tab-title-2336\" class=\"elementor-tab-title\" data-tab=\"6\" role=\"button\" aria-controls=\"elementor-tab-content-2336\" aria-expanded=\"false\">\n\t\t\t\t\t\t\t\t\t\t\t\t<span class=\"elementor-toggle-icon elementor-toggle-icon-left\" aria-hidden=\"true\">\n\t\t\t\t\t\t\t\t\t\t\t\t\t\t\t<span class=\"elementor-toggle-icon-closed\"><svg class=\"e-font-icon-svg e-fas-caret-right\" viewBox=\"0 0 192 512\" xmlns=\"http:\/\/www.w3.org\/2000\/svg\"><path d=\"M0 384.662V127.338c0-17.818 21.543-26.741 34.142-14.142l128.662 128.662c7.81 7.81 7.81 20.474 0 28.284L34.142 398.804C21.543 411.404 0 402.48 0 384.662z\"><\/path><\/svg><\/span>\n\t\t\t\t\t\t\t\t<span class=\"elementor-toggle-icon-opened\"><svg class=\"elementor-toggle-icon-opened e-font-icon-svg e-fas-caret-up\" viewBox=\"0 0 320 512\" xmlns=\"http:\/\/www.w3.org\/2000\/svg\"><path d=\"M288.662 352H31.338c-17.818 0-26.741-21.543-14.142-34.142l128.662-128.662c7.81-7.81 20.474-7.81 28.284 0l128.662 128.662c12.6 12.599 3.676 34.142-14.142 34.142z\"><\/path><\/svg><\/span>\n\t\t\t\t\t\t\t\t\t\t\t\t\t<\/span>\n\t\t\t\t\t\t\t\t\t\t\t\t<a class=\"elementor-toggle-title\" tabindex=\"0\">Laulu<\/a>\n\t\t\t\t\t<\/div>\n\n\t\t\t\t\t<div id=\"elementor-tab-content-2336\" class=\"elementor-tab-content elementor-clearfix\" data-tab=\"6\" role=\"region\" aria-labelledby=\"elementor-tab-title-2336\"><table><tbody><tr><td width=\"50%\"><h1 style=\"color: #f1c85a; text-align: center; font-family: manjari;\">Laulu<\/h1><p style=\"text-align: center; margin-left: 20px; margin-right: 20px;\"><a href=\"https:\/\/ihmo.fi\/ihmo\/wp-content\/uploads\/2025\/09\/Yksinlaulu.OPS_25.pdf\" target=\"_blank\" rel=\"noopener\">Yksinlaulun ainekohtainen opetussuunnitelma<\/a><\/p><\/td><\/tr><\/tbody><\/table><\/div>\n\t\t\t\t<\/div>\n\t\t\t\t\t\t\t<div class=\"elementor-toggle-item\">\n\t\t\t\t\t<div id=\"elementor-tab-title-2337\" class=\"elementor-tab-title\" data-tab=\"7\" role=\"button\" aria-controls=\"elementor-tab-content-2337\" aria-expanded=\"false\">\n\t\t\t\t\t\t\t\t\t\t\t\t<span class=\"elementor-toggle-icon elementor-toggle-icon-left\" aria-hidden=\"true\">\n\t\t\t\t\t\t\t\t\t\t\t\t\t\t\t<span class=\"elementor-toggle-icon-closed\"><svg class=\"e-font-icon-svg e-fas-caret-right\" viewBox=\"0 0 192 512\" xmlns=\"http:\/\/www.w3.org\/2000\/svg\"><path d=\"M0 384.662V127.338c0-17.818 21.543-26.741 34.142-14.142l128.662 128.662c7.81 7.81 7.81 20.474 0 28.284L34.142 398.804C21.543 411.404 0 402.48 0 384.662z\"><\/path><\/svg><\/span>\n\t\t\t\t\t\t\t\t<span class=\"elementor-toggle-icon-opened\"><svg class=\"elementor-toggle-icon-opened e-font-icon-svg e-fas-caret-up\" viewBox=\"0 0 320 512\" xmlns=\"http:\/\/www.w3.org\/2000\/svg\"><path d=\"M288.662 352H31.338c-17.818 0-26.741-21.543-14.142-34.142l128.662-128.662c7.81-7.81 20.474-7.81 28.284 0l128.662 128.662c12.6 12.599 3.676 34.142-14.142 34.142z\"><\/path><\/svg><\/span>\n\t\t\t\t\t\t\t\t\t\t\t\t\t<\/span>\n\t\t\t\t\t\t\t\t\t\t\t\t<a class=\"elementor-toggle-title\" tabindex=\"0\">Muskari<\/a>\n\t\t\t\t\t<\/div>\n\n\t\t\t\t\t<div id=\"elementor-tab-content-2337\" class=\"elementor-tab-content elementor-clearfix\" data-tab=\"7\" role=\"region\" aria-labelledby=\"elementor-tab-title-2337\"><table><tbody><tr><td width=\"50%\"><h1 style=\"color: #f1c85a; text-align: center; font-family: manjari;\">Muskari<\/h1><p style=\"text-align: center; margin-left: 20px; margin-right: 20px;\"><a href=\"https:\/\/ihmo.fi\/ihmo\/wp-content\/uploads\/2023\/02\/Vamo.aineOPS.2022.pdf\">Muskarin ainekohtainen opetussuunnitelma<\/a><\/p><\/td><\/tr><\/tbody><\/table><\/div>\n\t\t\t\t<\/div>\n\t\t\t\t\t\t\t\t<\/div>\n\t\t\t\t\t\t<\/div>\n\t\t\t\t<\/div>\n\t\t\t\t\t<\/div>\n\t\t\t\t<\/div>\n\t\t\t\t<\/div>\n\t\t","protected":false},"excerpt":{"rendered":"<p>IHMOn opetussuunnitelmat IHMOn opetussuunnitelmaan voit tutustua T\u00c4ST\u00c4 Instrumenttikohtaiset opetussuunnitelmat IHMOn instrumenttikohtaiset opetussuunnitelmat l\u00f6yd\u00e4t alta.\u00a0 Jousisoittimet Viulu Viulun ainekohtainen opetussuunnitelma Alttoviulu Alttoviulun ainekohtainen opetussuunnitelma Sello Sellon ainekohtainen opetussuunnitelma Kontrabasso Kontrabasson ainekohtainen opetussuunnitelma Puupuhallinsoittimet Fagotti Fagotin ainekohtainen opetussuunnitelma Huilu Huilun ainekohtainen opetussuunnitelma Klarinetti Klarinetin ainekohtainen opetussuunnitelma Oboe Oboen ainekohtainen opetussuunnitelma Nokkahuilu Nokkahuilun ainekohtainen opetussuunnitelma Saksofoni Saksofonin ainekohtainen [&hellip;]<\/p>\n","protected":false},"author":156753792,"featured_media":0,"parent":686,"menu_order":0,"comment_status":"closed","ping_status":"closed","template":"","meta":{"footnotes":""},"class_list":["post-9293","page","type-page","status-publish","hentry"],"_links":{"self":[{"href":"https:\/\/ihmo.fi\/ihmo\/wp-json\/wp\/v2\/pages\/9293","targetHints":{"allow":["GET"]}}],"collection":[{"href":"https:\/\/ihmo.fi\/ihmo\/wp-json\/wp\/v2\/pages"}],"about":[{"href":"https:\/\/ihmo.fi\/ihmo\/wp-json\/wp\/v2\/types\/page"}],"author":[{"embeddable":true,"href":"https:\/\/ihmo.fi\/ihmo\/wp-json\/wp\/v2\/users\/156753792"}],"replies":[{"embeddable":true,"href":"https:\/\/ihmo.fi\/ihmo\/wp-json\/wp\/v2\/comments?post=9293"}],"version-history":[{"count":134,"href":"https:\/\/ihmo.fi\/ihmo\/wp-json\/wp\/v2\/pages\/9293\/revisions"}],"predecessor-version":[{"id":18654,"href":"https:\/\/ihmo.fi\/ihmo\/wp-json\/wp\/v2\/pages\/9293\/revisions\/18654"}],"up":[{"embeddable":true,"href":"https:\/\/ihmo.fi\/ihmo\/wp-json\/wp\/v2\/pages\/686"}],"wp:attachment":[{"href":"https:\/\/ihmo.fi\/ihmo\/wp-json\/wp\/v2\/media?parent=9293"}],"curies":[{"name":"wp","href":"https:\/\/api.w.org\/{rel}","templated":true}]}}