{"id":9404,"date":"2023-02-16T15:24:27","date_gmt":"2023-02-16T13:24:27","guid":{"rendered":"https:\/\/ihmo.fi\/ihmo\/?page_id=9404"},"modified":"2025-11-19T09:10:04","modified_gmt":"2025-11-19T07:10:04","slug":"loytotavarat","status":"publish","type":"page","link":"https:\/\/ihmo.fi\/ihmo\/ajankohtaista-2\/loytotavarat\/","title":{"rendered":"L\u00f6yt\u00f6tavarat"},"content":{"rendered":"\t\t<div data-elementor-type=\"wp-page\" data-elementor-id=\"9404\" class=\"elementor elementor-9404\" data-elementor-post-type=\"page\">\n\t\t\t\t<div class=\"elementor-element elementor-element-088037b e-flex e-con-boxed e-con e-parent\" data-id=\"088037b\" data-element_type=\"container\" data-e-type=\"container\">\n\t\t\t\t\t<div class=\"e-con-inner\">\n\t\t\t\t<div class=\"elementor-element elementor-element-569d5a4 elementor-widget elementor-widget-heading\" data-id=\"569d5a4\" data-element_type=\"widget\" data-e-type=\"widget\" data-widget_type=\"heading.default\">\n\t\t\t\t<div class=\"elementor-widget-container\">\n\t\t\t\t\t<h2 class=\"elementor-heading-title elementor-size-default\">L\u00f6yt\u00f6tavarat<\/h2>\t\t\t\t<\/div>\n\t\t\t\t<\/div>\n\t\t\t\t\t<\/div>\n\t\t\t\t<\/div>\n\t\t<div class=\"elementor-element elementor-element-c5acf7b e-flex e-con-boxed e-con e-parent\" data-id=\"c5acf7b\" data-element_type=\"container\" data-e-type=\"container\">\n\t\t\t\t\t<div class=\"e-con-inner\">\n\t\t\t\t<div class=\"elementor-element elementor-element-c63a1e9 elementor-widget elementor-widget-text-editor\" data-id=\"c63a1e9\" data-element_type=\"widget\" data-e-type=\"widget\" data-widget_type=\"text-editor.default\">\n\t\t\t\t<div class=\"elementor-widget-container\">\n\t\t\t\t\t\t\t\t\t<p>Onko takki tai hanskat hukassa? Ei h\u00e4t\u00e4\u00e4!<\/p><p>IHMOn Str\u00f6msin toimipisteen l\u00f6yt\u00f6tavaroita voit katsella <a href=\"https:\/\/ihmo-my.sharepoint.com\/:f:\/g\/personal\/opistomestari_ihmo_fi\/Equ1tW-tFo1DqqXQ_95LLHEBeuL3kRj8LuRfd_cgRFArXw?e=UXiv0t\">T\u00c4\u00c4LT\u00c4<\/a><\/p>\t\t\t\t\t\t\t\t<\/div>\n\t\t\t\t<\/div>\n\t\t\t\t\t<\/div>\n\t\t\t\t<\/div>\n\t\t\t\t<\/div>\n\t\t","protected":false},"excerpt":{"rendered":"<p>L\u00f6yt\u00f6tavarat Onko takki tai hanskat hukassa? Ei h\u00e4t\u00e4\u00e4! IHMOn Str\u00f6msin toimipisteen l\u00f6yt\u00f6tavaroita voit katsella T\u00c4\u00c4LT\u00c4<\/p>\n","protected":false},"author":156753792,"featured_media":0,"parent":683,"menu_order":0,"comment_status":"closed","ping_status":"closed","template":"","meta":{"footnotes":""},"class_list":["post-9404","page","type-page","status-publish","hentry"],"_links":{"self":[{"href":"https:\/\/ihmo.fi\/ihmo\/wp-json\/wp\/v2\/pages\/9404","targetHints":{"allow":["GET"]}}],"collection":[{"href":"https:\/\/ihmo.fi\/ihmo\/wp-json\/wp\/v2\/pages"}],"about":[{"href":"https:\/\/ihmo.fi\/ihmo\/wp-json\/wp\/v2\/types\/page"}],"author":[{"embeddable":true,"href":"https:\/\/ihmo.fi\/ihmo\/wp-json\/wp\/v2\/users\/156753792"}],"replies":[{"embeddable":true,"href":"https:\/\/ihmo.fi\/ihmo\/wp-json\/wp\/v2\/comments?post=9404"}],"version-history":[{"count":13,"href":"https:\/\/ihmo.fi\/ihmo\/wp-json\/wp\/v2\/pages\/9404\/revisions"}],"predecessor-version":[{"id":18227,"href":"https:\/\/ihmo.fi\/ihmo\/wp-json\/wp\/v2\/pages\/9404\/revisions\/18227"}],"up":[{"embeddable":true,"href":"https:\/\/ihmo.fi\/ihmo\/wp-json\/wp\/v2\/pages\/683"}],"wp:attachment":[{"href":"https:\/\/ihmo.fi\/ihmo\/wp-json\/wp\/v2\/media?parent=9404"}],"curies":[{"name":"wp","href":"https:\/\/api.w.org\/{rel}","templated":true}]}}